{"id":752,"date":"2024-03-06T16:16:02","date_gmt":"2024-03-06T15:16:02","guid":{"rendered":"https:\/\/nostalgie2000s.wordpress.com\/?page_id=752"},"modified":"2025-02-06T11:25:55","modified_gmt":"2025-02-06T10:25:55","slug":"actualizee","status":"publish","type":"page","link":"https:\/\/nostalgie2000s.com\/index.php\/magazines\/actualizee\/","title":{"rendered":"ActuAliz\u00e9e"},"content":{"rendered":"\n<figure class=\"wp-block-image is-resized\"><img decoding=\"async\" src=\"https:\/\/nostalgie2000s.com\/wp-content\/uploads\/2024\/10\/actualizee-banniere.jpg\" alt=\"\" style=\"width:838px;height:auto\"\/><\/figure>\n\n\n\n<div style=\"height:26px\" aria-hidden=\"true\" class=\"wp-block-spacer\"><\/div>\n\n\n\n<p>Bienvenue dans l&rsquo;univers d&rsquo;<strong>ActuAliz\u00e9e<\/strong>, le fanzine culte des fans de la chanteuse <strong>Aliz\u00e9e<\/strong> entre 2002 et 2005 ! Enti\u00e8rement d\u00e9di\u00e9 \u00e0 la carri\u00e8re de cette ic\u00f4ne pop des ann\u00e9es 2000, <strong>ActuAliz\u00e9e<\/strong> nous plongeait dans son quotidien, ses projets, et ses moments de gloire, avec des articles exclusifs, des interviews, et des photos rares. Chaque num\u00e9ro \u00e9tait un v\u00e9ritable tr\u00e9sor pour les fans inconditionnels, un lien direct avec leur idole \u00e0 travers des contenus exclusifs et passionnants.<\/p>\n\n\n\n<p>Pour ceux qui explorent ces archives, vous trouverez en <strong>noir<\/strong> les magazines d\u00e9j\u00e0 en possession de la collection, et en <strong><span style=\"color: red;\">rouge<\/span><\/strong> ceux qui me manquent encore.<\/p>\n\n\n\n<div style=\"height:33px\" aria-hidden=\"true\" class=\"wp-block-spacer\"><\/div>\n\n\n<div class=\"wp-block-image\">\n<figure class=\"alignleft\"><img decoding=\"async\" src=\"https:\/\/nostalgie2000s.com\/wp-content\/uploads\/2024\/10\/ActuAlizee-01-01-Couverture.jpg\" alt=\"Actualiz\u00e9e n\u00b01\" class=\"wp-image-795\"\/><\/figure>\n<\/div>\n\n\n<p><strong>ActuAliz\u00e9e n\u00b01<\/strong> <strong>(Juillet 2002)<\/strong><\/p>\n\n\n\n<ul class=\"wp-block-list\">\n<li>Dossier : Aliz\u00e9e en Europe (La promotion, les charts, la presse)<\/li>\n\n\n\n<li>Jardin d\u2019Eden : Collectors<\/li>\n\n\n\n<li>Mon maquis : Sites internet<\/li>\n\n\n\n<li>Interview<\/li>\n<\/ul>\n\n\n\n<div style=\"height:30px\" aria-hidden=\"true\" class=\"wp-block-spacer\"><\/div>\n\n\n<div class=\"wp-block-image\">\n<figure class=\"alignleft size-large\"><img decoding=\"async\" src=\"https:\/\/nostalgie2000s.com\/wp-content\/uploads\/2024\/10\/ActuAlizee-02-01-Couverture.jpg\" alt=\"Actualiz\u00e9e n\u00b01\"\/><\/figure>\n<\/div>\n\n\n<p><strong>ActuAliz\u00e9e n\u00b02 (D\u00e9cembre 2002)<\/strong><\/p>\n\n\n\n<ul class=\"wp-block-list\">\n<li>Dossier : Aliz\u00e9e en Europe (La promotion, les charts, la presse)<\/li>\n\n\n\n<li>Jardin d\u2019Eden : Collectors<\/li>\n\n\n\n<li>Mon maquis : Sites internet<\/li>\n\n\n\n<li>Gros Plan : Un zest de Nabokow<\/li>\n\n\n\n<li>Interview<\/li>\n<\/ul>\n\n\n\n<div style=\"height:29px\" aria-hidden=\"true\" class=\"wp-block-spacer\"><\/div>\n\n\n<div class=\"wp-block-image\">\n<figure class=\"alignleft size-large\"><img decoding=\"async\" src=\"https:\/\/nostalgie2000s.com\/wp-content\/uploads\/2024\/10\/ActuAlizee-03-01-Couverture.jpg\" alt=\"Actualiz\u00e9e n\u00b01\"\/><\/figure>\n<\/div>\n\n\n<p><strong>ActuAliz\u00e9e n\u00b03 (Avril 2003)<\/strong><\/p>\n\n\n\n<ul class=\"wp-block-list\">\n<li>Dossier : Le retour (Les formats, les charts, la presse)<\/li>\n\n\n\n<li>Jardin d\u2019Eden : Collectors<\/li>\n\n\n\n<li>Mon maquis : Sites internet<\/li>\n\n\n\n<li>Interview : Fabrice Ferment<\/li>\n\n\n\n<li>Aliz\u00e9e : Tourn\u00e9e 2003<\/li>\n\n\n\n<li>Fanarium<\/li>\n<\/ul>\n\n\n\n<div style=\"height:22px\" aria-hidden=\"true\" class=\"wp-block-spacer\"><\/div>\n\n\n<div class=\"wp-block-image\">\n<figure class=\"alignleft size-large\"><img decoding=\"async\" src=\"https:\/\/nostalgie2000s.com\/wp-content\/uploads\/2024\/10\/ActuAlizee-04-01-Couverture.jpg\" alt=\"Actualiz\u00e9e n\u00b01\"\/><\/figure>\n<\/div>\n\n\n<p><strong>ActuAliz\u00e9e n\u00b04<\/strong> <strong>(Septembre 2003)<\/strong><\/p>\n\n\n\n<ul class=\"wp-block-list\">\n<li>News &amp; Charts<\/li>\n\n\n\n<li>Dossier :&nbsp;<em>J\u2019ai pas vingt ans<\/em>&nbsp;(La promotion, Interview : Benny Benassi)<\/li>\n\n\n\n<li>Jardin d\u2019Eden : Collectors<\/li>\n\n\n\n<li>Mon maquis : Sites internet<\/li>\n\n\n\n<li>Interview : Olivier M\u00e9gaton<\/li>\n\n\n\n<li>Fanarium<\/li>\n<\/ul>\n\n\n\n<div style=\"height:23px\" aria-hidden=\"true\" class=\"wp-block-spacer\"><\/div>\n\n\n<div class=\"wp-block-image\">\n<figure class=\"alignleft size-large\"><img decoding=\"async\" src=\"https:\/\/nostalgie2000s.com\/wp-content\/uploads\/2024\/10\/ActuAlizee-05-01-Couverture.jpg\" alt=\"Actualiz\u00e9e n\u00b01\"\/><\/figure>\n<\/div>\n\n\n<p><strong>ActuAliz\u00e9e n\u00b05<\/strong> <strong>(Janvier 2004)<\/strong><\/p>\n\n\n\n<ul class=\"wp-block-list\">\n<li>News &amp; Charts<\/li>\n\n\n\n<li>Dossier : La tourn\u00e9e<\/li>\n\n\n\n<li>Interview : One-T<\/li>\n\n\n\n<li>Jardin d\u2019Eden : Collectors<\/li>\n\n\n\n<li>Mon maquis : Sites internet<\/li>\n\n\n\n<li>Interview : Amina Benoui<\/li>\n\n\n\n<li>Fanarium<\/li>\n<\/ul>\n\n\n\n<div style=\"height:23px\" aria-hidden=\"true\" class=\"wp-block-spacer\"><\/div>\n\n\n<div class=\"wp-block-image\">\n<figure class=\"alignleft size-large\"><img decoding=\"async\" src=\"https:\/\/nostalgie2000s.com\/wp-content\/uploads\/2024\/10\/ActuAlizee-06-01-Couverture.jpg\" alt=\"Actualiz\u00e9e n\u00b01\"\/><\/figure>\n<\/div>\n\n\n<p><strong>ActuAliz\u00e9e n\u00b06<\/strong> <strong>(Mai 2004)<\/strong><\/p>\n\n\n\n<ul class=\"wp-block-list\">\n<li>Interview<\/li>\n\n\n\n<li>Dossier : \u00ab&nbsp;<em>Mes courants \u00e9lectriques<\/em>&nbsp;\u00bb \u2013 Un an apr\u00e8s<\/li>\n\n\n\n<li>Jardin d\u2019Eden : Collectors<\/li>\n\n\n\n<li>Mon maquis<\/li>\n\n\n\n<li>Un zeste de Courr\u00e8ges<\/li>\n\n\n\n<li>Fanarium<\/li>\n<\/ul>\n\n\n\n<div style=\"height:23px\" aria-hidden=\"true\" class=\"wp-block-spacer\"><\/div>\n\n\n<div class=\"wp-block-image\">\n<figure class=\"alignleft size-large\"><img decoding=\"async\" src=\"https:\/\/nostalgie2000s.com\/wp-content\/uploads\/2024\/10\/ActuAlizee-07-01-Couverture.jpg\" alt=\"Actualiz\u00e9e n\u00b01\"\/><\/figure>\n<\/div>\n\n\n<p><strong>ActuAliz\u00e9e n\u00b07<\/strong> <strong>(Ao\u00fbt 2004)<\/strong><\/p>\n\n\n\n<ul class=\"wp-block-list\">\n<li>News<\/li>\n\n\n\n<li>Dossier : Les fans ont la parole<\/li>\n\n\n\n<li>Enqu\u00eate : Mais qui sont les fans d\u2019Aliz\u00e9e ?<\/li>\n\n\n\n<li>Jardin d\u2019Eden : Collectors<\/li>\n\n\n\n<li>Mon maquis : Sites internet<\/li>\n\n\n\n<li>Un zeste de Jean-Charles de Castelbajac<\/li>\n\n\n\n<li>Fanarium<\/li>\n<\/ul>\n\n\n\n<div style=\"height:23px\" aria-hidden=\"true\" class=\"wp-block-spacer\"><\/div>\n\n\n<div class=\"wp-block-image\">\n<figure class=\"alignleft size-large\"><img decoding=\"async\" src=\"https:\/\/nostalgie2000s.com\/wp-content\/uploads\/2024\/10\/ActuAlizee-08-01-Couverture.jpg\" alt=\"Actualiz\u00e9e n\u00b01\"\/><\/figure>\n<\/div>\n\n\n<p><strong>ActuAliz\u00e9e n\u00b08<\/strong> <strong>(Novembre 2004)<\/strong><\/p>\n\n\n\n<ul class=\"wp-block-list\">\n<li>News<\/li>\n\n\n\n<li>L\u2019Aliz\u00e9e Touch<\/li>\n\n\n\n<li>T\u00e9l\u00e9 r\u00e9Aliz\u00e9e : \u00ab&nbsp;<em>Pour Laurette\u2026 1 an apr\u00e8s<\/em>\u00ab&nbsp;<\/li>\n\n\n\n<li>Aliz\u00e9e : Produit de consommation ?<\/li>\n\n\n\n<li>Jardin d\u2019Eden : Collectors<\/li>\n\n\n\n<li>Mon maquis : Sites internet<\/li>\n\n\n\n<li>Bal de ballons<\/li>\n\n\n\n<li>Fans I.D.<\/li>\n\n\n\n<li>Fanarium<\/li>\n<\/ul>\n\n\n\n<div style=\"height:23px\" aria-hidden=\"true\" class=\"wp-block-spacer\"><\/div>\n\n\n<div class=\"wp-block-image\">\n<figure class=\"alignleft size-large\"><img decoding=\"async\" src=\"https:\/\/nostalgie2000s.com\/wp-content\/uploads\/2024\/10\/ActuAlizee-09-01-Couverture.jpg\" alt=\"Actualiz\u00e9e n\u00b01\"\/><\/figure>\n<\/div>\n\n\n<p><strong>ActuAliz\u00e9e n\u00b09<\/strong> <strong>(2005)<\/strong><\/p>\n\n\n\n<ul class=\"wp-block-list\">\n<li>Un live et puis s\u2019en va<\/li>\n\n\n\n<li>D\u00e9j\u00e0 5 ans de carri\u00e8re !<\/li>\n\n\n\n<li>T\u00e9l\u00e9 r\u00e9Aliz\u00e9e : \u00ab\u00a0<em>Les enfoir\u00e9<\/em>s\u00a0\u00bb<\/li>\n\n\n\n<li>Aliz\u00e9e : de A \u00e0 Z<\/li>\n\n\n\n<li>Bal de ballons<\/li>\n\n\n\n<li>Fans I.D.<\/li>\n\n\n\n<li>Fanarium<\/li>\n<\/ul>\n\n\n\n<div style=\"height:34px\" aria-hidden=\"true\" class=\"wp-block-spacer\"><\/div>\n\n\n\n<pre class=\"wp-block-preformatted\"><input type=\"button\" value=\"Retour\" class=\"alg_back_button_input \" style=\"\" onclick=\"window.history.back()\" \/><\/pre>\n\n\n\n<div style=\"height:27px\" aria-hidden=\"true\" class=\"wp-block-spacer\"><\/div>\n","protected":false},"excerpt":{"rendered":"<p>Bienvenue dans l&rsquo;univers d&rsquo;ActuAliz\u00e9e, le fanzine culte des fans de la chanteuse Aliz\u00e9e entre 2002 et 2005 ! Enti\u00e8rement d\u00e9di\u00e9 \u00e0 la carri\u00e8re de cette ic\u00f4ne pop des ann\u00e9es 2000, [&hellip;]<\/p>\n","protected":false},"author":1,"featured_media":0,"parent":744,"menu_order":0,"comment_status":"open","ping_status":"closed","template":"","meta":{"_kadence_starter_templates_imported_post":false,"iawp_total_views":44,"footnotes":""},"class_list":["post-752","page","type-page","status-publish","hentry"],"_links":{"self":[{"href":"https:\/\/nostalgie2000s.com\/index.php\/wp-json\/wp\/v2\/pages\/752","targetHints":{"allow":["GET"]}}],"collection":[{"href":"https:\/\/nostalgie2000s.com\/index.php\/wp-json\/wp\/v2\/pages"}],"about":[{"href":"https:\/\/nostalgie2000s.com\/index.php\/wp-json\/wp\/v2\/types\/page"}],"author":[{"embeddable":true,"href":"https:\/\/nostalgie2000s.com\/index.php\/wp-json\/wp\/v2\/users\/1"}],"replies":[{"embeddable":true,"href":"https:\/\/nostalgie2000s.com\/index.php\/wp-json\/wp\/v2\/comments?post=752"}],"version-history":[{"count":39,"href":"https:\/\/nostalgie2000s.com\/index.php\/wp-json\/wp\/v2\/pages\/752\/revisions"}],"predecessor-version":[{"id":13671,"href":"https:\/\/nostalgie2000s.com\/index.php\/wp-json\/wp\/v2\/pages\/752\/revisions\/13671"}],"up":[{"embeddable":true,"href":"https:\/\/nostalgie2000s.com\/index.php\/wp-json\/wp\/v2\/pages\/744"}],"wp:attachment":[{"href":"https:\/\/nostalgie2000s.com\/index.php\/wp-json\/wp\/v2\/media?parent=752"}],"curies":[{"name":"wp","href":"https:\/\/api.w.org\/{rel}","templated":true}]}}