{"id":744,"date":"2024-03-05T10:18:48","date_gmt":"2024-03-05T09:18:48","guid":{"rendered":"https:\/\/nostalgie2000s.wordpress.com\/?page_id=744"},"modified":"2025-12-28T12:34:39","modified_gmt":"2025-12-28T11:34:39","slug":"magazines","status":"publish","type":"page","link":"https:\/\/nostalgie2000s.com\/index.php\/magazines\/","title":{"rendered":"Magazines"},"content":{"rendered":"<div class=\"wp-block-image\">\n<figure class=\"aligncenter is-resized\"><img decoding=\"async\" src=\"https:\/\/nostalgie2000s.com\/wp-content\/uploads\/2024\/10\/magazines-banniere.jpg\" alt=\"\" style=\"aspect-ratio:4.0427595840447;width:840px;height:auto\"\/><\/figure>\n<\/div>\n\n\n<div style=\"height:12px\" aria-hidden=\"true\" class=\"wp-block-spacer\"><\/div>\n\n\n\n<p>Plonger dans l&rsquo;univers des magazines des ann\u00e9es 2000, c&rsquo;est se replonger dans une \u00e9poque o\u00f9 chaque page \u00e9tait une invitation \u00e0 l&rsquo;\u00e9vasion et \u00e0 la d\u00e9couverte. Ces magazines, tels que \u00ab\u00a0<em><strong>Star Club<\/strong><\/em>\u00ab\u00a0, \u00ab\u00a0<em><strong>Salut<\/strong><\/em>\u00ab\u00a0, et \u00ab\u00a0<em><strong>S\u00e9ries Mag<\/strong><\/em>\u00ab\u00a0, repr\u00e9sentaient bien plus que des simples collections de papier : ils \u00e9taient des guides pr\u00e9cieux dans le monde de la musique, du cin\u00e9ma, des s\u00e9ries t\u00e9l\u00e9vis\u00e9es et de la culture pop. Chaque num\u00e9ro \u00e9tait attendu avec impatience, feuillet\u00e9 avec enthousiasme, et souvent gard\u00e9 pr\u00e9cieusement comme un tr\u00e9sor de souvenirs et de r\u00eaves d&rsquo;adolescents.<\/p>\n\n\n\n<p>Cette partie du site est d\u00e9di\u00e9e \u00e0 l&rsquo;archivage de ces magazines embl\u00e9matiques, une <strong>collection personnelle<\/strong> pr\u00e9cieuse. Il est important de noter qu&rsquo;aucun des magazines n&rsquo;est \u00e0 vendre; cette collection est plut\u00f4t une c\u00e9l\u00e9bration de <strong>souvenirs<\/strong> partag\u00e9s et de <strong>nostalgie<\/strong> collective. Un grand merci \u00e0 K\u00e9vin, un<strong> ami passionn\u00e9<\/strong> qui partage cet amour des magazines et qui a contribu\u00e9 \u00e0 r\u00e9unir certains des visuels pr\u00e9sents dans cette collection.<\/p>\n\n\n\n<p>Pour ceux qui explorent ces archives, vous trouverez en <strong>noir<\/strong> les magazines d\u00e9j\u00e0 en possession de la collection, et en <strong><span style=\"color: red;\">rouge<\/span><\/strong> ceux qui me manquent encore.<\/p>\n\n\n\n<div class=\"wp-block-group is-nowrap is-layout-flex wp-container-core-group-is-layout-ad2f72ca wp-block-group-is-layout-flex\">\n<figure class=\"wp-block-image\"><a href=\"https:\/\/nostalgie2000s.com\/index.php\/magazines\/actualizee\/\"><img decoding=\"async\" src=\"https:\/\/nostalgie2000s.com\/wp-content\/uploads\/2024\/10\/actualizee.png\" alt=\"ActuAliz\u00e9e\"\/><\/a><\/figure>\n\n\n\n<figure class=\"wp-block-image size-full\"><a href=\"https:\/\/nostalgie2000s.com\/index.php\/arkanium\/\"><img loading=\"lazy\" decoding=\"async\" width=\"427\" height=\"203\" src=\"https:\/\/nostalgie2000s.com\/wp-content\/uploads\/2025\/02\/arkanium.png\" alt=\"\" class=\"wp-image-13659\" srcset=\"https:\/\/nostalgie2000s.com\/wp-content\/uploads\/2025\/02\/arkanium.png 427w, https:\/\/nostalgie2000s.com\/wp-content\/uploads\/2025\/02\/arkanium-300x143.png 300w\" sizes=\"auto, (max-width: 427px) 100vw, 427px\" \/><\/a><\/figure>\n\n\n\n<figure class=\"wp-block-image size-full\"><a href=\"https:\/\/nostalgie2000s.com\/index.php\/arthelius\/\"><img loading=\"lazy\" decoding=\"async\" width=\"427\" height=\"203\" src=\"https:\/\/nostalgie2000s.com\/wp-content\/uploads\/2025\/02\/arthelius-miniature.png\" alt=\"\" class=\"wp-image-13728\" srcset=\"https:\/\/nostalgie2000s.com\/wp-content\/uploads\/2025\/02\/arthelius-miniature.png 427w, https:\/\/nostalgie2000s.com\/wp-content\/uploads\/2025\/02\/arthelius-miniature-300x143.png 300w\" sizes=\"auto, (max-width: 427px) 100vw, 427px\" \/><\/a><\/figure>\n<\/div>\n\n\n\n<div class=\"wp-block-group is-nowrap is-layout-flex wp-container-core-group-is-layout-ad2f72ca wp-block-group-is-layout-flex\">\n<figure class=\"wp-block-image\"><a href=\"https:\/\/nostalgie2000s.com\/index.php\/magazines\/buffy-magazine\/\"><img decoding=\"async\" src=\"https:\/\/nostalgie2000s.com\/wp-content\/uploads\/2024\/10\/buffy.jpg\" alt=\"Buffy Magazine\"\/><\/a><\/figure>\n\n\n\n<figure class=\"wp-block-image\"><a href=\"https:\/\/nostalgie2000s.com\/index.php\/magazines\/dreamup\/\"><img decoding=\"async\" src=\"https:\/\/nostalgie2000s.wordpress.com\/wp-content\/uploads\/2024\/08\/dreamup.png\" alt=\"Dream'up\"\/><\/a><\/figure>\n\n\n\n<figure class=\"wp-block-image size-full\"><a href=\"https:\/\/nostalgie2000s.com\/index.php\/episode\/\"><img loading=\"lazy\" decoding=\"async\" width=\"427\" height=\"203\" src=\"https:\/\/nostalgie2000s.com\/wp-content\/uploads\/2024\/11\/episode-miniature.png\" alt=\"\" class=\"wp-image-12076\" srcset=\"https:\/\/nostalgie2000s.com\/wp-content\/uploads\/2024\/11\/episode-miniature.png 427w, https:\/\/nostalgie2000s.com\/wp-content\/uploads\/2024\/11\/episode-miniature-300x143.png 300w\" sizes=\"auto, (max-width: 427px) 100vw, 427px\" \/><\/a><\/figure>\n<\/div>\n\n\n\n<div class=\"wp-block-group is-nowrap is-layout-flex wp-container-core-group-is-layout-ad2f72ca wp-block-group-is-layout-flex\">\n<figure class=\"wp-block-image\"><a href=\"https:\/\/nostalgie2000s.com\/index.php\/magazines\/fan-2\/\"><img decoding=\"async\" src=\"https:\/\/nostalgie2000s.com\/wp-content\/uploads\/2024\/10\/fan2.png\" alt=\"Fan 2\"\/><\/a><\/figure>\n\n\n\n<figure class=\"wp-block-image\"><a href=\"https:\/\/nostalgie2000s.com\/index.php\/magazines\/hit-machine-girl\/\"><img decoding=\"async\" src=\"https:\/\/nostalgie2000s.com\/wp-content\/uploads\/2024\/10\/hitmachinegirl.jpg\" alt=\"\"\/><\/a><\/figure>\n\n\n\n<figure class=\"wp-block-image\"><a href=\"https:\/\/nostalgie2000s.com\/index.php\/magazines\/like-hit\/\"><img decoding=\"async\" src=\"https:\/\/nostalgie2000s.com\/wp-content\/uploads\/2024\/10\/likehit.png\" alt=\"Like Hit !\"\/><\/a><\/figure>\n<\/div>\n\n\n\n<div class=\"wp-block-group is-nowrap is-layout-flex wp-container-core-group-is-layout-ad2f72ca wp-block-group-is-layout-flex\">\n<figure class=\"wp-block-image size-full\"><a href=\"https:\/\/nostalgie2000s.com\/index.php\/mylene-farmer-magazine\/\"><img loading=\"lazy\" decoding=\"async\" width=\"427\" height=\"203\" src=\"https:\/\/nostalgie2000s.com\/wp-content\/uploads\/2025\/01\/MFM-mianture.png\" alt=\"\" class=\"wp-image-13318\" srcset=\"https:\/\/nostalgie2000s.com\/wp-content\/uploads\/2025\/01\/MFM-mianture.png 427w, https:\/\/nostalgie2000s.com\/wp-content\/uploads\/2025\/01\/MFM-mianture-300x143.png 300w\" sizes=\"auto, (max-width: 427px) 100vw, 427px\" \/><\/a><\/figure>\n\n\n\n<figure class=\"wp-block-image size-full\"><a href=\"https:\/\/nostalgie2000s.com\/index.php\/one\/\"><img loading=\"lazy\" decoding=\"async\" width=\"427\" height=\"203\" src=\"https:\/\/nostalgie2000s.com\/wp-content\/uploads\/2024\/12\/one-miniature.png\" alt=\"\" class=\"wp-image-12834\" srcset=\"https:\/\/nostalgie2000s.com\/wp-content\/uploads\/2024\/12\/one-miniature.png 427w, https:\/\/nostalgie2000s.com\/wp-content\/uploads\/2024\/12\/one-miniature-300x143.png 300w\" sizes=\"auto, (max-width: 427px) 100vw, 427px\" \/><\/a><\/figure>\n\n\n\n<figure class=\"wp-block-image\"><a href=\"https:\/\/nostalgie2000s.com\/index.php\/magazines\/oops-mag-the-zone\/\"><img decoding=\"async\" src=\"https:\/\/nostalgie2000s.com\/wp-content\/uploads\/2024\/10\/oopsmagthezone.png\" alt=\"\"\/><\/a><\/figure>\n<\/div>\n\n\n\n<div class=\"wp-block-group is-nowrap is-layout-flex wp-container-core-group-is-layout-ad2f72ca wp-block-group-is-layout-flex\">\n<figure class=\"wp-block-image\"><a href=\"https:\/\/nostalgie2000s.com\/index.php\/magazines\/salut\/\"><img decoding=\"async\" src=\"https:\/\/nostalgie2000s.com\/wp-content\/uploads\/2024\/10\/salut.png\" alt=\"\"\/><\/a><\/figure>\n\n\n\n<figure class=\"wp-block-image\"><a href=\"https:\/\/nostalgie2000s.com\/index.php\/magazines\/series-mag\/\"><img decoding=\"async\" src=\"https:\/\/nostalgie2000s.com\/wp-content\/uploads\/2024\/10\/seriesmag.png\" alt=\"S\u00e9ries Mag\"\/><\/a><\/figure>\n\n\n\n<figure class=\"wp-block-image size-full\"><a href=\"https:\/\/nostalgie2000s.com\/index.php\/series-zap\/\"><img loading=\"lazy\" decoding=\"async\" width=\"427\" height=\"203\" src=\"https:\/\/nostalgie2000s.com\/wp-content\/uploads\/2025\/07\/serieszapminiature.png\" alt=\"\" class=\"wp-image-15020\" srcset=\"https:\/\/nostalgie2000s.com\/wp-content\/uploads\/2025\/07\/serieszapminiature.png 427w, https:\/\/nostalgie2000s.com\/wp-content\/uploads\/2025\/07\/serieszapminiature-300x143.png 300w\" sizes=\"auto, (max-width: 427px) 100vw, 427px\" \/><\/a><\/figure>\n<\/div>\n\n\n\n<div class=\"wp-block-group is-nowrap is-layout-flex wp-container-core-group-is-layout-ad2f72ca wp-block-group-is-layout-flex\">\n<figure class=\"wp-block-image size-full\"><a href=\"https:\/\/nostalgie2000s.com\/index.php\/smallville-magazine\/\"><img loading=\"lazy\" decoding=\"async\" width=\"427\" height=\"203\" src=\"https:\/\/nostalgie2000s.com\/wp-content\/uploads\/2025\/08\/smallvillemagazine.png\" alt=\"\" class=\"wp-image-15175\" srcset=\"https:\/\/nostalgie2000s.com\/wp-content\/uploads\/2025\/08\/smallvillemagazine.png 427w, https:\/\/nostalgie2000s.com\/wp-content\/uploads\/2025\/08\/smallvillemagazine-300x143.png 300w\" sizes=\"auto, (max-width: 427px) 100vw, 427px\" \/><\/a><\/figure>\n\n\n\n<figure class=\"wp-block-image size-full\"><a href=\"https:\/\/nostalgie2000s.com\/index.php\/star-academy-magazine\/\"><img loading=\"lazy\" decoding=\"async\" width=\"427\" height=\"203\" src=\"https:\/\/nostalgie2000s.com\/wp-content\/uploads\/2024\/12\/staracmag-miniature.png\" alt=\"\" class=\"wp-image-12832\" srcset=\"https:\/\/nostalgie2000s.com\/wp-content\/uploads\/2024\/12\/staracmag-miniature.png 427w, https:\/\/nostalgie2000s.com\/wp-content\/uploads\/2024\/12\/staracmag-miniature-300x143.png 300w\" sizes=\"auto, (max-width: 427px) 100vw, 427px\" \/><\/a><\/figure>\n\n\n\n<figure class=\"wp-block-image wp-container-content-69bc4bdf\"><a href=\"https:\/\/nostalgie2000s.com\/index.php\/magazines\/star-club\/\"><img decoding=\"async\" src=\"https:\/\/nostalgie2000s.com\/wp-content\/uploads\/2024\/10\/starclub.png\" alt=\"Star Club\"\/><\/a><\/figure>\n<\/div>\n\n\n\n<div class=\"wp-block-group is-nowrap is-layout-flex wp-container-core-group-is-layout-ad2f72ca wp-block-group-is-layout-flex\">\n<figure class=\"wp-block-image size-full\"><a href=\"https:\/\/nostalgie2000s.com\/index.php\/star-fifteen\/\"><img loading=\"lazy\" decoding=\"async\" width=\"427\" height=\"203\" src=\"https:\/\/nostalgie2000s.com\/wp-content\/uploads\/2025\/08\/starfifteenminiature.png\" alt=\"\" class=\"wp-image-15205\" srcset=\"https:\/\/nostalgie2000s.com\/wp-content\/uploads\/2025\/08\/starfifteenminiature.png 427w, https:\/\/nostalgie2000s.com\/wp-content\/uploads\/2025\/08\/starfifteenminiature-300x143.png 300w\" sizes=\"auto, (max-width: 427px) 100vw, 427px\" \/><\/a><\/figure>\n\n\n\n<figure class=\"wp-block-image\"><a href=\"https:\/\/nostalgie2000s.com\/index.php\/magazines\/star-one\/\"><img decoding=\"async\" src=\"https:\/\/nostalgie2000s.com\/wp-content\/uploads\/2024\/10\/starone.png\" alt=\"Star One\"\/><\/a><\/figure>\n\n\n\n<figure class=\"wp-block-image\"><a href=\"https:\/\/nostalgie2000s.com\/index.php\/super\/\"><img decoding=\"async\" src=\"https:\/\/nostalgie2000s.com\/wp-content\/uploads\/2024\/10\/SUPER.png\" alt=\"Super\"\/><\/a><\/figure>\n<\/div>\n\n\n\n<div class=\"wp-block-group is-nowrap is-layout-flex wp-container-core-group-is-layout-ad2f72ca wp-block-group-is-layout-flex\">\n<figure class=\"wp-block-image\"><a href=\"https:\/\/nostalgie2000s.com\/\/index.php\/magazines\/super-stars\/\"><img decoding=\"async\" src=\"https:\/\/nostalgie2000s.com\/wp-content\/uploads\/2024\/10\/superstars.png\" alt=\"Super Stars\"\/><\/a><\/figure>\n\n\n\n<figure class=\"wp-block-image\"><a href=\"https:\/\/nostalgie2000s.com\/\/index.php\/magazines\/tele-club-plus\/\"><img decoding=\"async\" src=\"https:\/\/nostalgie2000s.com\/wp-content\/uploads\/2024\/10\/teleclubplus.png\" alt=\"T\u00e9l\u00e9 Club Plus\"\/><\/a><\/figure>\n\n\n\n<figure class=\"wp-block-image\"><a href=\"https:\/\/nostalgie2000s.com\/\/index.php\/too-much\/\"><img decoding=\"async\" src=\"https:\/\/nostalgie2000s.com\/wp-content\/uploads\/2024\/10\/toomuch.png\" alt=\"Too Much !\"\/><\/a><\/figure>\n<\/div>\n\n\n\n<div class=\"wp-block-group is-nowrap is-layout-flex wp-container-core-group-is-layout-ad2f72ca wp-block-group-is-layout-flex\">\n<figure class=\"wp-block-image size-full\"><a href=\"https:\/\/nostalgie2000s.com\/index.php\/voice\/\"><img loading=\"lazy\" decoding=\"async\" width=\"427\" height=\"203\" src=\"https:\/\/nostalgie2000s.com\/wp-content\/uploads\/2025\/07\/magazinevoice.png\" alt=\"\" class=\"wp-image-14895\" srcset=\"https:\/\/nostalgie2000s.com\/wp-content\/uploads\/2025\/07\/magazinevoice.png 427w, https:\/\/nostalgie2000s.com\/wp-content\/uploads\/2025\/07\/magazinevoice-300x143.png 300w\" sizes=\"auto, (max-width: 427px) 100vw, 427px\" \/><\/a><\/figure>\n\n\n\n<figure class=\"wp-block-image size-full\"><a href=\"https:\/\/nostalgie2000s.com\/index.php\/magazines-sur-les-tele-realites\/\"><img loading=\"lazy\" decoding=\"async\" width=\"427\" height=\"203\" src=\"https:\/\/nostalgie2000s.com\/wp-content\/uploads\/2025\/09\/magazinestelesrealites.png\" alt=\"\" class=\"wp-image-15255\" srcset=\"https:\/\/nostalgie2000s.com\/wp-content\/uploads\/2025\/09\/magazinestelesrealites.png 427w, https:\/\/nostalgie2000s.com\/wp-content\/uploads\/2025\/09\/magazinestelesrealites-300x143.png 300w\" sizes=\"auto, (max-width: 427px) 100vw, 427px\" \/><\/a><\/figure>\n<\/div>\n\n\n\n<div style=\"height:41px\" aria-hidden=\"true\" class=\"wp-block-spacer\"><\/div>\n\n\n\n<p><strong><em>Derni\u00e8res mises \u00e0 jour : <\/em><\/strong><\/p>\n\n\n\n<p class=\"has-text-align-center\"><em>Cette liste ne sera plus mise \u00e0 jour en fonction des achats que j&rsquo;effectue afin de ne plus \u00eatre jug\u00e9 sur ce que j&rsquo;ach\u00e8te ou non. Merci pour votre compr\u00e9hension.<\/em><\/p>\n\n\n\n<ul class=\"wp-block-list\">\n<li>6 octobre 2025 : Ajout du magazine \u00ab\u00a0<em>Star Club<\/em>\u00a0\u00bb n\u00b0218-223<\/li>\n\n\n\n<li>2 octobre 2025 : Ajout du magazine \u00ab\u00a0<em>Star Club<\/em>\u00a0\u00bb n\u00b0153, \u00ab\u00a0<em>Too Much !<\/em>\u00a0\u00bb HS n\u00b020<\/li>\n\n\n\n<li>20 septembre 2025 : Ajout des magazines \u00ab\u00a0<em>Like Hit !<\/em>\u00a0\u00bb HS n\u00b09 (Tom Welling) et n\u00b057, \u00ab\u00a0<em>Smallville Magazine<\/em>\u00a0\u00bb n\u00b06, \u00ab\u00a0<em>Star Club<\/em>\u00a0\u00bb n\u00b0238, \u00ab\u00a0<em>Salut<\/em>\u00a0\u00bb n\u00b0110<\/li>\n\n\n\n<li>9 septembre 2025 : Ajout des magazines \u00ab\u00a0<em>Arthelius<\/em>\u00a0\u00bb HS n\u00b06 (sp\u00e9cial Desperate Housewives), \u00ab\u00a0<em>Heroes Trilogy<\/em>\u00a0\u00bb n\u00b01, \u00ab\u00a0<em>Too Much<\/em>\u00a0\u00bb HS n\u00b05 (Sp\u00e9cial Roswell),<\/li>\n\n\n\n<li>5 septembre 2025 : Ajout de la page \u00ab\u00a0Magazines t\u00e9l\u00e9s r\u00e9alit\u00e9s\u00a0\u00bb consacr\u00e9e aux magazines \u00ab\u00a0<em>Popstars<\/em>\u00ab\u00a0, \u00ab\u00a0<em>Loft Story<\/em>\u00ab\u00a0, \u00ab\u00a0<em>Nice People<\/em>\u00a0\u00bb et \u00ab\u00a0<em>A la recherche de la Nouvelle Star<\/em>\u00ab\u00a0<\/li>\n\n\n\n<li>4 septembre 2025 : Ajout des magazines \u00ab\u00a0<em>Super<\/em>\u00a0\u00bb n\u00b0191, \u00ab\u00a0<em>Star Club<\/em>\u00a0\u00bb n\u00b0214<\/li>\n\n\n\n<li>3 septembre 2025 : Ajout des magazines \u00ab\u00a0<em>Star Club<\/em>\u00a0\u00bb n\u00b0215-233, \u00ab\u00a0<em>Stars Live \/ Super Stars<\/em>\u00a0\u00bb n\u00b051<\/li>\n\n\n\n<li>21 ao\u00fbt 2025 : Ajout des magazines \u00ab\u00a0<em>Too Much !<\/em>\u00a0\u00bb HS n\u00b016, \u00ab\u00a0<em>Super<\/em>\u00a0\u00bb HS n\u00b02, \u00ab\u00a0<em>Like Hit !<\/em>\u00a0\u00bb HS n\u00b01, \u00ab\u00a0<em>Star Fifteen<\/em>\u00a0\u00bb n\u00b09, \u00ab\u00a0<em>Smallville Magazine<\/em>\u00a0\u00bb n\u00b01, \u00ab\u00a0<em>Arthelius<\/em>\u00a0\u00bb n\u00b01-3-6-7-18 et HS n\u00b01. Ajout de la page consacr\u00e9e au magazine \u00ab\u00a0<em>Star Fifteen<\/em>\u00ab\u00a0.<\/li>\n\n\n\n<li>15 ao\u00fbt 2025 : Ajout des magazines \u00ab\u00a0<em>Like Hit !<\/em>\u00a0\u00bb n\u00b038-39, \u00ab\u00a0<em>One<\/em>\u00a0\u00bb n\u00b023-25-26-27-31-36, Ajout de la page consacr\u00e9 au magazine officiel \u00ab\u00a0<em>Smallville<\/em>\u00ab\u00a0.<\/li>\n\n\n\n<li>8 ao\u00fbt 2025 : Ajout du magazine \u00ab\u00a0<em>Too Much !<\/em>\u00a0\u00bb Hors S\u00e9rie n\u00b015, \u00ab\u00a0<em>Arthelius<\/em>\u00a0\u00bb n\u00b05-9-13-14-15-16-17-19-20-21-22-23 + Hors s\u00e9ries n\u00b02-3-4-5-7 + Hors S\u00e9ries \u00ab\u00a0<em>Heroes Trilogy<\/em>\u00a0\u00bb n\u00b01-2<\/li>\n\n\n\n<li>5 ao\u00fbt 2025 : Ajout du magazine \u00ab\u00a0<em>Oops Mag<\/em>\u00a0\u00bb n\u00b03 et des Hors S\u00e9ries des magazines \u00ab\u00a0<em>Like Hit<\/em>\u00ab\u00a0, \u00ab\u00a0<em>Super<\/em>\u00a0\u00bb et \u00ab\u00a0<em>Too Much<\/em>\u00ab\u00a0<\/li>\n\n\n\n<li>29 juillet 2025 : Ajout des magazines \u00ab\u00a0<em>Hit Machine Girl<\/em>\u00a0\u00bb n\u00b02-4-57-8-9-10-11-12-13-16-17-18-22-24-26-30-32-33-34-35-36-39-41-42-43-45-46<\/li>\n\n\n\n<li>17 juillet 2025 : Ajout des magazines <em>\u00ab\u00a0Super Stars<\/em>\u00a0\u00bb n\u00b07-14 + HS n\u00b03 + <em>\u00ab\u00a0Too Much!\u00a0\u00bb<\/em> n\u00b024<\/li>\n\n\n\n<li>7 juillet 2025 : Ajout de la page consacr\u00e9e au magazine <em>\u00ab\u00a0Voice\u00a0\u00bb<\/em><\/li>\n\n\n\n<li>4 juin 2025 : Ajout des magazines \u00ab\u00a0Star One\u00a0\u00bb n\u00b07-10, \u00ab\u00a0Voice\u00a0\u00bb n\u00b01-2-3-4-7-11-13, \u00ab\u00a0Super\u00a0\u00bb n\u00b0146, \u00ab\u00a0Like Hit\u00a0\u00bb n\u00b021-32, Dream&rsquo;up n\u00b018<\/li>\n\n\n\n<li>3 juin 2025 : Ajout des magazines \u00ab\u00a0<em>Salut<\/em>\u00a0\u00bb n\u00b066-68-104-105, \u00ab\u00a0<em>Star Club<\/em>\u00a0\u00bb n\u00b0151-152-186-188-195-196-197-203, \u00ab\u00a0<em>Star Academy Magazine<\/em>\u00a0\u00bb n\u00b06-8-9, \u00ab\u00a0<em>Fan 2<\/em>\u00a0\u00bb n\u00b038-40, \u00ab\u00a0<em>Like Hit<\/em>\u00a0\u00bb n\u00b015<\/li>\n\n\n\n<li>24 mai 2025 : Ajout des magazines \u00ab\u00a0<em>Star Academy Magazine<\/em>\u00a0\u00bb n\u00b051, \u00ab\u00a0<em>Stars Live<\/em>\u00a0\u00bb n\u00b052, \u00ab\u00a0<em>Star Fifteen<\/em>\u00a0\u00bb n\u00b08, \u00ab\u00a0<em>Hit Machine Girl<\/em>\u00a0\u00bb n\u00b057-59, \u00ab\u00a0<em>Like Hit<\/em>\u00a0\u00bb n\u00b050<\/li>\n\n\n\n<li>16 avril 2025 : Ajout des magazines <em>\u00ab\u00a0Star Academy Magazine\u00a0\u00bb<\/em> n\u00b015-16-21-25-26-45, \u00ab\u00a0Super Stars\u00a0\u00bb HS n\u00b02 + n\u00b019-30<\/li>\n\n\n\n<li>29 mars 2025 : Ajout des magazines \u00ab\u00a0<em>Star Academy Magazine<\/em>\u00a0\u00bb n\u00b010, \u00ab\u00a0<em>Super<\/em>\u00a0\u00bb n\u00b0176, \u00ab\u00a0<em>Arkanium<\/em>\u00a0\u00bb n\u00b011, \u00ab\u00a0<em>Too Much !<\/em>\u00a0\u00bb n\u00b015, \u00ab\u00a0<em>Myl\u00e8ne Farmer magazine<\/em>\u00a0\u00bb n\u00b02 \u00e0 5 + n\u00b010<\/li>\n\n\n\n<li>3 mars 2025 : Ajout du magazine <em>\u00ab\u00a0T\u00e9l\u00e9 Club Plus\u00a0\u00bb<\/em> n\u00b097<\/li>\n\n\n\n<li>22 f\u00e9vrier 2025 : Ajout des magazines <em>\u00ab\u00a0Too Much !\u00a0\u00bb<\/em> n\u00b016 et <em>\u00ab\u00a0Star Fifteen\u00a0\u00bb<\/em> n\u00b01<\/li>\n\n\n\n<li>19 f\u00e9vrier 2025 : Ajout du magazine <em>\u00ab\u00a0One\u00a0\u00bb<\/em> n\u00b052<\/li>\n\n\n\n<li>14 f\u00e9vrier 2025 : Ajout du magazine <em>\u00ab\u00a0Star One\u00a0\u00bb<\/em> n\u00b07<\/li>\n\n\n\n<li>8 f\u00e9vrier 2025 : Ajout du magazine <em>\u00ab\u00a0Star one\u00a0\u00bb<\/em> n\u00b06 + <em>\u00ab\u00a0Dream&rsquo;up\u00a0\u00bb<\/em> n\u00b05<\/li>\n\n\n\n<li>7 f\u00e9vrier 2025 : Ajout de la page consacr\u00e9e au magazine <em>\u00ab\u00a0Arthelius\u00a0\u00bb<\/em><\/li>\n\n\n\n<li>6 f\u00e9vrier 2025 : Ajout de la page consacr\u00e9e au magazine <em>\u00ab\u00a0Arkanium\u00a0\u00bb<\/em><\/li>\n\n\n\n<li>1er f\u00e9vrier 2025 : Ajout du n\u00b090 du magazine <em>\u00ab\u00a0S\u00e9ries Mag\u00a0\u00bb<\/em> (collection d\u00e9sormais compl\u00e8te !)<\/li>\n\n\n\n<li>25 janvier 2025 : Ajout des n\u00b033-34-41 de <em>\u00ab\u00a0Fan 2\u00a0\u00bb<\/em>, n\u00b0205 de <em>\u00ab\u00a0Star Club\u00a0\u00bb<\/em>, n\u00b078 de <em>\u00ab\u00a0Salut\u00a0\u00bb<\/em><\/li>\n\n\n\n<li>20 janvier 2025 : Ajout de l&rsquo;album n\u00b06 de<em> \u00ab\u00a0Stars Live\u00a0\u00bb<\/em>, <em>\u00ab\u00a0Fan 2\u00a0\u00bb<\/em> n\u00b049-50-52-54, <em>\u00ab\u00a0Super\u00a0\u00bb<\/em> n\u00b0183, <em>\u00ab\u00a0Dream&rsquo;up\u00a0\u00bb<\/em> n\u00b023, <em>\u00ab\u00a0Too Much !\u00a0\u00bb<\/em> n\u00b037-42, \u00ab\u00a0Star Club\u00a0\u00bb n\u00b0198<\/li>\n\n\n\n<li>14 janvier 2025 : Ajout des magazines <em>\u00ab\u00a0Dream&rsquo;up\u00a0\u00bb<\/em> n\u00b09, <em>\u00ab\u00a0Like Hit\u00a0\u00bb<\/em> n\u00b029 et <em>\u00ab\u00a0Too Much\u00a0\u00bb<\/em> n\u00b03<\/li>\n\n\n\n<li>11 janvier 2025 : Ajout des magazines <em>\u00ab\u00a0Buffy contre les vampires\u00a0\u00bb<\/em> n\u00b01, <em>\u00ab\u00a0Super Stars\u00a0\u00bb<\/em> n\u00b04, <em>\u00ab\u00a0Hit Machine Girl\u00a0\u00bb<\/em> n\u00b028-29-37-44-55<\/li>\n\n\n\n<li>5 janvier 2025 : Ajout de la page du magazine <em>\u00ab\u00a0Myl\u00e8ne Farmer Magazine\u00a0\u00bb<\/em><\/li>\n\n\n\n<li>31 d\u00e9cembre 2024 : Ajout des magazines <em>\u00ab\u00a0ONE\u00a0\u00bb<\/em> n\u00b037, <em>\u00ab\u00a0Salut\u00a0\u00bb<\/em> n\u00b081, <em>\u00ab\u00a0Fan 2\u00a0\u00bb<\/em> n\u00b036 et n\u00b056, <em>\u00ab\u00a0Super\u00a0\u00bb <\/em>n\u00b0156,<em> \u00ab\u00a0Star Academy Magazine\u00a0\u00bb<\/em> n\u00b069 et <em>\u00ab\u00a0Hit Machine Girl\u00a0\u00bb<\/em> n\u00b025 + Ajout de <em>\u00ab\u00a0Salut les jeux\u00a0\u00bb<\/em> et des Hors-S\u00e9ries dans la partie <em>\u00ab\u00a0Salut\u00a0\u00bb<\/em><\/li>\n\n\n\n<li>17 d\u00e9cembre 2024 : Ajout des pages des magazines <em>\u00ab\u00a0ONE\u00a0\u00bb<\/em> et <em>\u00ab\u00a0Star Ac Mag\u00a0\u00bb<\/em><\/li>\n\n\n\n<li>25 novembre 2024 : Ajout des magazines <em>\u00ab\u00a0Episodes\u00a0\u00bb<\/em><\/li>\n\n\n\n<li>15 novembre 2024 : Album \u00ab\u00a0<em>Too Much<\/em>\u00a0\u00bb n\u00b09, \u00ab\u00a0<em>Like Hit<\/em>\u00a0\u00bb n\u00b043, \u00ab\u00a0<em>Salut<\/em>\u00ab\u00a0<em> <\/em>n\u00b0122, <em>Fan 2<\/em> n\u00b040<\/li>\n\n\n\n<li>7 novembre 2024 : Ajout des magazines <em>\u00ab\u00a0S\u00e9ries Mag\u00a0\u00bb <\/em>n\u00b073-74-76-91 + HS n\u00b08-9-10<\/li>\n\n\n\n<li>18 septembre 2024 : Ajout des magazines \u00ab\u00a0<em>Salut<\/em>\u00a0\u00bb n\u00b074, \u00ab\u00a0<em>Star Clu<\/em>b\u00a0\u00bb n\u00b0204 et \u00ab\u00a0<em>Hit Machine Girl<\/em>\u00a0\u00bb n\u00b020<\/li>\n\n\n\n<li>16 septembre 2004 : Ajout de la page consacr\u00e9e aux \u00ab\u00a0<em>Hit Machine Girl<\/em>\u00ab\u00a0<\/li>\n\n\n\n<li>4 septembre 2024 : Ajout du n\u00b0167 de \u00ab\u00a0<em>Super<\/em>\u00ab\u00a0<\/li>\n\n\n\n<li>31 ao\u00fbt 2024 : Ajout des n\u00b0157 et n\u00b0178 de \u00ab\u00a0<em>Super<\/em>\u00ab\u00a0<\/li>\n\n\n\n<li>30 ao\u00fbt 2024 : Ajout des n\u00b011 et 13 du magazine \u00ab\u00a0<em>Too Much !<\/em>\u00ab\u00a0<\/li>\n\n\n\n<li>28 ao\u00fbt 2024 : Ajout des n\u00b026 et n\u00b028 de \u00ab\u00a0<em>Like Hit !<\/em>\u00ab\u00a0<\/li>\n\n\n\n<li>27 ao\u00fbt 2024 : Ajout des pages \u00ab\u00a0<em>Super Stars<\/em>\u00a0\u00bb et \u00ab\u00a0<em>Fan 2<\/em>\u00ab\u00a0<\/li>\n<\/ul>\n","protected":false},"excerpt":{"rendered":"<p>Plonger dans l&rsquo;univers des magazines des ann\u00e9es 2000, c&rsquo;est se replonger dans une \u00e9poque o\u00f9 chaque page \u00e9tait une invitation \u00e0 l&rsquo;\u00e9vasion et \u00e0 la d\u00e9couverte. Ces magazines, tels que [&hellip;]<\/p>\n","protected":false},"author":1,"featured_media":0,"parent":0,"menu_order":0,"comment_status":"open","ping_status":"closed","template":"","meta":{"_kadence_starter_templates_imported_post":false,"iawp_total_views":2170,"footnotes":""},"class_list":["post-744","page","type-page","status-publish","hentry"],"_links":{"self":[{"href":"https:\/\/nostalgie2000s.com\/index.php\/wp-json\/wp\/v2\/pages\/744","targetHints":{"allow":["GET"]}}],"collection":[{"href":"https:\/\/nostalgie2000s.com\/index.php\/wp-json\/wp\/v2\/pages"}],"about":[{"href":"https:\/\/nostalgie2000s.com\/index.php\/wp-json\/wp\/v2\/types\/page"}],"author":[{"embeddable":true,"href":"https:\/\/nostalgie2000s.com\/index.php\/wp-json\/wp\/v2\/users\/1"}],"replies":[{"embeddable":true,"href":"https:\/\/nostalgie2000s.com\/index.php\/wp-json\/wp\/v2\/comments?post=744"}],"version-history":[{"count":70,"href":"https:\/\/nostalgie2000s.com\/index.php\/wp-json\/wp\/v2\/pages\/744\/revisions"}],"predecessor-version":[{"id":15838,"href":"https:\/\/nostalgie2000s.com\/index.php\/wp-json\/wp\/v2\/pages\/744\/revisions\/15838"}],"wp:attachment":[{"href":"https:\/\/nostalgie2000s.com\/index.php\/wp-json\/wp\/v2\/media?parent=744"}],"curies":[{"name":"wp","href":"https:\/\/api.w.org\/{rel}","templated":true}]}}