{"id":699,"date":"2024-03-03T18:02:19","date_gmt":"2024-03-03T17:02:19","guid":{"rendered":"https:\/\/nostalgie2000s.wordpress.com\/?page_id=699"},"modified":"2025-06-08T09:32:31","modified_gmt":"2025-06-08T07:32:31","slug":"star-one","status":"publish","type":"page","link":"https:\/\/nostalgie2000s.com\/index.php\/magazines\/star-one\/","title":{"rendered":"Star One"},"content":{"rendered":"\n<figure class=\"wp-block-image is-resized\"><img decoding=\"async\" src=\"https:\/\/nostalgie2000s.com\/wp-content\/uploads\/2024\/10\/starone-banniere.jpg\" alt=\"\" style=\"width:840px;height:auto\"\/><\/figure>\n\n\n\n<div style=\"height:17px\" aria-hidden=\"true\" class=\"wp-block-spacer\"><\/div>\n\n\n\n<p>Bienvenue dans l\u2019univers de <strong>Star One<\/strong>, le magazine qui, jusqu\u2019\u00e0 mi-2002, se distinguait par une id\u00e9e audacieuse : chaque num\u00e9ro \u00e9tait <strong>enti\u00e8rement consacr\u00e9 \u00e0 une seule c\u00e9l\u00e9brit\u00e9<\/strong> embl\u00e9matique de l\u2019\u00e9poque. Que ce soit <strong>Sarah Michelle Gellar<\/strong>, <strong>Britney Spears<\/strong>, <strong>Michael Jackson<\/strong> ou encore <strong>Aliz\u00e9e<\/strong>, <strong>Star One<\/strong> offrait aux fans une plong\u00e9e compl\u00e8te dans la vie et la carri\u00e8re de leur idole du moment, avec des interviews exclusives, des posters g\u00e9ants, et des contenus in\u00e9dits.<\/p>\n\n\n\n<p>\u00c0 partir de mi-2002, le magazine a \u00e9volu\u00e9, se g\u00e9n\u00e9ralisant pour couvrir <strong>l\u2019ensemble des c\u00e9l\u00e9brit\u00e9s<\/strong> du moment, mais sans jamais perdre ce qui faisait son charme unique. Il proposait une <strong>mise en page soign\u00e9e et dynamique<\/strong>, un vrai plaisir visuel \u00e0 chaque lecture. En prime, chaque num\u00e9ro incluait des <strong>jaquettes sp\u00e9ciales<\/strong> pour habiller nos <strong>VHS<\/strong>, afin de cr\u00e9er des collections personnalis\u00e9es d\u00e9di\u00e9es \u00e0 nos stars pr\u00e9f\u00e9r\u00e9es. <strong>Star One<\/strong> a ainsi su \u00e9voluer tout en restant un rendez-vous incontournable pour tous les fans avides de suivre les moindres faits et gestes de leurs idoles.<\/p>\n\n\n\n<p>Pour ceux qui explorent ces archives, vous trouverez en <strong>noir<\/strong> les magazines d\u00e9j\u00e0 en possession de la collection, et en <strong><span style=\"color: red;\">rouge<\/span><\/strong> ceux qui me manquent encore.<\/p>\n\n\n\n<p class=\"has-text-align-center\"><strong>Collection compl\u00e8te<\/strong><\/p>\n\n\n\n<div style=\"height:35px\" aria-hidden=\"true\" class=\"wp-block-spacer\"><\/div>\n\n\n\n<h3 class=\"wp-block-heading has-text-align-center\"><em><strong>Les Hors-S\u00e9ries<\/strong><\/em><\/h3>\n\n\n\n<div style=\"height:14px\" aria-hidden=\"true\" class=\"wp-block-spacer\"><\/div>\n\n\n<div class=\"wp-block-image\">\n<figure class=\"alignleft is-resized\"><img decoding=\"async\" src=\"https:\/\/nostalgie2000s.com\/wp-content\/uploads\/2024\/10\/Star-One-HS-01-01-Couverture.jpg\" alt=\"\" class=\"wp-image-739\" style=\"width:160px;height:auto\"\/><\/figure>\n<\/div>\n\n\n<p><strong>Star One Hors-s\u00e9rie n\u00b01 &#8211; Sp\u00e9cial Aliz\u00e9e &#8211; D\u00e9cembre 2003 \/ Janvier 2004<\/strong> <br>Les albums<br>Moi&#8230; Lolita<br>L&rsquo;Aliz\u00e9<br>Parler tout bas<br>Gourmandises<br>J&rsquo;en ai marre !<br>J&rsquo;ai pas vingt ans<br>A contre-courant<br>La tourn\u00e9e<\/p>\n\n\n\n<div style=\"height:37px\" aria-hidden=\"true\" class=\"wp-block-spacer\"><\/div>\n\n\n\n<h2 class=\"wp-block-heading has-text-align-center\"><strong><em>2001<\/em><\/strong><\/h2>\n\n\n<div class=\"wp-block-image\">\n<figure class=\"alignleft\"><img decoding=\"async\" src=\"https:\/\/nostalgie2000s.com\/wp-content\/uploads\/2024\/10\/Star-One-01-01-Couverture.jpg\" alt=\"\" class=\"wp-image-804\"\/><\/figure>\n<\/div>\n\n\n<p><strong>Star One n\u00b01 &#8211; Sp\u00e9cial Myl\u00e8ne Farmer &#8211; Mai \/ Juin 2001<\/strong><br>Prologue<br>Ann\u00e9e par ann\u00e9e<br>Discographie<br>Vid\u00e9ographie<br>De A \u00e0 Z<br>Internet<br>Collectors<br>Myl\u00e8ne Live<br>Dossier : Myl\u00e8ne et&#8230;<\/p>\n\n\n\n<div style=\"height:20px\" aria-hidden=\"true\" class=\"wp-block-spacer\"><\/div>\n\n\n<div class=\"wp-block-image\">\n<figure class=\"alignleft\"><img decoding=\"async\" src=\"https:\/\/nostalgie2000s.com\/wp-content\/uploads\/2024\/10\/Star-One-02-01-Couverture.jpg\" alt=\"\" class=\"wp-image-833\"\/><\/figure>\n<\/div>\n\n\n<p><strong>Star One n\u00b02 &#8211; Sp\u00e9cial Madonna &#8211; Juillet \/ Ao\u00fbt 2001<\/strong><br>Prologue<br>Discographie<br>Vid\u00e9ographie<br>Ann\u00e9e par ann\u00e9e<br>Collectors<br>De A \u00e0 Z<br>Internet<br>Madonna Live<br>Dossier : Madonna et&#8230;<\/p>\n\n\n\n<div style=\"height:20px\" aria-hidden=\"true\" class=\"wp-block-spacer\"><\/div>\n\n\n<div class=\"wp-block-image\">\n<figure class=\"alignleft\"><img decoding=\"async\" src=\"https:\/\/nostalgie2000s.com\/wp-content\/uploads\/2024\/10\/Star-One-03-01-Couverture.jpg\" alt=\"\" class=\"wp-image-737\"\/><\/figure>\n<\/div>\n\n\n<p><strong>Star One n\u00b03 &#8211; Sp\u00e9cial Aliz\u00e9e &#8211; Septembre \/ Octobre 2001<\/strong><br>Prologue<br>Biographie<br>Discographie<br>Collectors, Interview<br>Les clips<br>De A \u00e0 Z<br>Internet<br>La boutique officielle<br>Gourmandises<\/p>\n\n\n\n<div style=\"height:20px\" aria-hidden=\"true\" class=\"wp-block-spacer\"><\/div>\n\n\n<div class=\"wp-block-image\">\n<figure class=\"alignleft\"><img decoding=\"async\" src=\"https:\/\/nostalgie2000s.com\/wp-content\/uploads\/2024\/10\/Star-One-04-01-Couverture.jpg\" alt=\"\" class=\"wp-image-709\"\/><\/figure>\n<\/div>\n\n\n<p><strong>Star One n\u00b04 &#8211; Sp\u00e9cial Britney Spears &#8211; Novembre \/ D\u00e9cembre 2001<\/strong><br>Prologue<br>Discographie<br>Vid\u00e9ographie<br>Biographie<br>Fiche d&rsquo;identit\u00e9<br>Britney Awards<br>De A \u00e0 Z<br>Le film<\/p>\n\n\n\n<div style=\"height:37px\" aria-hidden=\"true\" class=\"wp-block-spacer\"><\/div>\n\n\n\n<h2 class=\"wp-block-heading has-text-align-center\"><strong><em>2002<\/em><\/strong><\/h2>\n\n\n<div class=\"wp-block-image\">\n<figure class=\"alignleft\"><img decoding=\"async\" src=\"https:\/\/nostalgie2000s.com\/wp-content\/uploads\/2024\/10\/Star-One-05-01-Couverture.jpg\" alt=\"\" class=\"wp-image-710\"\/><\/figure>\n<\/div>\n\n\n<p><strong>Star One n\u00b05 &#8211; Sp\u00e9cial Sarah Michelle Gellar &#8211; Janvier \/ F\u00e9vrier 2002<\/strong><br>Prologue<br>Biographie<br>De A \u00e0 Z<br>Filmographie<br>Internet<br>Interview<br>S\u00e9rie \u00ab\u00a0<em>Buffy contre les vampires<\/em>\u00ab\u00a0<br>Internet<\/p>\n\n\n\n<div style=\"height:20px\" aria-hidden=\"true\" class=\"wp-block-spacer\"><\/div>\n\n\n<div class=\"wp-block-image\">\n<figure class=\"alignleft size-full is-resized\"><img loading=\"lazy\" decoding=\"async\" width=\"160\" height=\"225\" src=\"https:\/\/nostalgie2000s.com\/wp-content\/uploads\/2025\/02\/Star-One-06-01-Couverture.jpg\" alt=\"\" class=\"wp-image-13737\" style=\"width:157px;height:auto\"\/><\/figure>\n<\/div>\n\n\n<p><strong><strong>Star One n\u00b06 &#8211; Sp\u00e9cial Michael Jackson &#8211; Mars 2002<\/strong><br><\/strong>Fiche d&rsquo;identit\u00e9<br>Biographie<br>De A \u00e0 Z<br>Discographie<br>Filmographie<br>Vid\u00e9ographie<br>MJ on tour<br>Chiffres &amp; records<br>Michael &amp; stars<\/p>\n\n\n\n<div style=\"height:31px\" aria-hidden=\"true\" class=\"wp-block-spacer\"><\/div>\n\n\n<div class=\"wp-block-image\">\n<figure class=\"alignleft size-full is-resized\"><img loading=\"lazy\" decoding=\"async\" width=\"160\" height=\"225\" src=\"https:\/\/nostalgie2000s.com\/wp-content\/uploads\/2025\/02\/Star-One-07-01-Couverture.jpg\" alt=\"\" class=\"wp-image-13770\" style=\"width:156px;height:auto\"\/><\/figure>\n<\/div>\n\n\n<p><strong><strong>Star One n\u00b07 &#8211; Sp\u00e9cial Jennifer Lopez &#8211; Avril 2002<\/strong><br><\/strong>Prologue<br>Fiche d&rsquo;identit\u00e9<br>Discographie<br>Filmographie<br>Biographie<br>De A \u00e0 Z<br>Awards<br>Live \u00e0 Porto Rico<br>Sites internet<\/p>\n\n\n\n<div style=\"height:33px\" aria-hidden=\"true\" class=\"wp-block-spacer\"><\/div>\n\n\n<div class=\"wp-block-image\">\n<figure class=\"alignleft\"><img decoding=\"async\" src=\"https:\/\/nostalgie2000s.com\/wp-content\/uploads\/2024\/10\/Star-One-08-01-Couverture.jpg\" alt=\"\" class=\"wp-image-711\"\/><\/figure>\n<\/div>\n\n\n<p><strong>Star One n\u00b08 &#8211; Juin \/ Juillet 2002<\/strong><\/p>\n\n\n\n<ul class=\"wp-block-list\">\n<li><em>Articles :<\/em> Billy Crawford, Loft Story, Myl\u00e8ne Farmer, Les s\u00e9ries TV, Alicia Keys, Britney Spears, C\u00e9line Dion, David Charvet, Shakira, Aliz\u00e9e, Les ann\u00e9es 80<\/li>\n\n\n\n<li><em>Cartes postales : <\/em>Spiderman, David (Loft Story), Jalane, Jennifer Lopez<\/li>\n\n\n\n<li><em>Affichettes :<\/em> Rose McGowan, Kylie Minogue<\/li>\n\n\n\n<li><em>Posters : <\/em>Myl\u00e8ne Farmer, Buffy contre les vampires<\/li>\n<\/ul>\n\n\n\n<div style=\"height:20px\" aria-hidden=\"true\" class=\"wp-block-spacer\"><\/div>\n\n\n<div class=\"wp-block-image\">\n<figure class=\"alignleft\"><img decoding=\"async\" src=\"https:\/\/nostalgie2000s.com\/wp-content\/uploads\/2024\/10\/Star-One-09-01-Couverture.jpg\" alt=\"\" class=\"wp-image-712\"\/><\/figure>\n<\/div>\n\n\n<p><strong>Star One n\u00b09 &#8211; Ao\u00fbt \/ Septembre 2002<\/strong><\/p>\n\n\n\n<ul class=\"wp-block-list\">\n<li><em>Articles :<\/em> Natasha St-Pier, Britney Spears, Chad Michael Murray, Loft Story 2, Ashanti, David Charvet, Models, Eminem, Lesly Mess, Will Smith, David Hallyday<\/li>\n\n\n\n<li><em>Cartes postales : <\/em><\/li>\n\n\n\n<li><em>Affichettes :<\/em> <\/li>\n\n\n\n<li><em>Posters : <\/em><\/li>\n<\/ul>\n\n\n\n<div style=\"height:20px\" aria-hidden=\"true\" class=\"wp-block-spacer\"><\/div>\n\n\n<div class=\"wp-block-image\">\n<figure class=\"alignleft size-full\"><img loading=\"lazy\" decoding=\"async\" width=\"160\" height=\"226\" src=\"https:\/\/nostalgie2000s.com\/wp-content\/uploads\/2025\/06\/Star-One-10-01-Couverture.jpg\" alt=\"\" class=\"wp-image-14693\"\/><\/figure>\n<\/div>\n\n\n<p><strong>Star One n\u00b010 &#8211; Octobre \/ Novembre 2002<\/strong><\/p>\n\n\n\n<ul class=\"wp-block-list\">\n<li><em>Articles :<\/em> Britney Spears, Eminem, Enrique Iglesias, Loft Story, Nelly, Vanessa Carlton, L5, Jean-Pascal, Lorie, Sarah Michelle Gellar, Ronan Keating<\/li>\n\n\n\n<li><em>Cartes postales :<\/em> Jean-Pascal, David Hallyday, Models, C\u00e9line Dion<\/li>\n\n\n\n<li><em>Affichettes :<\/em> Eminem, David Charvet<\/li>\n\n\n\n<li><em>Posters :<\/em> Jenifer, Billy Crawford<\/li>\n<\/ul>\n\n\n\n<div style=\"height:41px\" aria-hidden=\"true\" class=\"wp-block-spacer\"><\/div>\n\n\n<div class=\"wp-block-image\">\n<figure class=\"alignleft\"><img decoding=\"async\" src=\"https:\/\/nostalgie2000s.com\/wp-content\/uploads\/2024\/10\/Star-One-11-01-Couverture.jpg\" alt=\"\" class=\"wp-image-713\"\/><\/figure>\n<\/div>\n\n\n<p><strong>Star One n\u00b011 &#8211; D\u00e9cembre 2002 \/ Janvier 2003<\/strong><\/p>\n\n\n\n<ul class=\"wp-block-list\">\n<li><em>Articles :<\/em> Billy Crawford, Alexandre (Star Academy), Romain Cabon, Myl\u00e8ne Farmer, L5, Daniel Bedingfield, Lorie, Mario Barravecchia, Leslie, Jean-Pascal, Atomic Kitten, Justin Timberlake<\/li>\n\n\n\n<li><em>Cartes postales :<\/em> Shakira, Billy Crawford, Enrique Iglesias, Le seigneur des anneaux 2<\/li>\n\n\n\n<li><em>Affichettes : <\/em>Britney Spears, Jenifer<\/li>\n\n\n\n<li><em>Posters :<\/em> Romain (Loft Story), L5<\/li>\n<\/ul>\n\n\n\n<div style=\"height:45px\" aria-hidden=\"true\" class=\"wp-block-spacer\"><\/div>\n\n\n\n<h2 class=\"wp-block-heading has-text-align-center\"><strong><em>2003<\/em><\/strong><\/h2>\n\n\n<div class=\"wp-block-image\">\n<figure class=\"alignleft\"><img decoding=\"async\" src=\"https:\/\/nostalgie2000s.com\/wp-content\/uploads\/2024\/10\/Star-One-12-01-Couverture.jpg\" alt=\"\" class=\"wp-image-714\"\/><\/figure>\n<\/div>\n\n\n<p><strong>Star One n\u00b012 &#8211; F\u00e9vrier \/ Mars 2003<\/strong><\/p>\n\n\n\n<ul class=\"wp-block-list\">\n<li><em>Articles :<\/em> Whatfor, Robbie Williams, Shakira, L5, Star Academy, Oph\u00e9lie Winter, Britney Spears, Morning Live, Jennifer Lopez<\/li>\n\n\n\n<li><em>Cartes postales :<\/em> Mario Barravecchia, Leslie, 8 Mile&#8230;<\/li>\n\n\n\n<li><em>Affichettes :<\/em> Mariah Carey, Star Academy 2<\/li>\n\n\n\n<li><em>Posters :<\/em> Lorie, Jennifer Lopez<\/li>\n<\/ul>\n\n\n\n<div style=\"height:20px\" aria-hidden=\"true\" class=\"wp-block-spacer\"><\/div>\n\n\n<div class=\"wp-block-image\">\n<figure class=\"alignleft\"><img decoding=\"async\" src=\"https:\/\/nostalgie2000s.com\/wp-content\/uploads\/2024\/10\/Star-One-13-01-Couverturee.jpg\" alt=\"\" class=\"wp-image-715\"\/><\/figure>\n<\/div>\n\n\n<p><strong>Star One n\u00b013 &#8211; Avril \/ Mai 2003<\/strong><\/p>\n\n\n\n<ul class=\"wp-block-list\">\n<li><em>Articles :<\/em> Nolwenn Leroy, Blue, Chim\u00e8ne Badi, Jenifer, t.A.T.u, Lorie, Madonna, Atomic Kitten, David Charvet, Aliz\u00e9e, L5, J\u00e9r\u00e9my Chatelain, Whatfor, Eminem, Jean-Pascal, M\u00e9lissa Mars, Leslie, Billy Crawford, Gr\u00e9gori Baquet, Ysa Ferrer<\/li>\n\n\n\n<li><em>Cartes postales :<\/em> Jenifer, Robbie Williams, Oph\u00e9lie Winter, L5<\/li>\n\n\n\n<li><em>Affichettes :<\/em> Lorie, Chim\u00e8ne Badi<\/li>\n\n\n\n<li><em>Posters :<\/em><\/li>\n<\/ul>\n\n\n\n<div style=\"height:20px\" aria-hidden=\"true\" class=\"wp-block-spacer\"><\/div>\n\n\n<div class=\"wp-block-image\">\n<figure class=\"alignleft\"><img decoding=\"async\" src=\"https:\/\/nostalgie2000s.com\/wp-content\/uploads\/2024\/10\/Star-One-14-01-Couverture.jpg\" alt=\"\" class=\"wp-image-716\"\/><\/figure>\n<\/div>\n\n\n<p><strong>Star One n\u00b014 &#8211; Juin \/ Juillet 2003<\/strong><\/p>\n\n\n\n<ul class=\"wp-block-list\">\n<li><em>Articles :<\/em> Jennifer Lopez, Gareth Gates, Lorie, Pascal Obispo, Chim\u00e8ne Badi, Aliz\u00e9e, Charly &amp; Lulu, Madonna, Nolwenn Leroy, Bachelor, Julie Zenatti, L5, R\u00e9v\u00e9lations (Berenice, Julian Celu, Florence, Jody), M\u00e9lissa Mars, Vincent Niclot, C\u00e9line Dion, Priscilla, Shakira<\/li>\n\n\n\n<li><em>Jaquette Vid\u00e9o :<\/em> Aliz\u00e9e<\/li>\n\n\n\n<li><em>Cartes postales :<\/em> Gareth Gates, Jennifer Lopez, Autant en emporte le vent, Aliz\u00e9e<\/li>\n\n\n\n<li><em>Affichettes :<\/em> Jenifer, Nolwenn Leroy<\/li>\n\n\n\n<li><em>Posters : <\/em>Billy Crawford, Nice People, Oph\u00e9lie Winter, Lorie, Blue, Shakira, Chim\u00e8ne Badi, Charlie&rsquo;s Angels<\/li>\n<\/ul>\n\n\n\n<div style=\"height:20px\" aria-hidden=\"true\" class=\"wp-block-spacer\"><\/div>\n\n\n<div class=\"wp-block-image\">\n<figure class=\"alignleft\"><img decoding=\"async\" src=\"https:\/\/nostalgie2000s.com\/wp-content\/uploads\/2024\/10\/Star-One-15-01-Couverture.jpg\" alt=\"\" class=\"wp-image-717\"\/><\/figure>\n<\/div>\n\n\n<p><strong>Star One n\u00b015 &#8211; Ao\u00fbt \/ Septembre 2003<\/strong><\/p>\n\n\n\n<ul class=\"wp-block-list\">\n<li><em>Articles : <\/em>Thierry Amiel, Blue, Marl\u00e8ne Duval, Billy Crawford, M\u00e9lissa Mars, Lorie, Gareth Gates, L5, Leslie, Priscilla, Nolwenn Leroy, Jonatan Cerrada, R\u00e9v\u00e9lations (C\u00e9r\u00e9na, Stacie Orrico), Chim\u00e8ne Badi, Thomas Mege, Jennifer Lopez<\/li>\n\n\n\n<li><em>Jaquette Vid\u00e9o :<\/em> Jenifer<\/li>\n\n\n\n<li><em>Cartes postales :<\/em> Priscilla, Gigi, Tom Raider, S\u00e9l\u00e9na (Nice People)<\/li>\n\n\n\n<li><em>Affichettes :<\/em> Blue, Aliz\u00e9e<\/li>\n\n\n\n<li><em>Posters :<\/em> Lorie, Shakira, Atomic Kitten, Ricky Martin, Leslie, Jennifer Lopez, Madonna, Autant en emporte le vent, Gareth Gates<\/li>\n<\/ul>\n\n\n\n<div style=\"height:20px\" aria-hidden=\"true\" class=\"wp-block-spacer\"><\/div>\n\n\n<div class=\"wp-block-image\">\n<figure class=\"alignleft\"><img decoding=\"async\" src=\"https:\/\/nostalgie2000s.com\/wp-content\/uploads\/2024\/10\/Star-One-16-01-Couverture.jpg\" alt=\"\" class=\"wp-image-718\"\/><\/figure>\n<\/div>\n\n\n<p><strong>Star One n\u00b016 &#8211; Octobre \/ Novembre 2003<\/strong><\/p>\n\n\n\n<ul class=\"wp-block-list\">\n<li><em>Articles : <\/em>Jonatan Cerrada, Leslie, Billy Crawford, Priscilla, Jean-Pascal, Charmed, Lorie, J\u00e9r\u00e9my Chatelain, Star Academy, Thierry Amiel, Aliz\u00e9e, Houcine, Nolwenn Leroy, Josh Hartnett, Emma Daumas, Just a man, Sofia Mestari<\/li>\n\n\n\n<li><em>Jaquette Vid\u00e9o :<\/em> Billy Crawford<\/li>\n\n\n\n<li><em>Cartes postales :<\/em> Autant en emporte le vent, Emma Daumas, J\u00e9r\u00e9my Chatelain, Scary Movie<\/li>\n\n\n\n<li><em>Affichettes :<\/em> Madonna, Lorie<\/li>\n\n\n\n<li><em>Posters :<\/em> Jonatan Cerrada, Thierry Amiel, Beyonc\u00e9, H\u00e9l\u00e8ne S\u00e9gara, Houcine, Jean-Pascal, Star Academy, Billy Crawford, Craig David, Charmed<\/li>\n<\/ul>\n\n\n\n<div style=\"height:20px\" aria-hidden=\"true\" class=\"wp-block-spacer\"><\/div>\n\n\n<div class=\"wp-block-image\">\n<figure class=\"alignleft\"><img decoding=\"async\" src=\"https:\/\/nostalgie2000s.com\/wp-content\/uploads\/2024\/10\/Star-One-17-01-Couverture.jpg\" alt=\"\" class=\"wp-image-719\"\/><\/figure>\n<\/div>\n\n\n<p><strong>Star One n\u00b017 &#8211; D\u00e9cembre 2003 \/ Janvier 2004<\/strong><\/p>\n\n\n\n<ul class=\"wp-block-list\">\n<li><em>Articles : <\/em>Lukas, Natasha St-Pier, Trag\u00e9die, S\u00e9verine Ferrer, Kylie Minogue, Thierry Amiel, Chim\u00e8ne Badi, Blue, Dido, M\u00e9lissa Mars, Patxi, C\u00e9line Dion, Britney Spears, Thierry Cham, L5, Jonatan Cerrada<\/li>\n\n\n\n<li><em>Jaquette Vid\u00e9o : <\/em>Nolwenn Leroy<\/li>\n\n\n\n<li><em>Cartes postales : <\/em>H\u00e9l\u00e8ne S\u00e9gara, Pierre (Star Academy), Sofia Essa\u00efdi, Scary Movie 3<\/li>\n\n\n\n<li><em>Affichettes :<\/em> Beyonc\u00e9, Le seigneur des anneaux<\/li>\n\n\n\n<li><em>Posters :<\/em> Aliz\u00e9e, Blue, Lorie, L5<\/li>\n<\/ul>\n\n\n\n<div style=\"height:46px\" aria-hidden=\"true\" class=\"wp-block-spacer\"><\/div>\n\n\n\n<h2 class=\"wp-block-heading has-text-align-center\"><em><strong>2004<\/strong><\/em><\/h2>\n\n\n<div class=\"wp-block-image\">\n<figure class=\"alignleft\"><img decoding=\"async\" src=\"https:\/\/nostalgie2000s.com\/wp-content\/uploads\/2024\/10\/Star-One-18-01-Couverture.jpg\" alt=\"\" class=\"wp-image-720\"\/><\/figure>\n<\/div>\n\n\n<p><strong>Star One n\u00b018 &#8211; F\u00e9vrier \/ Mars 2004<\/strong><\/p>\n\n\n\n<ul class=\"wp-block-list\">\n<li><em>Articles : <\/em>Thierry Amiel, Linkup, Linkup &amp; Diadems, Michal, Lorie, Nolwenn Leroy, Emma Daumas, Blue, Jessica Marquez, Jonatan Cerrada, J\u00e9r\u00e9my Chatelain, Elodie Fr\u00e9g\u00e9<\/li>\n\n\n\n<li><em>Jaquette Vid\u00e9o :<\/em> Priscilla<\/li>\n\n\n\n<li><em>Cartes postales :<\/em> 4 cartes sur Blue<\/li>\n\n\n\n<li><em>Mini-silhouettes :<\/em> Lorie, Billy Crawford<\/li>\n\n\n\n<li><em>Posters :<\/em> Elodie Fr\u00e9g\u00e9, Jonatan Cerrada, Linkup, Blue<\/li>\n<\/ul>\n\n\n\n<div style=\"height:20px\" aria-hidden=\"true\" class=\"wp-block-spacer\"><\/div>\n\n\n<div class=\"wp-block-image\">\n<figure class=\"alignleft\"><img decoding=\"async\" src=\"https:\/\/nostalgie2000s.com\/wp-content\/uploads\/2024\/10\/Star-One-19-01-Couverture.jpg\" alt=\"\" class=\"wp-image-721\"\/><\/figure>\n<\/div>\n\n\n<p><strong>Star One n\u00b019 &#8211; Avril \/ Mai 2004<\/strong><\/p>\n\n\n\n<ul class=\"wp-block-list\">\n<li><em>Articles :<\/em> L5, Trag\u00e9die, Priscilla, Thierry Amiel, Emma Daumas, Scooby-Doo, Britney Spears, Mary-Kate &amp; Ashley Olsen, Elodie Fr\u00e9g\u00e9, Evanescence, Linkup, Everton, Orlando Bloom, Lorie, Jonatan Cerrada, Calogero<\/li>\n\n\n\n<li><em>Jaquette Vid\u00e9o :<\/em> Blue<\/li>\n\n\n\n<li><em>Cartes postales : <\/em>4 cartes sur Evanescence<\/li>\n\n\n\n<li><em>Posters :<\/em> Jenifer, Evanescence, Priscilla, Elodie Fr\u00e9g\u00e9 &amp; Michal<\/li>\n\n\n\n<li><em>Affichettes :<\/em> Britney Spears, Janet Jackson<\/li>\n<\/ul>\n\n\n\n<div style=\"height:20px\" aria-hidden=\"true\" class=\"wp-block-spacer\"><\/div>\n\n\n\n<p class=\"has-text-align-center\"><em><strong>Aucune information si le magazine a continu\u00e9 apr\u00e8s le n\u00b019.<\/strong><\/em><\/p>\n\n\n\n<div style=\"height:20px\" aria-hidden=\"true\" class=\"wp-block-spacer\"><\/div>\n\n\n\n<pre class=\"wp-block-preformatted\"><input type=\"button\" value=\"Retour\" class=\"alg_back_button_input \" style=\"\" onclick=\"window.history.back()\" \/><\/pre>\n\n\n\n<p><\/p>\n","protected":false},"excerpt":{"rendered":"<p>Bienvenue dans l\u2019univers de Star One, le magazine qui, jusqu\u2019\u00e0 mi-2002, se distinguait par une id\u00e9e audacieuse : chaque num\u00e9ro \u00e9tait enti\u00e8rement consacr\u00e9 \u00e0 une seule c\u00e9l\u00e9brit\u00e9 embl\u00e9matique de l\u2019\u00e9poque. [&hellip;]<\/p>\n","protected":false},"author":1,"featured_media":0,"parent":744,"menu_order":0,"comment_status":"open","ping_status":"closed","template":"","meta":{"_kadence_starter_templates_imported_post":false,"iawp_total_views":46,"footnotes":""},"class_list":["post-699","page","type-page","status-publish","hentry"],"_links":{"self":[{"href":"https:\/\/nostalgie2000s.com\/index.php\/wp-json\/wp\/v2\/pages\/699","targetHints":{"allow":["GET"]}}],"collection":[{"href":"https:\/\/nostalgie2000s.com\/index.php\/wp-json\/wp\/v2\/pages"}],"about":[{"href":"https:\/\/nostalgie2000s.com\/index.php\/wp-json\/wp\/v2\/types\/page"}],"author":[{"embeddable":true,"href":"https:\/\/nostalgie2000s.com\/index.php\/wp-json\/wp\/v2\/users\/1"}],"replies":[{"embeddable":true,"href":"https:\/\/nostalgie2000s.com\/index.php\/wp-json\/wp\/v2\/comments?post=699"}],"version-history":[{"count":29,"href":"https:\/\/nostalgie2000s.com\/index.php\/wp-json\/wp\/v2\/pages\/699\/revisions"}],"predecessor-version":[{"id":14700,"href":"https:\/\/nostalgie2000s.com\/index.php\/wp-json\/wp\/v2\/pages\/699\/revisions\/14700"}],"up":[{"embeddable":true,"href":"https:\/\/nostalgie2000s.com\/index.php\/wp-json\/wp\/v2\/pages\/744"}],"wp:attachment":[{"href":"https:\/\/nostalgie2000s.com\/index.php\/wp-json\/wp\/v2\/media?parent=699"}],"curies":[{"name":"wp","href":"https:\/\/api.w.org\/{rel}","templated":true}]}}