{"id":6754,"date":"2024-10-21T11:05:03","date_gmt":"2024-10-21T09:05:03","guid":{"rendered":"https:\/\/nostalgie2000s.com\/?page_id=6754"},"modified":"2024-11-05T20:24:53","modified_gmt":"2024-11-05T19:24:53","slug":"loft-story","status":"publish","type":"page","link":"https:\/\/nostalgie2000s.com\/index.php\/loft-story\/","title":{"rendered":"Loft Story"},"content":{"rendered":"\n<figure class=\"wp-block-image size-large is-resized\"><img decoding=\"async\" src=\"https:\/\/nostalgie2000s.com\/wp-content\/uploads\/2024\/11\/loftstoryloft.jpg\" alt=\"\" style=\"width:840px;height:auto\"\/><\/figure>\n\n\n\n<div style=\"height:22px\" aria-hidden=\"true\" class=\"wp-block-spacer\"><\/div>\n\n\n\n<p>Diffus\u00e9e pour la premi\u00e8re fois en 2001, <strong><em>Loft Story<\/em><\/strong> a r\u00e9volutionn\u00e9 le paysage audiovisuel en mettant en sc\u00e8ne des candidats enferm\u00e9s dans une maison sous l&rsquo;\u0153il constant des cam\u00e9ras. Cette exp\u00e9rience unique a captiv\u00e9 des millions de t\u00e9l\u00e9spectateurs et reste encore aujourd&rsquo;hui un ph\u00e9nom\u00e8ne culturel embl\u00e9matique.<\/p>\n\n\n\n<figure class=\"wp-block-embed is-type-video is-provider-youtube wp-block-embed-youtube wp-embed-aspect-16-9 wp-has-aspect-ratio\"><div class=\"wp-block-embed__wrapper\">\n<iframe loading=\"lazy\" title=\"DISCONNECTION - My Only Love\/Loft Music (Extended Mix) 2001\" width=\"640\" height=\"360\" src=\"https:\/\/www.youtube.com\/embed\/yo5ABPavy3g?feature=oembed\" frameborder=\"0\" allow=\"accelerometer; autoplay; clipboard-write; encrypted-media; gyroscope; picture-in-picture; web-share\" referrerpolicy=\"strict-origin-when-cross-origin\" allowfullscreen><\/iframe>\n<\/div><figcaption class=\"wp-element-caption\">Disconnection Loft Music : <em>\u00ab\u00a0My Only Love\u00a0\u00bb<\/em> (2001)<\/figcaption><\/figure>\n\n\n\n<p>Choisissez votre aventure et revivez les moments forts de l&rsquo;\u00e9mission en s\u00e9lectionnant la saison qui vous int\u00e9resse :<\/p>\n\n\n<div class=\"wp-block-image\">\n<figure class=\"aligncenter size-large\"><a href=\"https:\/\/nostalgie2000s.com\/index.php\/loft-story-1\/\"><img decoding=\"async\" src=\"https:\/\/nostalgie2000s.com\/wp-content\/uploads\/2024\/11\/loftstorysaison1.jpg\" alt=\"Saison 1\"\/><\/a><\/figure>\n<\/div>\n\n\n<div style=\"height:25px\" aria-hidden=\"true\" class=\"wp-block-spacer\"><\/div>\n\n\n\n<p class=\"has-text-align-center\"><strong>En cours de r\u00e9daction :<\/strong><\/p>\n\n\n<div class=\"wp-block-image\">\n<figure class=\"aligncenter size-large\"><img decoding=\"async\" src=\"https:\/\/nostalgie2000s.com\/wp-content\/uploads\/2024\/11\/loftstorysaison2.jpg\" alt=\"Saison 2\"\/><\/figure>\n<\/div>\n\n\n<div style=\"height:17px\" aria-hidden=\"true\" class=\"wp-block-spacer\"><\/div>\n\n\n\n<p>L&rsquo;int\u00e9gralit\u00e9 des primes et des quotidiennes est disponible sur la<strong> cha\u00eene Youtube officielle<\/strong> :<\/p>\n\n\n\n<figure class=\"wp-block-image size-large is-resized\"><a href=\"https:\/\/www.youtube.com\/watch?v=bNsXN_Zyaow&amp;list=PLSFlf3GVgicfgHeDbEE7or4yE5iGXneY_\" target=\"_blank\" rel=\"noreferrer noopener\"><img decoding=\"async\" src=\"https:\/\/nostalgie2000s.com\/wp-content\/uploads\/2024\/11\/icontvrealite-1.jpg\" alt=\"\" style=\"width:840px;height:auto\"\/><\/a><\/figure>\n\n\n\n<pre class=\"wp-block-preformatted\"><input type=\"button\" value=\"Retour\" class=\"alg_back_button_input \" style=\"\" onclick=\"window.history.back()\" \/><\/pre>\n","protected":false},"excerpt":{"rendered":"<p>Diffus\u00e9e pour la premi\u00e8re fois en 2001, Loft Story a r\u00e9volutionn\u00e9 le paysage audiovisuel en mettant en sc\u00e8ne des candidats enferm\u00e9s dans une maison sous l&rsquo;\u0153il constant des cam\u00e9ras. Cette [&hellip;]<\/p>\n","protected":false},"author":1,"featured_media":0,"parent":0,"menu_order":0,"comment_status":"open","ping_status":"closed","template":"","meta":{"_kadence_starter_templates_imported_post":false,"iawp_total_views":54,"footnotes":""},"class_list":["post-6754","page","type-page","status-publish","hentry"],"_links":{"self":[{"href":"https:\/\/nostalgie2000s.com\/index.php\/wp-json\/wp\/v2\/pages\/6754","targetHints":{"allow":["GET"]}}],"collection":[{"href":"https:\/\/nostalgie2000s.com\/index.php\/wp-json\/wp\/v2\/pages"}],"about":[{"href":"https:\/\/nostalgie2000s.com\/index.php\/wp-json\/wp\/v2\/types\/page"}],"author":[{"embeddable":true,"href":"https:\/\/nostalgie2000s.com\/index.php\/wp-json\/wp\/v2\/users\/1"}],"replies":[{"embeddable":true,"href":"https:\/\/nostalgie2000s.com\/index.php\/wp-json\/wp\/v2\/comments?post=6754"}],"version-history":[{"count":9,"href":"https:\/\/nostalgie2000s.com\/index.php\/wp-json\/wp\/v2\/pages\/6754\/revisions"}],"predecessor-version":[{"id":10912,"href":"https:\/\/nostalgie2000s.com\/index.php\/wp-json\/wp\/v2\/pages\/6754\/revisions\/10912"}],"wp:attachment":[{"href":"https:\/\/nostalgie2000s.com\/index.php\/wp-json\/wp\/v2\/media?parent=6754"}],"curies":[{"name":"wp","href":"https:\/\/api.w.org\/{rel}","templated":true}]}}