{"id":6159,"date":"2024-10-11T23:10:06","date_gmt":"2024-10-11T21:10:06","guid":{"rendered":"https:\/\/nostalgie2000s.com\/?page_id=6159"},"modified":"2025-12-17T15:11:30","modified_gmt":"2025-12-17T14:11:30","slug":"chaines-musicales","status":"publish","type":"page","link":"https:\/\/nostalgie2000s.com\/index.php\/chaines-musicales\/","title":{"rendered":"Cha\u00eenes musicales"},"content":{"rendered":"\n<figure class=\"wp-block-image size-full\"><img loading=\"lazy\" decoding=\"async\" width=\"863\" height=\"203\" src=\"https:\/\/nostalgie2000s.com\/wp-content\/uploads\/2024\/10\/4chainesmusicales.jpg\" alt=\"\" class=\"wp-image-6282\" srcset=\"https:\/\/nostalgie2000s.com\/wp-content\/uploads\/2024\/10\/4chainesmusicales.jpg 863w, https:\/\/nostalgie2000s.com\/wp-content\/uploads\/2024\/10\/4chainesmusicales-300x71.jpg 300w, https:\/\/nostalgie2000s.com\/wp-content\/uploads\/2024\/10\/4chainesmusicales-768x181.jpg 768w\" sizes=\"auto, (max-width: 863px) 100vw, 863px\" \/><\/figure>\n\n\n\n<div style=\"height:14px\" aria-hidden=\"true\" class=\"wp-block-spacer\"><\/div>\n\n\n\n<p>Les ann\u00e9es 2000 ont marqu\u00e9 l&rsquo;\u00e2ge d&rsquo;or des cha\u00eenes musicales \u00e0 la t\u00e9l\u00e9vision, des espaces o\u00f9 la musique et la culture pop se rencontraient pour cr\u00e9er un v\u00e9ritable ph\u00e9nom\u00e8ne aupr\u00e8s de la jeunesse. <em>M6 Music<\/em>, <em>Fun TV<\/em>, <em>MCM<\/em> et <em>MTV France<\/em> \u00e9taient au c\u0153ur de ce mouvement, offrant un m\u00e9lange de clips, de live, d&rsquo;interviews et de classements qui ont rythm\u00e9 le quotidien d\u2019une g\u00e9n\u00e9ration de t\u00e9l\u00e9spectateurs. Ces cha\u00eenes, v\u00e9ritables vitrines de la musique en France, ont fa\u00e7onn\u00e9 le paysage musical et ont contribu\u00e9 \u00e0 la popularisation de nombreux artistes. Retour sur ces cha\u00eenes embl\u00e9matiques \u00e0 une \u00e9poque o\u00f9 Youtube n&rsquo;existait pas.<\/p>\n\n\n\n<div style=\"height:10px\" aria-hidden=\"true\" class=\"wp-block-spacer\"><\/div>\n\n\n\n<iframe loading=\"lazy\" width=\"960\" height=\"480\" src=\"https:\/\/www.youtube.com\/embed\/lxhbkhwzdj4?si=keHr2-gllLEoRbzT\" title=\"YouTube video player\" frameborder=\"0\" allow=\"accelerometer; autoplay; clipboard-write; encrypted-media; gyroscope; picture-in-picture; web-share\" referrerpolicy=\"strict-origin-when-cross-origin\" allowfullscreen><\/iframe>\n\n\n\n<div style=\"height:82px\" aria-hidden=\"true\" class=\"wp-block-spacer\"><\/div>\n\n\n\n<h3 class=\"wp-block-heading\"><em>MTV France<\/em> : L\u2019empire du cool \u00e0 l&rsquo;am\u00e9ricaine<\/h3>\n\n\n\n<figure class=\"wp-block-image size-full\"><img loading=\"lazy\" decoding=\"async\" width=\"863\" height=\"203\" src=\"https:\/\/nostalgie2000s.com\/wp-content\/uploads\/2024\/10\/mtvfrance1.jpg\" alt=\"\" class=\"wp-image-6273\" srcset=\"https:\/\/nostalgie2000s.com\/wp-content\/uploads\/2024\/10\/mtvfrance1.jpg 863w, https:\/\/nostalgie2000s.com\/wp-content\/uploads\/2024\/10\/mtvfrance1-300x71.jpg 300w, https:\/\/nostalgie2000s.com\/wp-content\/uploads\/2024\/10\/mtvfrance1-768x181.jpg 768w\" sizes=\"auto, (max-width: 863px) 100vw, 863px\" \/><\/figure>\n\n\n\n<div style=\"height:13px\" aria-hidden=\"true\" class=\"wp-block-spacer\"><\/div>\n\n\n\n<p>Lanc\u00e9e en juin 2000, <strong>MTV France<\/strong> est la d\u00e9clinaison hexagonale de la mythique cha\u00eene am\u00e9ricaine qui a r\u00e9volutionn\u00e9 la t\u00e9l\u00e9vision dans les ann\u00e9es 80 et 90. D\u00e8s son arriv\u00e9e, elle s\u2019est rapidement impos\u00e9e comme un acteur incontournable de la culture jeune, d\u00e9passant largement le cadre d\u2019une simple cha\u00eene musicale. MTV France repr\u00e9sentait un v\u00e9ritable ph\u00e9nom\u00e8ne de pop culture, m\u00ealant musique, divertissement et tendances pour incarner l\u2019esprit \u00ab\u00a0cool\u00a0\u00bb qui d\u00e9finissait la marque <strong>MTV<\/strong>.<\/p>\n\n\n\n<p>La force de <strong>MTV France<\/strong> r\u00e9sidait dans sa capacit\u00e9 \u00e0 combiner la diffusion de clips et d\u2019\u00e9missions musicales avec des programmes de divertissement, cr\u00e9ant ainsi une programmation diversifi\u00e9e et innovante. Si des \u00e9missions musicales comme le <strong>Top 20<\/strong> et les c\u00e9l\u00e8bres concerts acoustiques <strong>MTV Unplugged<\/strong> restaient au c\u0153ur de la cha\u00eene, MTV France proposait \u00e9galement des documentaires exclusifs comme <strong>Making the Video<\/strong> et <strong>Making the Movie<\/strong>, permettant aux t\u00e9l\u00e9spectateurs de d\u00e9couvrir les coulisses de leurs clips pr\u00e9f\u00e9r\u00e9s. De plus, les c\u00e9r\u00e9monies phares comme les <strong>MTV Video Music Awards<\/strong> et les <strong>MTV Europe Music Awards<\/strong> offraient aux fans l\u2019occasion de suivre leurs stars \u00e0 travers le monde.<\/p>\n\n\n\n<div style=\"height:10px\" aria-hidden=\"true\" class=\"wp-block-spacer\"><\/div>\n\n\n\n<iframe loading=\"lazy\" width=\"960\" height=\"480\" src=\"https:\/\/www.youtube.com\/embed\/FqXU2HrP9j4?si=l1XECea4nxwVlYTB\" title=\"YouTube video player\" frameborder=\"0\" allow=\"accelerometer; autoplay; clipboard-write; encrypted-media; gyroscope; picture-in-picture; web-share\" referrerpolicy=\"strict-origin-when-cross-origin\" allowfullscreen><\/iframe>\n\n\n\n<div style=\"height:8px\" aria-hidden=\"true\" class=\"wp-block-spacer\"><\/div>\n\n\n\n<p>Cependant, la grande transformation de <strong>MTV<\/strong> dans les ann\u00e9es 2000 a \u00e9t\u00e9 marqu\u00e9e par l\u2019introduction de programmes non musicaux qui ont su captiver un large public. Des \u00e9missions comme <strong>Jackass<\/strong>, <strong>Pimp My Ride<\/strong>, <strong>The Osbournes<\/strong>, et <strong>MTV Becoming<\/strong>, o\u00f9 des fans recr\u00e9aient les clips de leurs idoles, ont contribu\u00e9 \u00e0 transformer <strong>MTV France<\/strong> en une cha\u00eene de divertissement globale. La cha\u00eene a rapidement \u00e9volu\u00e9 vers une offre de t\u00e9l\u00e9r\u00e9alit\u00e9, capturant l&rsquo;air du temps avec des programmes cultes tels que <strong>Punk\u2019d<\/strong>, o\u00f9 <strong>Ashton Kutcher<\/strong> pi\u00e9geait des c\u00e9l\u00e9brit\u00e9s, ou encore des \u00e9missions lifestyle comme <strong>Mon incroyable anniversaire<\/strong> et <strong>Dismissed<\/strong>.<\/p>\n\n\n\n<p><strong>MTV France<\/strong> a su anticiper et suivre les tendances musicales et culturelles de l\u2019\u00e9poque. Que ce soit avec la mont\u00e9e de la musique urbaine, mettant en avant des artistes comme <strong>Eminem<\/strong>, <strong>Beyonc\u00e9<\/strong> ou <strong>50 Cent<\/strong>, ou le rock avec des groupes embl\u00e9matiques tels que <strong>Green Day<\/strong> et <strong>Blink-182<\/strong>, MTV \u00e9tait \u00e0 l&rsquo;avant-garde des nouveaut\u00e9s musicales. La cha\u00eene a incarn\u00e9 l\u2019\u00e9nergie et le dynamisme de la jeunesse tout en cr\u00e9ant des \u00e9v\u00e9nements marquants qui ont laiss\u00e9 une empreinte durable dans la m\u00e9moire collective.<\/p>\n\n\n\n<div style=\"height:8px\" aria-hidden=\"true\" class=\"wp-block-spacer\"><\/div>\n\n\n\n<iframe loading=\"lazy\" width=\"960\" height=\"480\" src=\"https:\/\/www.youtube.com\/embed\/6pERqanwlCI?si=hOdkFs8YILR7nRwl\" title=\"YouTube video player\" frameborder=\"0\" allow=\"accelerometer; autoplay; clipboard-write; encrypted-media; gyroscope; picture-in-picture; web-share\" referrerpolicy=\"strict-origin-when-cross-origin\" allowfullscreen><\/iframe>\n\n\n\n<div style=\"height:10px\" aria-hidden=\"true\" class=\"wp-block-spacer\"><\/div>\n\n\n\n<p>Avec cette programmation vari\u00e9e, <strong>MTV France<\/strong> est devenue plus qu&rsquo;une cha\u00eene musicale, elle a incarn\u00e9 une g\u00e9n\u00e9ration, associant musique et divertissement, et a marqu\u00e9 les ann\u00e9es 2000 en tant que v\u00e9ritable ic\u00f4ne de la pop culture.<\/p>\n\n\n\n<div style=\"height:82px\" aria-hidden=\"true\" class=\"wp-block-spacer\"><\/div>\n\n\n\n<h3 class=\"wp-block-heading\"><em>MCM<\/em> : L&rsquo;audace musicale des ann\u00e9es 2000<\/h3>\n\n\n\n<figure class=\"wp-block-image size-full\"><img loading=\"lazy\" decoding=\"async\" width=\"863\" height=\"203\" src=\"https:\/\/nostalgie2000s.com\/wp-content\/uploads\/2024\/10\/mcm4.jpg\" alt=\"\" class=\"wp-image-6278\" srcset=\"https:\/\/nostalgie2000s.com\/wp-content\/uploads\/2024\/10\/mcm4.jpg 863w, https:\/\/nostalgie2000s.com\/wp-content\/uploads\/2024\/10\/mcm4-300x71.jpg 300w, https:\/\/nostalgie2000s.com\/wp-content\/uploads\/2024\/10\/mcm4-768x181.jpg 768w\" sizes=\"auto, (max-width: 863px) 100vw, 863px\" \/><\/figure>\n\n\n\n<div style=\"height:13px\" aria-hidden=\"true\" class=\"wp-block-spacer\"><\/div>\n\n\n\n<p>Fond\u00e9e en 1989 par le groupe Lagard\u00e8re sous le nom <strong>Ma Cha\u00eene Musicale<\/strong>, <strong>MCM<\/strong> s\u2019est rapidement impos\u00e9e comme une alternative audacieuse aux autres cha\u00eenes musicales. Lanc\u00e9e en 1992 sur le bouquet <strong>CanalSatellite<\/strong>, la cha\u00eene s\u2019adressait \u00e0 un public jeune et \u00e9clectique, se distinguant par une programmation qui m\u00e9langeait aussi bien la pop mainstream que des genres plus alternatifs, tels que le rock, le m\u00e9tal et les musiques urbaines. Cette diversit\u00e9 musicale en a fait une cha\u00eene de r\u00e9f\u00e9rence pour ceux qui cherchaient \u00e0 d\u00e9couvrir des sonorit\u00e9s moins repr\u00e9sent\u00e9es \u00e0 la t\u00e9l\u00e9vision.<\/p>\n\n\n\n<div style=\"height:13px\" aria-hidden=\"true\" class=\"wp-block-spacer\"><\/div>\n\n\n\n<figure class=\"wp-block-image size-full\"><img loading=\"lazy\" decoding=\"async\" width=\"863\" height=\"203\" src=\"https:\/\/nostalgie2000s.com\/wp-content\/uploads\/2024\/10\/mcm3.jpg\" alt=\"\" class=\"wp-image-6277\" srcset=\"https:\/\/nostalgie2000s.com\/wp-content\/uploads\/2024\/10\/mcm3.jpg 863w, https:\/\/nostalgie2000s.com\/wp-content\/uploads\/2024\/10\/mcm3-300x71.jpg 300w, https:\/\/nostalgie2000s.com\/wp-content\/uploads\/2024\/10\/mcm3-768x181.jpg 768w\" sizes=\"auto, (max-width: 863px) 100vw, 863px\" \/><\/figure>\n\n\n\n<div style=\"height:13px\" aria-hidden=\"true\" class=\"wp-block-spacer\"><\/div>\n\n\n\n<p>Durant les ann\u00e9es 2000, <strong>MCM<\/strong> s\u2019est affirm\u00e9e comme un acteur cl\u00e9 de la musique \u00e0 la t\u00e9l\u00e9vision avec des retransmissions de concert dans <strong>Live Session<\/strong>, l&rsquo;occasion de voir des concerts in\u00e9dits en support physsique, comme le <em>\u00ab\u00a0Onyx Hotel Tour\u00a0\u00bb<\/em> ou le <em>\u00ab\u00a0Oops!&#8230; I did it again tour\u00a0\u00bb<\/em> de Britney Spears. La cha\u00eene proposait \u00e9galement des interviews et des reportages sur des groupes embl\u00e9matiques de la sc\u00e8ne rock et alternative. Des artistes comme <strong>Muse<\/strong>, <strong>Linkin Park<\/strong> et <strong>The White Stripes<\/strong> y ont trouv\u00e9 un tremplin m\u00e9diatique, tout comme de nombreux groupes de la sc\u00e8ne fran\u00e7aise.<\/p>\n\n\n\n<div style=\"height:11px\" aria-hidden=\"true\" class=\"wp-block-spacer\"><\/div>\n\n\n\n<iframe loading=\"lazy\" width=\"960\" height=\"480\" src=\"https:\/\/www.youtube.com\/embed\/Eks2rrM6-cM?si=Uco7MqB5Imgh6T9g\" title=\"YouTube video player\" frameborder=\"0\" allow=\"accelerometer; autoplay; clipboard-write; encrypted-media; gyroscope; picture-in-picture; web-share\" referrerpolicy=\"strict-origin-when-cross-origin\" allowfullscreen><\/iframe>\n\n\n\n<div style=\"height:19px\" aria-hidden=\"true\" class=\"wp-block-spacer\"><\/div>\n\n\n\n<figure class=\"wp-block-image size-full\"><img loading=\"lazy\" decoding=\"async\" width=\"863\" height=\"203\" src=\"https:\/\/nostalgie2000s.com\/wp-content\/uploads\/2024\/10\/mcm1.jpg\" alt=\"\" class=\"wp-image-6275\" srcset=\"https:\/\/nostalgie2000s.com\/wp-content\/uploads\/2024\/10\/mcm1.jpg 863w, https:\/\/nostalgie2000s.com\/wp-content\/uploads\/2024\/10\/mcm1-300x71.jpg 300w, https:\/\/nostalgie2000s.com\/wp-content\/uploads\/2024\/10\/mcm1-768x181.jpg 768w\" sizes=\"auto, (max-width: 863px) 100vw, 863px\" \/><\/figure>\n\n\n\n<div style=\"height:10px\" aria-hidden=\"true\" class=\"wp-block-spacer\"><\/div>\n\n\n\n<p>En plus des performances live, <strong>MCM<\/strong> offrait des \u00e9missions embl\u00e9matiques comme <strong>Clipline<\/strong>, pr\u00e9sent\u00e9e par Olia et Adrien, o\u00f9 les t\u00e9l\u00e9spectateurs pouvaient d\u00e9dicacer leurs clips pr\u00e9f\u00e9r\u00e9s. Le <strong>Top 50<\/strong>, qu&rsquo;il soit fran\u00e7ais ou am\u00e9ricain, anim\u00e9 par <strong>Ness<\/strong>, \u00e9tait un rendez-vous incontournable pour suivre les tendances musicales du moment.<\/p>\n\n\n\n<div style=\"height:10px\" aria-hidden=\"true\" class=\"wp-block-spacer\"><\/div>\n\n\n\n<iframe loading=\"lazy\" width=\"960\" height=\"480\" src=\"https:\/\/www.youtube.com\/embed\/wmGFRCDW9g8?si=gRUWi9NVMNihLotz\" title=\"YouTube video player\" frameborder=\"0\" allow=\"accelerometer; autoplay; clipboard-write; encrypted-media; gyroscope; picture-in-picture; web-share\" referrerpolicy=\"strict-origin-when-cross-origin\" allowfullscreen><\/iframe>\n\n\n\n<div style=\"height:10px\" aria-hidden=\"true\" class=\"wp-block-spacer\"><\/div>\n\n\n\n<p>La cha\u00eene se d\u00e9marquait \u00e9galement par sa capacit\u00e9 \u00e0 varier les genres selon les cr\u00e9neaux horaires, passant des tubes pop aux sessions de clips de m\u00e9tal ou de hip-hop. Outre la musique, <strong>MCM<\/strong> explorait la culture cin\u00e9matographique avec l&rsquo;\u00e9mission <strong>Cin\u00e9mascope<\/strong>, o\u00f9 l&rsquo;on pouvait d\u00e9couvrir des interviews, des actualit\u00e9s sur les films et des making-of exclusifs. Elle proposait aussi des \u00e9v\u00e9nements internationaux majeurs, comme les <strong>Billboard Awards<\/strong> ou les <strong>Teen Choice Awards<\/strong>, diffus\u00e9s en version sous-titr\u00e9e, permettant au public fran\u00e7ais de suivre les grands moments de la culture musicale am\u00e9ricaine.<\/p>\n\n\n\n<div style=\"height:10px\" aria-hidden=\"true\" class=\"wp-block-spacer\"><\/div>\n\n\n\n<figure class=\"wp-block-image size-full\"><img loading=\"lazy\" decoding=\"async\" width=\"863\" height=\"203\" src=\"https:\/\/nostalgie2000s.com\/wp-content\/uploads\/2024\/10\/mcm2.jpg\" alt=\"\" class=\"wp-image-6276\" srcset=\"https:\/\/nostalgie2000s.com\/wp-content\/uploads\/2024\/10\/mcm2.jpg 863w, https:\/\/nostalgie2000s.com\/wp-content\/uploads\/2024\/10\/mcm2-300x71.jpg 300w, https:\/\/nostalgie2000s.com\/wp-content\/uploads\/2024\/10\/mcm2-768x181.jpg 768w\" sizes=\"auto, (max-width: 863px) 100vw, 863px\" \/><\/figure>\n\n\n\n<div style=\"height:10px\" aria-hidden=\"true\" class=\"wp-block-spacer\"><\/div>\n\n\n\n<p>En comptabilisant ses d\u00e9clinaisons <strong>MCM Top <\/strong>et\u00a0<strong>MCM Pop<\/strong>, d\u00e9di\u00e9 aux ann\u00e9es 80\/90, le groupe <strong>MCM<\/strong> est rest\u00e9 un espace privil\u00e9gi\u00e9 pour les amateurs de musique plus audacieuse et alternative. Elle a su se distinguer par son ouverture d\u2019esprit et son engagement \u00e0 mettre en lumi\u00e8re des artistes et des genres souvent n\u00e9glig\u00e9s par les autres cha\u00eenes musicales de l\u2019\u00e9poque.<\/p>\n\n\n\n<div style=\"height:76px\" aria-hidden=\"true\" class=\"wp-block-spacer\"><\/div>\n\n\n\n<h3 class=\"wp-block-heading\"><em>M6 Music<\/em> : La cha\u00eene fran\u00e7aise d\u00e9di\u00e9e \u00e0 la diversit\u00e9 musicale<\/h3>\n\n\n\n<div style=\"height:10px\" aria-hidden=\"true\" class=\"wp-block-spacer\"><\/div>\n\n\n\n<figure class=\"wp-block-image size-full\"><img loading=\"lazy\" decoding=\"async\" width=\"863\" height=\"203\" src=\"https:\/\/nostalgie2000s.com\/wp-content\/uploads\/2024\/10\/M6music1-1.jpg\" alt=\"\" class=\"wp-image-9167\" srcset=\"https:\/\/nostalgie2000s.com\/wp-content\/uploads\/2024\/10\/M6music1-1.jpg 863w, https:\/\/nostalgie2000s.com\/wp-content\/uploads\/2024\/10\/M6music1-1-300x71.jpg 300w, https:\/\/nostalgie2000s.com\/wp-content\/uploads\/2024\/10\/M6music1-1-768x181.jpg 768w\" sizes=\"auto, (max-width: 863px) 100vw, 863px\" \/><\/figure>\n\n\n\n<p>Lanc\u00e9e le 5 mars 1998 par le groupe M6, <strong>M6 Music<\/strong> s&rsquo;est rapidement impos\u00e9e comme une r\u00e9f\u00e9rence pour les amateurs de musique en France. Diffusant des clips 24h\/24, elle permettait aux t\u00e9l\u00e9spectateurs de d\u00e9couvrir \u00e0 toute heure les derniers tubes d&rsquo;artistes fran\u00e7ais et internationaux, avec une programmation \u00e9clectique allant de la pop au rock, en passant par l&rsquo;\u00e9lectro, le rap et la vari\u00e9t\u00e9 fran\u00e7aise. La cha\u00eene offrait une grande diversit\u00e9 musicale gr\u00e2ce \u00e0 des \u00e9missions et des playlists th\u00e9matiques, qui r\u00e9pondaient aux go\u00fbts vari\u00e9s de son public.<\/p>\n\n\n\n<div style=\"height:9px\" aria-hidden=\"true\" class=\"wp-block-spacer\"><\/div>\n\n\n\n<iframe loading=\"lazy\" width=\"960\" height=\"480\" src=\"https:\/\/www.youtube.com\/embed\/gNqOE64RHYs?si=Am6f-BcRH_0XjTW4\" title=\"YouTube video player\" frameborder=\"0\" allow=\"accelerometer; autoplay; clipboard-write; encrypted-media; gyroscope; picture-in-picture; web-share\" referrerpolicy=\"strict-origin-when-cross-origin\" allowfullscreen><\/iframe>\n\n\n\n<div style=\"height:9px\" aria-hidden=\"true\" class=\"wp-block-spacer\"><\/div>\n\n\n\n<p>Au d\u00e9but des ann\u00e9es 2000, <strong>M6 Music<\/strong> devient un acteur incontournable de la musique \u00e0 la t\u00e9l\u00e9vision, notamment gr\u00e2ce \u00e0 des programmes phares comme <strong>Live<\/strong>, o\u00f9 \u00e9taient diffus\u00e9es des performances live dans des conditions proches d&rsquo;un v\u00e9ritable concert, ou encore des diffusions de l&rsquo;\u00e9mission britannique <strong>Top of the pops<\/strong>, qui mettaient en avant les morceaux les plus populaires du moment. Ces \u00e9missions ont contribu\u00e9 \u00e0 propulser de nombreux artistes sur la sc\u00e8ne nationale et internationale, tout en restant une source de d\u00e9couvertes musicales majeures.<\/p>\n\n\n\n<div style=\"height:10px\" aria-hidden=\"true\" class=\"wp-block-spacer\"><\/div>\n\n\n\n<figure class=\"wp-block-image size-full\"><img loading=\"lazy\" decoding=\"async\" width=\"863\" height=\"203\" src=\"https:\/\/nostalgie2000s.com\/wp-content\/uploads\/2024\/10\/m6music2-1.jpg\" alt=\"\" class=\"wp-image-9168\" srcset=\"https:\/\/nostalgie2000s.com\/wp-content\/uploads\/2024\/10\/m6music2-1.jpg 863w, https:\/\/nostalgie2000s.com\/wp-content\/uploads\/2024\/10\/m6music2-1-300x71.jpg 300w, https:\/\/nostalgie2000s.com\/wp-content\/uploads\/2024\/10\/m6music2-1-768x181.jpg 768w\" sizes=\"auto, (max-width: 863px) 100vw, 863px\" \/><\/figure>\n\n\n\n<div style=\"height:10px\" aria-hidden=\"true\" class=\"wp-block-spacer\"><\/div>\n\n\n\n<p>La cha\u00eene proposait aussi des \u00e9v\u00e9nements sp\u00e9ciaux, comme les week-ends <strong>48 heures<\/strong>, consacr\u00e9s \u00e0 un artiste ou un genre musical particulier. De nombreuses \u00e9missions th\u00e9matiques ont vu le jour, telles que <strong>Gold<\/strong>, d\u00e9di\u00e9e aux clips des ann\u00e9es 90, <strong>Cent pour cent<\/strong>, qui se concentrait sur un artiste en particulier, ainsi que la s\u00e9rie des \u00e9missions <strong>Pur<\/strong> (Pur Hits, Pur Black, Pur Rap et Pur Rock), offrant des playlists adapt\u00e9es \u00e0 diff\u00e9rents genres.<\/p>\n\n\n\n<div style=\"height:12px\" aria-hidden=\"true\" class=\"wp-block-spacer\"><\/div>\n\n\n\n<iframe loading=\"lazy\" width=\"960\" height=\"480\" src=\"https:\/\/www.youtube.com\/embed\/DVoCuIV5hvM?si=YAZqn2_F-5srR0l4\" title=\"YouTube video player\" frameborder=\"0\" allow=\"accelerometer; autoplay; clipboard-write; encrypted-media; gyroscope; picture-in-picture; web-share\" referrerpolicy=\"strict-origin-when-cross-origin\" allowfullscreen><\/iframe>\n\n\n\n<div style=\"height:12px\" aria-hidden=\"true\" class=\"wp-block-spacer\"><\/div>\n\n\n\n<p>En 2005, <strong>M6 Music<\/strong> \u00e9volue et devient <strong>M6 Music Hits<\/strong>, en se concentrant davantage sur les hits du moment. Cette transformation s&rsquo;accompagne du lancement de deux nouvelles cha\u00eenes : <strong>M6 Music Black<\/strong>, d\u00e9di\u00e9e \u00e0 la musique urbaine, et <strong>M6 Music Rock<\/strong>, sp\u00e9cialis\u00e9e dans le rock, permettant \u00e0 la marque de s&rsquo;adresser \u00e0 des publics toujours plus segment\u00e9s. En capitalisant sur l&rsquo;essor de l&rsquo;industrie musicale et en r\u00e9pondant aux attentes d&rsquo;un public diversifi\u00e9, <strong>M6 Music<\/strong> a su maintenir sa place de cha\u00eene musicale incontournable pour les jeunes t\u00e9l\u00e9spectateurs en qu\u00eate de nouvelles tendances.<\/p>\n\n\n\n<div style=\"height:87px\" aria-hidden=\"true\" class=\"wp-block-spacer\"><\/div>\n\n\n\n<h3 class=\"wp-block-heading\"><em>Fun TV<\/em> : La musique et les \u00e9missions cultes de M6<\/h3>\n\n\n\n<div style=\"height:10px\" aria-hidden=\"true\" class=\"wp-block-spacer\"><\/div>\n\n\n\n<figure class=\"wp-block-image size-full\"><img loading=\"lazy\" decoding=\"async\" width=\"863\" height=\"203\" src=\"https:\/\/nostalgie2000s.com\/wp-content\/uploads\/2024\/10\/funtv1.jpg\" alt=\"\" class=\"wp-image-6284\" srcset=\"https:\/\/nostalgie2000s.com\/wp-content\/uploads\/2024\/10\/funtv1.jpg 863w, https:\/\/nostalgie2000s.com\/wp-content\/uploads\/2024\/10\/funtv1-300x71.jpg 300w, https:\/\/nostalgie2000s.com\/wp-content\/uploads\/2024\/10\/funtv1-768x181.jpg 768w\" sizes=\"auto, (max-width: 863px) 100vw, 863px\" \/><\/figure>\n\n\n\n<div style=\"height:10px\" aria-hidden=\"true\" class=\"wp-block-spacer\"><\/div>\n\n\n\n<p>Dans les ann\u00e9es 2000, <strong>Fun TV<\/strong> s&rsquo;est impos\u00e9e comme une cha\u00eene musicale incontournable pour les jeunes, combinant \u00e0 la fois la diffusion de clips et les rediffusions des \u00e9missions cultes de <strong>M6<\/strong>. Lanc\u00e9e en 1997, elle permettait aux t\u00e9l\u00e9spectateurs de d\u00e9couvrir les derni\u00e8res tendances musicales, qu\u2019il s\u2019agisse de pop, de rock, de rap ou de musique \u00e9lectronique. La cha\u00eene se d\u00e9marquait par la rediffusion de programmes phares tels que <strong>Popstars<\/strong>, <strong>Fan De<\/strong>, <strong>Hit Machine<\/strong>, ou encore <strong>Nouvelle Star<\/strong>, offrant ainsi un contenu riche en lien direct avec la culture musicale de l\u2019\u00e9poque.<\/p>\n\n\n\n<div style=\"height:9px\" aria-hidden=\"true\" class=\"wp-block-spacer\"><\/div>\n\n\n\n<iframe loading=\"lazy\" width=\"960\" height=\"480\" src=\"https:\/\/www.youtube.com\/embed\/-Qgrw8nlY4o?si=Q5EnfPt1NInMETOp\" title=\"YouTube video player\" frameborder=\"0\" allow=\"accelerometer; autoplay; clipboard-write; encrypted-media; gyroscope; picture-in-picture; web-share\" referrerpolicy=\"strict-origin-when-cross-origin\" allowfullscreen><\/iframe>\n\n\n\n<div style=\"height:9px\" aria-hidden=\"true\" class=\"wp-block-spacer\"><\/div>\n\n\n\n<p>Au-del\u00e0 des clips, <strong>Fun TV<\/strong> se distinguait par son ton jeune et d\u00e9cal\u00e9, mettant l&rsquo;accent sur l\u2019interactivit\u00e9 avec les t\u00e9l\u00e9spectateurs, et explorait d&rsquo;autres formes de divertissement, y compris des \u00e9missions de t\u00e9l\u00e9r\u00e9alit\u00e9 et des documentaires sur les c\u00e9l\u00e9brit\u00e9s. Ce m\u00e9lange de musique et de pop culture faisait de la cha\u00eene un espace de d\u00e9couverte et de divertissement qui captait parfaitement l\u2019esprit des ann\u00e9es 2000.<\/p>\n\n\n\n<p>Malgr\u00e9 son succ\u00e8s, l\u2019av\u00e8nement d&rsquo;internet et des nouvelles fa\u00e7ons de consommer la musique, notamment avec <strong>YouTube<\/strong>, a marqu\u00e9 le d\u00e9but du d\u00e9clin de la cha\u00eene, qui a cess\u00e9 d\u2019\u00e9mettre en 2008. Pour toute une g\u00e9n\u00e9ration, <strong>Fun TV<\/strong> reste une ic\u00f4ne nostalgique de cette \u00e9poque o\u00f9 la t\u00e9l\u00e9vision \u00e9tait encore une porte d\u2019entr\u00e9e privil\u00e9gi\u00e9e vers la musique et la culture pop.<\/p>\n\n\n\n<div style=\"height:63px\" aria-hidden=\"true\" class=\"wp-block-spacer\"><\/div>\n\n\n\n<h3 class=\"wp-block-heading\">L\u2019h\u00e9ritage des cha\u00eenes musicales des ann\u00e9es 2000<\/h3>\n\n\n\n<p>Ces quatre cha\u00eenes musicales \u2013 <em>Fun TV,<\/em> <em>M6 Music<\/em>, <em>MCM<\/em> et <em>MTV France<\/em> \u2013 ont accompagn\u00e9 toute une g\u00e9n\u00e9ration \u00e0 une \u00e9poque o\u00f9 la t\u00e9l\u00e9vision \u00e9tait encore le principal canal de d\u00e9couverte musicale. Elles ont \u00e9t\u00e9 des vitrines pour des artistes qui, parfois, d\u00e9butaient leur carri\u00e8re, et elles ont contribu\u00e9 \u00e0 d\u00e9mocratiser de nouveaux genres musicaux. Gr\u00e2ce \u00e0 elles, les jeunes des ann\u00e9es 2000 ont pu s\u2019immerger dans des univers musicaux divers, tout en restant au fait des tendances et de la culture populaire.<\/p>\n\n\n\n<p>Aujourd&rsquo;hui, m\u00eame si les plateformes de streaming et YouTube ont pris le relais, ces cha\u00eenes ont marqu\u00e9 \u00e0 jamais l&rsquo;histoire de la musique \u00e0 la t\u00e9l\u00e9vision. Elles ont \u00e9t\u00e9 un symbole d&rsquo;une \u00e9poque o\u00f9 les clips vid\u00e9o \u00e9taient encore un \u00e9v\u00e9nement, et o\u00f9 chaque nouvel artiste ou nouvelle tendance pouvait devenir un ph\u00e9nom\u00e8ne \u00e0 part enti\u00e8re, propuls\u00e9 par ces cha\u00eenes devenues cultes.<\/p>\n\n\n\n<div style=\"height:22px\" aria-hidden=\"true\" class=\"wp-block-spacer\"><\/div>\n\n\n\n<pre class=\"wp-block-preformatted\"><input type=\"button\" value=\"Retour\" class=\"alg_back_button_input \" style=\"\" onclick=\"window.history.back()\" \/><\/pre>\n\n\n\n<p>&nbsp;<\/p>\n\n\n\n<p>&nbsp;<\/p>\n","protected":false},"excerpt":{"rendered":"<p>Les ann\u00e9es 2000 ont marqu\u00e9 l&rsquo;\u00e2ge d&rsquo;or des cha\u00eenes musicales \u00e0 la t\u00e9l\u00e9vision, des espaces o\u00f9 la musique et la culture pop se rencontraient pour cr\u00e9er un v\u00e9ritable ph\u00e9nom\u00e8ne aupr\u00e8s [&hellip;]<\/p>\n","protected":false},"author":1,"featured_media":0,"parent":0,"menu_order":0,"comment_status":"open","ping_status":"closed","template":"","meta":{"_kadence_starter_templates_imported_post":false,"iawp_total_views":159,"footnotes":""},"class_list":["post-6159","page","type-page","status-publish","hentry"],"_links":{"self":[{"href":"https:\/\/nostalgie2000s.com\/index.php\/wp-json\/wp\/v2\/pages\/6159","targetHints":{"allow":["GET"]}}],"collection":[{"href":"https:\/\/nostalgie2000s.com\/index.php\/wp-json\/wp\/v2\/pages"}],"about":[{"href":"https:\/\/nostalgie2000s.com\/index.php\/wp-json\/wp\/v2\/types\/page"}],"author":[{"embeddable":true,"href":"https:\/\/nostalgie2000s.com\/index.php\/wp-json\/wp\/v2\/users\/1"}],"replies":[{"embeddable":true,"href":"https:\/\/nostalgie2000s.com\/index.php\/wp-json\/wp\/v2\/comments?post=6159"}],"version-history":[{"count":7,"href":"https:\/\/nostalgie2000s.com\/index.php\/wp-json\/wp\/v2\/pages\/6159\/revisions"}],"predecessor-version":[{"id":15679,"href":"https:\/\/nostalgie2000s.com\/index.php\/wp-json\/wp\/v2\/pages\/6159\/revisions\/15679"}],"wp:attachment":[{"href":"https:\/\/nostalgie2000s.com\/index.php\/wp-json\/wp\/v2\/media?parent=6159"}],"curies":[{"name":"wp","href":"https:\/\/api.w.org\/{rel}","templated":true}]}}