{"id":5273,"date":"2024-09-23T07:40:24","date_gmt":"2024-09-23T05:40:24","guid":{"rendered":"https:\/\/nostalgie2000s.com\/?page_id=5273"},"modified":"2025-06-28T10:49:00","modified_gmt":"2025-06-28T08:49:00","slug":"star-academy-1","status":"publish","type":"page","link":"https:\/\/nostalgie2000s.com\/index.php\/star-academy\/star-academy-1\/","title":{"rendered":"Star Academy 1"},"content":{"rendered":"\n<h2 class=\"wp-block-heading\"><strong><em>Informations g\u00e9n\u00e9rales<\/em><\/strong><\/h2>\n\n\n\n<p><img decoding=\"async\" class=\"\" src=\"https:\/\/nostalgie2000s.com\/wp-content\/uploads\/2024\/11\/starac1-prof1.jpg\"><br> <img decoding=\"async\" class=\"\" src=\"https:\/\/nostalgie2000s.com\/wp-content\/uploads\/2024\/11\/starac1-profs2.jpg\"><br><strong>D\u00e9but de la saison : <\/strong>20 octobre 2001<br><strong>Fin de la saison :<\/strong> 12 janvier 2001<br><strong>Parrain de la saison :<\/strong> Florent Pagny<br><strong>Dur\u00e9e :<\/strong> 84 jours \/ 3 mois<br><strong>G\u00e9n\u00e9rique :<\/strong> <em>\u00ab\u00a0Run bay run\u00a0\u00bb<\/em> de Bustafunk<br><strong>Hymne :<\/strong> <em>\u00ab\u00a0La musique\u00a0\u00bb<\/em>, reprise de Nicoletta.<\/p>\n\n\n\n<figure class=\"wp-block-embed is-type-video is-provider-youtube wp-block-embed-youtube wp-embed-aspect-4-3 wp-has-aspect-ratio\"><div class=\"wp-block-embed__wrapper\">\n<iframe loading=\"lazy\" title=\"La musique (Angelica)\" width=\"640\" height=\"480\" src=\"https:\/\/www.youtube.com\/embed\/gx7n2E3SR7E?feature=oembed\" frameborder=\"0\" allow=\"accelerometer; autoplay; clipboard-write; encrypted-media; gyroscope; picture-in-picture; web-share\" referrerpolicy=\"strict-origin-when-cross-origin\" allowfullscreen><\/iframe>\n<\/div><figcaption class=\"wp-element-caption\">Star Academy 1 : <em>\u00ab\u00a0La Musique\u00a0\u00bb<\/em> (2001)<\/figcaption><\/figure>\n\n\n<div class=\"wp-block-image\">\n<figure class=\"alignleft size-large is-resized\"><img decoding=\"async\" src=\"https:\/\/nostalgie2000s.com\/wp-content\/uploads\/2024\/11\/starac1-photopromo.jpg\" alt=\"\" style=\"width:284px;height:auto\"\/><\/figure>\n<\/div>\n\n<div class=\"wp-block-image\">\n<figure class=\"alignright size-large is-resized\"><img decoding=\"async\" src=\"https:\/\/nostalgie2000s.com\/wp-content\/uploads\/2024\/11\/bustafunkrunbabyrun.jpg\" alt=\"\" style=\"aspect-ratio:1;width:152px;height:auto\"\/><\/figure>\n<\/div>\n\n\n<p>Apr\u00e8s avoir re\u00e7u pr\u00e8s de <strong>100 000 dossiers<\/strong> de candidatures, TF1 a effectu\u00e9 un premier tri et retenu <strong>100 candidats<\/strong>.<br> Il faut donc \u00e9liminer 84 candidats pour qu&rsquo;il en reste 16 ! Pour ce faire, \u00e0 partir du 1er septembre 2001 (et jusqu&rsquo;au 12 octobre 2001), TF1 diffuse, \u00e0 19h50 et \u00e0 20h45, deux portraits de candidats ; le public pourra alors voter ! Lors du <strong>lancement<\/strong>, le 20 octobre 2001, les <strong>50 candidats<\/strong> restants font leur entr\u00e9e sur le plateau de la Star Academy. A la fin du prime de lancement, seulement <strong>16 candidats<\/strong> sont retenus, <strong>8 filles et 8 gar\u00e7ons<\/strong>.<\/p>\n\n\n\n<div style=\"height:80px\" aria-hidden=\"true\" class=\"wp-block-spacer\"><\/div>\n\n\n\n<h2 class=\"wp-block-heading\"><em><strong>Prime n\u00b01 &#8211; Lancement<\/strong><\/em><\/h2>\n\n\n\n<div style=\"height:8px\" aria-hidden=\"true\" class=\"wp-block-spacer\"><\/div>\n\n\n\n<p><img decoding=\"async\" class=\"\" src=\"https:\/\/nostalgie2000s.com\/wp-content\/uploads\/2024\/11\/starac1-lancement.jpg\"><br> <strong>Audiences : <\/strong>5 391 720 t\u00e9l\u00e9spectateurs (29,7 % pdm)<br> <strong>Invit\u00e9 :<\/strong> Florent Pagny<\/p>\n\n\n\n<ul class=\"wp-block-list\">\n<li><em>\u00ab\u00a0Oh Happy Day\u00a0\u00bb<\/em> par les 50 candidats<\/li>\n\n\n\n<li><em>\u00ab\u00a0Et un jour une femme\u00a0\u00bb <\/em>par Florent Pagny<\/li>\n\n\n\n<li><em>\u00ab\u00a0Torn\u00a0\u00bb<\/em> par Olivia<\/li>\n\n\n\n<li><em>\u00ab\u00a0Le coup de soleil\u00a0\u00bb<\/em> par Mario<\/li>\n\n\n\n<li>Improvisation en direct par Khalifa<\/li>\n\n\n\n<li><em>\u00ab\u00a0Respect\u00a0\u00bb <\/em>par Jenifer<\/li>\n<\/ul>\n\n\n\n<figure class=\"wp-block-embed is-type-video is-provider-youtube wp-block-embed-youtube wp-embed-aspect-16-9 wp-has-aspect-ratio\"><div class=\"wp-block-embed__wrapper\">\n<iframe loading=\"lazy\" title=\"Coll\u00e9giale - Oh Happy Day (Edwin Hawkin Singers) | Star Academy | Saison 01\" width=\"640\" height=\"360\" src=\"https:\/\/www.youtube.com\/embed\/oRDCJ2fXmDI?feature=oembed\" frameborder=\"0\" allow=\"accelerometer; autoplay; clipboard-write; encrypted-media; gyroscope; picture-in-picture; web-share\" referrerpolicy=\"strict-origin-when-cross-origin\" allowfullscreen><\/iframe>\n<\/div><figcaption class=\"wp-element-caption\">Star Academy 1 :<em> \u00ab\u00a0Oh Happy Day\u00a0\u00bb<\/em><\/figcaption><\/figure>\n\n\n\n<p>Pour ce premier prime, ils sont encore 50 candidats \u00e0 esp\u00e9rer int\u00e9grer l\u2019aventure de la Star Academy. Tous r\u00eavent de rejoindre le ch\u00e2teau de Dammarie-les-Lys, mais seulement 16 d\u2019entre eux seront d\u00e9finitivement s\u00e9lectionn\u00e9s : 8 filles et 8 gar\u00e7ons. Ce soir, les candidats ouvrent le prime en interpr\u00e9tant ensemble <em>\u00ab\u00a0Oh Happy Day !\u00a0\u00bb<\/em> avant que les \u00e9liminations ne commencent. L\u2019\u00e9mission alterne entre portraits, performances et \u00e9liminations progressives. \u00c0 la fin de cette soir\u00e9e d\u00e9cisive, les 16 finalistes sont r\u00e9v\u00e9l\u00e9s : Catherine, Khalifa, Jenifer, Mario, Jean-Pascal, Olivia, Jessica, Djalil, Patrice, Fran\u00e7ois, C\u00e9cile, Sidonie, Gr\u00e9gory, Amandine et St\u00e9phanie.<\/p>\n\n\n\n<div style=\"height:80px\" aria-hidden=\"true\" class=\"wp-block-spacer\"><\/div>\n\n\n\n<h2 class=\"wp-block-heading\"><strong><em>Prime n\u00b02<\/em><\/strong><\/h2>\n\n\n\n<p><img decoding=\"async\" class=\"\" src=\"https:\/\/nostalgie2000s.com\/wp-content\/uploads\/2024\/11\/starac1-27092001.jpg\"><br> <strong>Audiences :<\/strong> 4 545 960 t\u00e9l\u00e9spectateurs (24% pdm)<br> <strong>Invit\u00e9s :<\/strong> La troupe de \u00ab\u00a0Rom\u00e9o &amp; Juliette\u00a0\u00bb et Faudel.<\/p>\n\n\n\n<ul class=\"wp-block-list\">\n<li><em>\u00ab\u00a0Les rois du monde\u00a0\u00bb<\/em> par la troupe de Rom\u00e9o &amp; Juliette et les acad\u00e9miciens<\/li>\n\n\n\n<li><em>\u00ab\u00a0Paroles&#8230; Paroles&#8230;\u00a0\u00bb<\/em> par Jenifer et Jean-Pascal<\/li>\n\n\n\n<li><em>\u00ab\u00a0Tellement je t&rsquo;aime\u00a0\u00bb<\/em> par Faudel et Jessica<\/li>\n\n\n\n<li><em>\u00ab\u00a0Aller plus haut\u00a0\u00bb<\/em> par Catherine<\/li>\n\n\n\n<li><em>\u00ab\u00a0It&rsquo;s raining men\u00a0\u00bb<\/em> par Carine<\/li>\n\n\n\n<li><em>\u00ab\u00a0Pas toi\u00a0\u00bb<\/em> par Khalifa<\/li>\n<\/ul>\n\n\n\n<figure class=\"wp-block-embed is-type-video is-provider-youtube wp-block-embed-youtube wp-embed-aspect-16-9 wp-has-aspect-ratio\"><div class=\"wp-block-embed__wrapper\">\n<iframe loading=\"lazy\" title=\"Jenifer et Jean-Pascal - Paroles Paroles (Dalida et Alain Delon) | Star Academy | Saison 01\" width=\"640\" height=\"360\" src=\"https:\/\/www.youtube.com\/embed\/Oa-y31bOhmc?feature=oembed\" frameborder=\"0\" allow=\"accelerometer; autoplay; clipboard-write; encrypted-media; gyroscope; picture-in-picture; web-share\" referrerpolicy=\"strict-origin-when-cross-origin\" allowfullscreen><\/iframe>\n<\/div><figcaption class=\"wp-element-caption\">Jenifer &amp; Jean-Pascal : <em>\u00ab\u00a0Paroles Paroles\u00a0\u00bb<\/em><\/figcaption><\/figure>\n\n\n\n<figure class=\"wp-block-image size-large\"><img decoding=\"async\" src=\"https:\/\/nostalgie2000s.com\/wp-content\/uploads\/2024\/11\/starac1-nomines-prime2.jpg\" alt=\"\"\/><\/figure>\n\n\n\n<div style=\"height:80px\" aria-hidden=\"true\" class=\"wp-block-spacer\"><\/div>\n\n\n\n<h2 class=\"wp-block-heading\"><strong><em>Prime n\u00b03<\/em><\/strong><\/h2>\n\n\n\n<p><img decoding=\"async\" class=\"\" src=\"https:\/\/nostalgie2000s.com\/wp-content\/uploads\/2024\/11\/starac1-03112001.jpg\"><br><strong>Audiences :<\/strong> 4 704 540 t\u00e9l\u00e9spectateurs (24,7 % pdm)<br><strong>Invit\u00e9s :<\/strong> Andrea Bocceli et Lorie.<\/p>\n\n\n\n<ul class=\"wp-block-list\">\n<li><em>\u00ab\u00a0Vivo per lei\u00a0\u00bb<\/em> par Olivia et Andrea Bocceli<\/li>\n\n\n\n<li><em>\u00ab\u00a0Sex Bomb\u00a0\u00bb<\/em> par Fran\u00e7ois<\/li>\n\n\n\n<li><em>\u00ab\u00a0La peine maximum\u00a0\u00bb<\/em> par Mario<\/li>\n\n\n\n<li><em>\u00ab\u00a0Pr\u00e8s de moi\u00a0\u00bb<\/em> par Lorie<\/li>\n\n\n\n<li>\u00ab\u00a0<i>Harley Davidson\u00a0\u00bb <\/i>par Jenifer<\/li>\n\n\n\n<li><i>\u00ab\u00a0Melodramma\u00a0\u00bb <\/i>par Andrea Bocceli<\/li>\n<\/ul>\n\n\n\n<p><strong>Remarque :<\/strong> Premi\u00e8re diffusion du clip <em>\u00ab\u00a0La musique\u00a0\u00bb<\/em> par les \u00e9l\u00e8ves de la Star Academy lors de ce prime.<\/p>\n\n\n\n<figure class=\"wp-block-image size-large\"><img decoding=\"async\" src=\"https:\/\/nostalgie2000s.com\/wp-content\/uploads\/2024\/11\/starac1-nomines-prime3.jpg\" alt=\"\"\/><\/figure>\n\n\n\n<div style=\"height:80px\" aria-hidden=\"true\" class=\"wp-block-spacer\"><\/div>\n\n\n\n<h2 class=\"wp-block-heading\"><strong><em>Prime n\u00b04<\/em><\/strong><\/h2>\n\n\n\n<p><strong><img decoding=\"async\" class=\"\" src=\"https:\/\/nostalgie2000s.com\/wp-content\/uploads\/2024\/11\/starac1-17112001.jpg\"><\/strong><br> <strong>Audiences :<\/strong> 6 448 920 t\u00e9l\u00e9spectateurs (32,3 % pdm)<br> <strong>Invit\u00e9s :<\/strong> Marc Lavoine, Cristina Marocco, Dany Brillant, Ginie Line et Shirel.<\/p>\n\n\n\n<ul class=\"wp-block-list\">\n<li><em>\u00ab\u00a0La musique\u00a0\u00bb<\/em> par les Star Academiciens<\/li>\n\n\n\n<li>\u00ab\u00a0<i>Viens \u00e0 Saint-Germain\u00a0\u00bb<\/i> par Dany Brilliant, Jessica et C\u00e9cile<\/li>\n\n\n\n<li><em>\u00ab\u00a0Qu&rsquo;est ce que t&rsquo;es belle\u00a0\u00bb<\/em> par Marc Lavoine et Olivia<\/li>\n\n\n\n<li><em>\u00ab\u00a0Le dilemme\u00a0\u00bb<\/em> par Ginie Line, Mario et Patrice<\/li>\n\n\n\n<li><em>\u00ab\u00a0Suzette\u00a0\u00bb<\/em> par Dany Brilliant et Fran\u00e7ois<\/li>\n\n\n\n<li><em>\u00ab\u00a0Tant qu&rsquo;il y aura des femmes\u00a0\u00bb<\/em> par Dany Brillant<\/li>\n\n\n\n<li><em>\u00ab\u00a0Vivre\u00a0\u00bb<\/em> par Shirel et Jessica<\/li>\n\n\n\n<li><em>\u00ab\u00a0Belle\u00a0\u00bb<\/em> par Mario<\/li>\n\n\n\n<li><em>\u00ab\u00a0J&rsquo;ai tout oubli\u00e9\u00a0\u00bb<\/em> par Marc Lavoine et Cristina Marocco<\/li>\n<\/ul>\n\n\n\n<figure class=\"wp-block-embed is-type-video is-provider-youtube wp-block-embed-youtube wp-embed-aspect-16-9 wp-has-aspect-ratio\"><div class=\"wp-block-embed__wrapper\">\n<iframe loading=\"lazy\" title=\"Marc Lavoine et Cristina Marocco - J&#039;ai Tout Oubli\u00e9 | Star Academy | Saison 01\" width=\"640\" height=\"360\" src=\"https:\/\/www.youtube.com\/embed\/LRasBMjQyFs?feature=oembed\" frameborder=\"0\" allow=\"accelerometer; autoplay; clipboard-write; encrypted-media; gyroscope; picture-in-picture; web-share\" referrerpolicy=\"strict-origin-when-cross-origin\" allowfullscreen><\/iframe>\n<\/div><figcaption class=\"wp-element-caption\">Marc Lavoine &amp; Cristina Marocco : <em>\u00ab\u00a0J&rsquo;ai tout oubli\u00e9\u00a0\u00bb<\/em><\/figcaption><\/figure>\n\n\n\n<p><strong>Remarques : <\/strong>Pour la premi\u00e8re fois, les \u00e9l\u00e8ves interpr\u00e8tent leur hymne <em>\u00ab\u00a0La musique\u00a0\u00bb<\/em> lors de ce prime. Egalement pour la premi\u00e8re fois, un classement des acad\u00e9miciens est \u00e9tabli.<\/p>\n\n\n\n<figure class=\"wp-block-image size-large\"><img decoding=\"async\" src=\"https:\/\/nostalgie2000s.com\/wp-content\/uploads\/2024\/11\/starac1-nomines-prime4.jpg\" alt=\"\"\/><\/figure>\n\n\n\n<div style=\"height:80px\" aria-hidden=\"true\" class=\"wp-block-spacer\"><\/div>\n\n\n\n<h2 class=\"wp-block-heading\"><strong><em>Prime n\u00b05<\/em><\/strong><\/h2>\n\n\n\n<p class=\"has-text-align-center\"><strong><em>Suite \u00e0 venir&#8230;<\/em><\/strong><\/p>\n\n\n\n<pre class=\"wp-block-preformatted\"><input type=\"button\" value=\"Retour\" class=\"alg_back_button_input \" style=\"\" onclick=\"window.history.back()\" \/><\/pre>\n","protected":false},"excerpt":{"rendered":"<p>Informations g\u00e9n\u00e9rales D\u00e9but de la saison : 20 octobre 2001Fin de la saison : 12 janvier 2001Parrain de la saison : Florent PagnyDur\u00e9e : 84 jours \/ 3 moisG\u00e9n\u00e9rique : [&hellip;]<\/p>\n","protected":false},"author":1,"featured_media":0,"parent":1426,"menu_order":0,"comment_status":"open","ping_status":"closed","template":"","meta":{"_kadence_starter_templates_imported_post":false,"iawp_total_views":88,"footnotes":""},"class_list":["post-5273","page","type-page","status-publish","hentry"],"_links":{"self":[{"href":"https:\/\/nostalgie2000s.com\/index.php\/wp-json\/wp\/v2\/pages\/5273","targetHints":{"allow":["GET"]}}],"collection":[{"href":"https:\/\/nostalgie2000s.com\/index.php\/wp-json\/wp\/v2\/pages"}],"about":[{"href":"https:\/\/nostalgie2000s.com\/index.php\/wp-json\/wp\/v2\/types\/page"}],"author":[{"embeddable":true,"href":"https:\/\/nostalgie2000s.com\/index.php\/wp-json\/wp\/v2\/users\/1"}],"replies":[{"embeddable":true,"href":"https:\/\/nostalgie2000s.com\/index.php\/wp-json\/wp\/v2\/comments?post=5273"}],"version-history":[{"count":7,"href":"https:\/\/nostalgie2000s.com\/index.php\/wp-json\/wp\/v2\/pages\/5273\/revisions"}],"predecessor-version":[{"id":14808,"href":"https:\/\/nostalgie2000s.com\/index.php\/wp-json\/wp\/v2\/pages\/5273\/revisions\/14808"}],"up":[{"embeddable":true,"href":"https:\/\/nostalgie2000s.com\/index.php\/wp-json\/wp\/v2\/pages\/1426"}],"wp:attachment":[{"href":"https:\/\/nostalgie2000s.com\/index.php\/wp-json\/wp\/v2\/media?parent=5273"}],"curies":[{"name":"wp","href":"https:\/\/api.w.org\/{rel}","templated":true}]}}