{"id":4115,"date":"2024-08-27T22:36:08","date_gmt":"2024-08-27T20:36:08","guid":{"rendered":"https:\/\/nostalgie2000s.com\/?page_id=4115"},"modified":"2026-01-11T17:01:25","modified_gmt":"2026-01-11T16:01:25","slug":"qui-suis-je","status":"publish","type":"page","link":"https:\/\/nostalgie2000s.com\/index.php\/qui-suis-je\/","title":{"rendered":"Qui suis-je ?"},"content":{"rendered":"<div class=\"wp-block-image\">\n<figure class=\"alignleft size-large is-resized\"><img decoding=\"async\" src=\"https:\/\/nostalgie2000s.com\/wp-content\/uploads\/2024\/11\/moi.png\" alt=\"\" style=\"width:196px;height:auto\"\/><\/figure>\n<\/div>\n\n\n<p>Je m&rsquo;appelle <strong>Jimmy<\/strong>, et je suis la personne derri\u00e8re ce site et le <a href=\"https:\/\/www.instagram.com\/nostalgie2000s\/\" target=\"_blank\" rel=\"noopener\">compte Instagram<\/a> associ\u00e9 ! N\u00e9 en<strong>1991<\/strong>, j&rsquo;ai 35 ans et je vis dans la r\u00e9gion lilloise. Je suis <strong>professeur de math\u00e9matiques<\/strong> dans le Pas-de-Calais, o\u00f9 j&rsquo;ai la chance de transmettre ma passion pour cette mati\u00e8re \u00e0 mes \u00e9l\u00e8ves. Mais, au-del\u00e0 de mon amour pour les math\u00e9matiques, je suis aussi un grand passionn\u00e9 des <strong>ann\u00e9es 2000<\/strong>, une \u00e9poque qui a une place tr\u00e8s sp\u00e9ciale dans mon c\u0153ur.<\/p>\n\n\n\n<p>Cette passion pour les ann\u00e9es 2000 est n\u00e9e d&rsquo;une relation tr\u00e8s importante que j&rsquo;avais avec ma grand-m\u00e8re. Elle a jou\u00e9 un r\u00f4le central dans mon \u00e9ducation et a \u00e9t\u00e9 une figure marquante de ma vie. Apr\u00e8s sa perte, chaque souvenir de cette \u00e9poque est devenu pour moi un moyen de me rapprocher d&rsquo;elle. Je me souviens des<strong> clips<\/strong> que j&rsquo;enregistrais chez elle les week-end ou durant les vacances scolaires sur MCM et MTV, parce que je n&rsquo;avais pas le c\u00e2ble chez moi, des <strong>magazines<\/strong> qu&rsquo;elle m&rsquo;achetait ou encore des passages t\u00e9l\u00e9 qu&rsquo;elle enregistrait pour moi car j&rsquo;\u00e9tais trop jeune pour regarder la t\u00e9l\u00e9vision tard. Tous ces moments me ram\u00e8nent \u00e0 elle et \u00e9voquent une partie de ma vie pass\u00e9e \u00e0 ses c\u00f4t\u00e9s. Cela fait quelques ann\u00e9es que je me suis lanc\u00e9 le d\u00e9fi de collectionner les anciens magazines jeunesse, que ma grand-m\u00e8re m&rsquo;avait achet\u00e9s, ainsi que ceux que j&rsquo;avais achet\u00e9s moi-m\u00eame ou que j&rsquo;aurais aim\u00e9 acheter \u00e0 l&rsquo;\u00e9poque. Aujourd&rsquo;hui, ma collection compte pr\u00e8s de 200 \u00e0 300 revues, dont je suis tr\u00e8s fier.<\/p>\n\n\n\n<p>Je me suis \u00e9galement mis \u00e0 la recherche d&rsquo;<strong>anciennes \u00e9missions<\/strong> de t\u00e9l\u00e9vision pour revivre ce que je consid\u00e8re comme la plus belle \u00e9poque de ma vie. C&rsquo;est une t\u00e2che bien plus compliqu\u00e9e que de trouver des magazines (qui repr\u00e9sente d\u00e9j\u00e0 un \u00e9norme budget !). Heureusement, j&rsquo;ai r\u00e9ussi \u00e0 d\u00e9nicher certaines de ces \u00e9missions tr\u00e8s recherch\u00e9e pour ma part, en grande partie gr\u00e2ce aux enregistrements de certains de mes followers (merci Andy et Marie !). Ces d\u00e9couvertes me permettent de revivre une nouvelle jeunesse, avec l&rsquo;insouciance de l&rsquo;<strong>\u00e9poque<\/strong>&#8230;<\/p>\n\n\n\n<p>Mon envie de cr\u00e9er du contenu sur les ann\u00e9es 2000 est n\u00e9e lorsque je pr\u00e9parais le CAPES, vers 2015-2017. J&rsquo;avais lanc\u00e9 la cha\u00eene YouTube \u00ab\u00a0<a href=\"https:\/\/www.youtube.com\/@cetaitmieuxavant7663\"><em>C&rsquo;\u00e9tait mieux avant<\/em><\/a>\u00a0\u00bb (mon contenu n&rsquo;est plus disponible malheureusement), qui avait rassembl\u00e9 pr\u00e8s de 30 000 abonn\u00e9s. Mais Universal est intervenu, voulant r\u00e9cup\u00e9rer ma cha\u00eene parce qu&rsquo;ils avaient cr\u00e9\u00e9 des playlists du m\u00eame nom sur les plateformes de streaming. J&rsquo;ai donc d\u00e9cid\u00e9 de leur c\u00e9der ma cha\u00eene et de repartir de z\u00e9ro en 2020&#8230;<\/p>\n\n\n\n<p>J&rsquo;ai commenc\u00e9 par cr\u00e9er une cha\u00eene YouTube r\u00e9f\u00e9ren\u00e7ant les passages t\u00e9l\u00e9vis\u00e9s d&rsquo;<a href=\"https:\/\/www.youtube.com\/@elle-alizee\" target=\"_blank\" rel=\"noopener\">Aliz\u00e9e<\/a>. Mais tr\u00e8s vite, j&rsquo;ai eu besoin de plus. Je me suis mis \u00e0 la recherche de personnes poss\u00e9dant des VHS pour cr\u00e9er une page YouTube d\u00e9di\u00e9e aux apparitions fran\u00e7aises de <a href=\"https:\/\/www.youtube.com\/@britneyfrancemedia\" target=\"_blank\" rel=\"noopener\">Britney Spears<\/a> (j&rsquo;en avais marre du contenu 100% anglophone alors que je ne comprends pas un mot d&rsquo;anglais !). Une fois ce projet termin\u00e9, j&rsquo;ai d\u00e9cid\u00e9 de lancer \u00ab\u00a0<a href=\"https:\/\/www.youtube.com\/@SurunairdeLorie\" target=\"_blank\" rel=\"noopener\">Sur un air de Lorie<\/a>\u00ab\u00a0, qui r\u00e9pertorie les passages de Lorie \u00e0 la t\u00e9l\u00e9vision (un grand merci \u00e0 <a href=\"https:\/\/www.facebook.com\/groups\/159050870795931\" target=\"_blank\" rel=\"noopener\">Greg et Steven<\/a>, qui m&rsquo;ont \u00e9norm\u00e9ment aid\u00e9 et avec qui je g\u00e8re d\u00e9sormais la cha\u00eene !). Ensuite, j&rsquo;ai cr\u00e9\u00e9 une cha\u00eene \u00ab\u00a0poubelle\u00a0\u00bb, \u00ab\u00a0<a href=\"https:\/\/www.youtube.com\/@nostalgie2000s\" target=\"_blank\" rel=\"noopener\">nostalgie2000s<\/a>\u00ab\u00a0, pour tout ce qui ne rentrait pas dans mes autres cha\u00eenes.<\/p>\n\n\n\n<p>Puis un jour, en ayant marre de ne pas retrouver mes go\u00fbts parmi les comptes que je suivais sur les r\u00e9seaux sociaux, j&rsquo;ai d\u00e9cid\u00e9 de cr\u00e9er mon propre compte pour partager uniquement ce que j&rsquo;aime ! Il faut \u00eatre r\u00e9aliste,<strong> Lorie, Aliz\u00e9e<\/strong> ou <strong>Britney Spears<\/strong> ne plaisent pas \u00e0 tout le monde mais, un an plus tard, nous avions d\u00e9pass\u00e9 les 100 000 abonn\u00e9s sur <a href=\"https:\/\/www.instagram.com\/nostalgie2000s\/\" target=\"_blank\" rel=\"noopener\"><strong>Instagram<\/strong><\/a> ! Cela montre bien que je ne suis pas le seul \u00e0 vouloir revivre cette \u00e9poque, une p\u00e9riode o\u00f9 l&rsquo;insouciance r\u00e9gnait en ma\u00eetre, o\u00f9 nous attendions avec impatience les nouveaux \u00e9pisodes de nos<strong> s\u00e9ries TV<\/strong> pr\u00e9f\u00e9r\u00e9es, o\u00f9 toutes les informations sur nos stars \u00e9taient diffus\u00e9es dans des magazines comme \u00ab\u00a0<a href=\"https:\/\/nostalgie2000s.com\/index.php\/magazines\/\"><strong><em>Star Club<\/em><\/strong><\/a>\u00ab\u00a0, et o\u00f9 nous \u00e9coutions nos albums favoris dans les bornes d&rsquo;\u00e9coute des supermarch\u00e9s&#8230; Une \u00e9poque qui me manque terriblement et qui m&rsquo;a inspir\u00e9 \u00e0 cr\u00e9er encore plus, comme ce site qui regroupe l&rsquo;essentiel de ce que j&rsquo;ai v\u00e9cu durant mon adolescence !<\/p>\n\n\n\n<p>Je suis conscient qu&rsquo;avoir un site web est un peu d\u00e9pass\u00e9 aujourd&rsquo;hui, mais c&rsquo;est justement ce que je recherche : quelque chose d&rsquo;authentique qui me rappelle mon <strong>adolescence<\/strong> ! Quand j&rsquo;\u00e9tais plus jeune, je g\u00e9rais d\u00e9j\u00e0 plusieurs sites : un sur <strong>Aliz\u00e9e<\/strong>, un autre sur <strong><em>Desperate Housewives<\/em><\/strong>, encore un autre sur <strong><em>Ph\u00e9nom\u00e8ne Raven<\/em><\/strong> ou l&rsquo;actrice <strong>Kaley Cuoco<\/strong> (que j&rsquo;adorais dans \u00ab\u00a0<em>Touche pas \u00e0 mes filles<\/em>\u00a0\u00bb puis \u00ab\u00a0<em>Charmed<\/em>\u00ab\u00a0)&#8230; Quoi de mieux pour revenir aux origines que de cr\u00e9er un nouveau site qui regroupe tout ce qui m&rsquo;a marqu\u00e9 \u00e0 l&rsquo;\u00e9poque ?<\/p>\n\n\n\n<p>Vous trouverez donc ici toutes les informations, utiles ou non, sur ce qui a marqu\u00e9 notre g\u00e9n\u00e9ration !<\/p>\n\n\n\n<p><em>Quelques informations \u00ab\u00a0en vrac\u00a0\u00bb :&nbsp;<\/em><\/p>\n\n\n\n<ul class=\"wp-block-list\">\n<li><strong>S\u00e9ries phares de mon adolesence :<\/strong> <em>Charmed, Smallville, Buffy contre les vampires<\/em><\/li>\n\n\n\n<li><strong>S\u00e9ries phares de jeune adulte :<\/strong> <em>Ghost Whisperer, Desperate Housewives, Lost, Roswell<\/em> (que j&rsquo;ai d\u00e9couvert tard !), <em>Prison Break, Les Experts, Monk, Urgences&#8230;.<\/em><\/li>\n\n\n\n<li><strong>Sitcom pr\u00e9f\u00e9r\u00e9e :<\/strong> <em>Une nounou d&rsquo;enfer<\/em> restera pour moi la meilleure s\u00e9rie sitcom propos\u00e9e par M6 (je d\u00e9teste \u00ab\u00a0<em>Ma famille d&rsquo;abord<\/em>\u00a0\u00bb !)<\/li>\n\n\n\n<li><strong>S\u00e9rie fantastique pr\u00e9f\u00e9r\u00e9e :<\/strong> <em>Charmed<\/em> (bon ok&#8230; les histoires ont mal vieillies mais j&rsquo;adore toujours !)<\/li>\n\n\n\n<li><strong>S\u00e9ries peu connues que j&rsquo;adore :<\/strong> <em>Gilmore Girls, La star de la famille, Touche pas \u00e0 mes filles, Brothers &amp; Sisters, Person of interest, Tru Calling&#8230;<\/em><\/li>\n\n\n\n<li><strong>S\u00e9ries que je suis actuellement :<\/strong> <em>9-1-1<\/em>, <em>You<\/em>,\u00a0<em>Stranger Things,<\/em> tous les documentaires sur des crimes sur Netflix, <em>The Equalizer<\/em>&#8230;<\/li>\n\n\n\n<li><strong>Chanteuses pr\u00e9f\u00e9r\u00e9es :<\/strong> Aliz\u00e9e, Lorie, Britney Spears<\/li>\n\n\n\n<li><strong>Chanteur dont j&rsquo;ai \u00e9t\u00e9 fan \u00e9tant adolescent :<\/strong> Jonatan Cerrada<\/li>\n\n\n\n<li><strong>Concerts auxquels j&rsquo;ai assist\u00e9 :<\/strong> Aliz\u00e9e (2003 et 2026), Jonatan Cerrada, Rihanna, Britney Spears, Stromae, Les ann\u00e9es 80, Jane, Les dix commandements, Starmania, Veronique Dicaire, Born in 90, Back to basics 2000 (version 2019), Lorie (2025 et 2026)&#8230;<\/li>\n\n\n\n<li><strong>Articles collectionn\u00e9s :<\/strong> tous les anciens <a href=\"https:\/\/nostalgie2000s.com\/index.php\/magazines\/\">magazines<\/a> \u00ab\u00a0jeunesse\u00a0\u00bb de l&rsquo;\u00e9poque, certains albums \u00ab\u00a0<a href=\"https:\/\/nostalgie2000s.com\/index.php\/albums-panini\/\">Panini<\/a>\u00ab\u00a0, les supports d&rsquo;Aliz\u00e9e entre 2000 et 2004.<\/li>\n\n\n\n<li><strong>Musique actuelle :<\/strong> Je ne vis que dans les ann\u00e9es 2000&#8230; Je n&rsquo;\u00e9coute plus rien de nouveau depuis 2014 m\u00eame si je connais quelques \u00ab\u00a0nouveaux\u00a0\u00bb artistes.<\/li>\n<\/ul>\n","protected":false},"excerpt":{"rendered":"<p>Je m&rsquo;appelle Jimmy, et je suis la personne derri\u00e8re ce site et le compte Instagram associ\u00e9 ! N\u00e9 en1991, j&rsquo;ai 35 ans et je vis dans la r\u00e9gion lilloise. Je [&hellip;]<\/p>\n","protected":false},"author":1,"featured_media":0,"parent":0,"menu_order":0,"comment_status":"open","ping_status":"closed","template":"","meta":{"_kadence_starter_templates_imported_post":false,"iawp_total_views":588,"footnotes":""},"class_list":["post-4115","page","type-page","status-publish","hentry"],"_links":{"self":[{"href":"https:\/\/nostalgie2000s.com\/index.php\/wp-json\/wp\/v2\/pages\/4115","targetHints":{"allow":["GET"]}}],"collection":[{"href":"https:\/\/nostalgie2000s.com\/index.php\/wp-json\/wp\/v2\/pages"}],"about":[{"href":"https:\/\/nostalgie2000s.com\/index.php\/wp-json\/wp\/v2\/types\/page"}],"author":[{"embeddable":true,"href":"https:\/\/nostalgie2000s.com\/index.php\/wp-json\/wp\/v2\/users\/1"}],"replies":[{"embeddable":true,"href":"https:\/\/nostalgie2000s.com\/index.php\/wp-json\/wp\/v2\/comments?post=4115"}],"version-history":[{"count":9,"href":"https:\/\/nostalgie2000s.com\/index.php\/wp-json\/wp\/v2\/pages\/4115\/revisions"}],"predecessor-version":[{"id":15757,"href":"https:\/\/nostalgie2000s.com\/index.php\/wp-json\/wp\/v2\/pages\/4115\/revisions\/15757"}],"wp:attachment":[{"href":"https:\/\/nostalgie2000s.com\/index.php\/wp-json\/wp\/v2\/media?parent=4115"}],"curies":[{"name":"wp","href":"https:\/\/api.w.org\/{rel}","templated":true}]}}