{"id":3738,"date":"2024-08-25T18:17:02","date_gmt":"2024-08-25T16:17:02","guid":{"rendered":"https:\/\/nostalgie2000s.com\/?page_id=3738"},"modified":"2025-02-06T11:26:19","modified_gmt":"2025-02-06T10:26:19","slug":"buffy-magazine","status":"publish","type":"page","link":"https:\/\/nostalgie2000s.com\/index.php\/magazines\/buffy-magazine\/","title":{"rendered":"Buffy Magazine"},"content":{"rendered":"\n<figure class=\"wp-block-image is-resized\"><img decoding=\"async\" src=\"https:\/\/nostalgie2000s.com\/wp-content\/uploads\/2024\/10\/buffy-banniere.jpg\" alt=\"\" style=\"width:833px;height:auto\"\/><\/figure>\n\n\n\n<div style=\"height:19px\" aria-hidden=\"true\" class=\"wp-block-spacer\"><\/div>\n\n\n\n<p>Bienvenue dans l\u2019univers du <strong>magazine officiel de \u00ab\u00a0Buffy contre les vampires\u00a0\u00bb<\/strong>, un incontournable pour les fans de la c\u00e9l\u00e8bre chasseuse de vampires. Bien qu&rsquo;il ait exist\u00e9 aux \u00c9tats-Unis d\u00e8s les d\u00e9buts de la s\u00e9rie, ce magazine a mis du temps \u00e0 voir le jour en France, frustrant les fans qui attendaient impatiemment de plonger encore plus profond\u00e9ment dans l&rsquo;univers sombre et fantastique de <strong>Buffy<\/strong>.<\/p>\n\n\n\n<p>Lorsqu\u2019il a enfin \u00e9t\u00e9 disponible, ce magazine a offert un acc\u00e8s privil\u00e9gi\u00e9 aux coulisses de la s\u00e9rie culte : interviews des acteurs, secrets de tournage, analyses des \u00e9pisodes, et bien s\u00fbr, des <strong>posters exclusifs<\/strong>. Chaque num\u00e9ro permettait aux fans fran\u00e7ais de se connecter \u00e0 cet univers qu\u2019ils adoraient, en d\u00e9voilant des d\u00e9tails in\u00e9dits et en leur donnant l\u2019occasion de red\u00e9couvrir les personnages et les intrigues avec un regard neuf. Ce retard \u00e0 l\u2019arriv\u00e9e n\u2019a fait que renforcer l\u2019engouement autour de ce magazine, devenu un must-have pour tous les passionn\u00e9s de <strong>Buffy contre les vampires<\/strong>.<\/p>\n\n\n\n<p>Pour ceux qui explorent ces archives, vous trouverez en <strong>noir<\/strong> les magazines d\u00e9j\u00e0 en possession de la collection, et en <strong><span style=\"color: red;\">rouge<\/span><\/strong> ceux qui me manquent encore.<\/p>\n\n\n\n<p class=\"has-text-align-center\"><strong><em>Cette page sera compl\u00e9t\u00e9e ult\u00e9rieurement.<\/em><\/strong><\/p>\n\n\n<div class=\"wp-block-image\">\n<figure class=\"alignleft size-full\"><img loading=\"lazy\" decoding=\"async\" width=\"160\" height=\"227\" src=\"https:\/\/nostalgie2000s.com\/wp-content\/uploads\/2025\/01\/Buffy-Magazine-01-01-Couverture.jpg\" alt=\"\" class=\"wp-image-13432\"\/><\/figure>\n<\/div>\n\n\n<p><strong>Buffy Magazine n\u00b01 &#8211; Printemps 2001<\/strong><br>News<br>Alyson aux pays des merveilles<br>Buffy : une beaut\u00e9 plastique<br>Entretien avec le vampire<br>L&rsquo;amour id\u00e9al<br>L&rsquo;homme de la proph\u00e9tie<br>L&rsquo;\u00e2me du vampire<br>Les coups, quand ils vous arrivent&#8230;<br>La guilde<\/p>\n\n\n\n<div style=\"height:37px\" aria-hidden=\"true\" class=\"wp-block-spacer\"><\/div>\n\n\n<div class=\"wp-block-image\">\n<figure class=\"alignleft size-large\"><img decoding=\"async\" src=\"https:\/\/nostalgie2000s.com\/wp-content\/uploads\/2024\/10\/Buffy-Magazine-02-01-Couverture.jpg\" alt=\"\"\/><\/figure>\n<\/div>\n\n\n<p><strong>Buffy Magazine n\u00b02 &#8211; Et\u00e9 2001<\/strong><br>News<br>Le facteur X<br>Le jeu qui tue<br>La soeur prodigue<br>Comment d\u00e9masquer un vampire<br>Le monde du vampire<br>Morsures d\u2019amour<br>Visage de vampire<br>Le courrier de l\u2019observateur<br>La guilde<\/p>\n\n\n\n<div style=\"height:27px\" aria-hidden=\"true\" class=\"wp-block-spacer\"><\/div>\n\n\n<div class=\"wp-block-image\">\n<figure class=\"alignleft size-large\"><img decoding=\"async\" src=\"https:\/\/nostalgie2000s.com\/wp-content\/uploads\/2024\/10\/Buffy-Magazine-03-01-Couverture.jpg\" alt=\"\"\/><\/figure>\n<\/div>\n\n\n<p><strong>Buffy Magazine n\u00b03 &#8211; Automne 2001<\/strong><br>News<br>La vie de Riley<br>D\u00e9mon \u00e0 talons<br>Au coeur des t\u00e9n\u00e8bres<br>L\u2019ange meurtri<br>Angel : Guide des \u00e9pisodes<br>Poussi\u00e8re de vampires<br>Le courrier de l\u2019observateur<br>La guilde<\/p>\n\n\n\n<div style=\"height:27px\" aria-hidden=\"true\" class=\"wp-block-spacer\"><\/div>\n\n\n<div class=\"wp-block-image\">\n<figure class=\"alignleft size-large\"><img decoding=\"async\" src=\"https:\/\/nostalgie2000s.com\/wp-content\/uploads\/2024\/10\/Buffy-Magazine-04-01-Couverture.jpg\" alt=\"\"\/><\/figure>\n<\/div>\n\n\n<p><strong>Buffy Magazine n\u00b04 &#8211; Hiver 2001 \/ 2002<\/strong><br>News<br>Les feux de la gloire<br>Le guide des figurines (1\u00e8re partie)<br>L\u2019irlandais<br>Au coeur de l\u2019initiative<br>L\u2019enfer du devoir<br>Frankenstein Junior<br>R\u00e9surrection Blvd<br>Le courrier de l\u2019observateur<\/p>\n\n\n\n<div style=\"height:27px\" aria-hidden=\"true\" class=\"wp-block-spacer\"><\/div>\n\n\n<div class=\"wp-block-image\">\n<figure class=\"alignleft size-large\"><img decoding=\"async\" src=\"https:\/\/nostalgie2000s.com\/wp-content\/uploads\/2024\/10\/Buffy-Magazine-05-01-Couverture.jpg\" alt=\"\"\/><\/figure>\n<\/div>\n\n\n<p><strong>Buffy Magazine n\u00b05 &#8211; Printemps 2002<\/strong><br>News<br>Et maintenant\u2026 musique !<br>Un vampire sort ses griffes<br>Le guide des figurines (2\u00e8me partie)<br>Le ma\u00eetre \u00e0 l\u2019oeuvre<br>Chasseur de d\u00e9mons f\u00e9roces<br>Une beaut\u00e9 sauvage<br>Vampireville ?<br>Au service de sa glorifiscence<br>Fiches personnages<br>Le courrier de l\u2019observateur<\/p>\n\n\n\n<div style=\"height:27px\" aria-hidden=\"true\" class=\"wp-block-spacer\"><\/div>\n\n\n<div class=\"wp-block-image\">\n<figure class=\"alignleft size-large\"><img decoding=\"async\" src=\"https:\/\/nostalgie2000s.com\/wp-content\/uploads\/2024\/10\/Buffy-Magazine-06-01-Couverture.jpg\" alt=\"\"\/><\/figure>\n<\/div>\n\n\n<p><strong>Buffy Magazine n\u00b06 &#8211; Et\u00e9 2002<\/strong><br>News<br>Sur le tournage de \u00ab\u00a0S<em>mashed<\/em>\u00ab\u00a0<br>Le guide des figurines (3\u00e8me partie)<br>Un charme envo\u00fbtant<br>Le retour de la reine<br>Lignes d\u2019amour<br>L\u2019apprenti chasseur<br>La tueuse a du style<br>Fiches personnages<br>Le courrier de l\u2019observateur<br>La guilde<\/p>\n\n\n\n<div style=\"height:27px\" aria-hidden=\"true\" class=\"wp-block-spacer\"><\/div>\n\n\n<div class=\"wp-block-image\">\n<figure class=\"alignleft size-large\"><img decoding=\"async\" src=\"https:\/\/nostalgie2000s.com\/wp-content\/uploads\/2024\/10\/Buffy-Magazine-07-01-Couverture.jpg\" alt=\"\"\/><\/figure>\n<\/div>\n\n\n<p><strong>Buffy Magazine n\u00b07 &#8211; Automne 2002<\/strong><br>News<br>Fight Club<br>Le guide des figurines (4\u00e8me partie)<br>Confessions d\u2019un observateur<br>La b\u00eate de sc\u00e8ne<br>Le flic de Beverly Hills<br>Le fant\u00f4me de Cord\u00e9lia<br>Fiches personnages<br>Le courrier de l\u2019observateur<br>La guilde<\/p>\n\n\n\n<div style=\"height:27px\" aria-hidden=\"true\" class=\"wp-block-spacer\"><\/div>\n\n\n<div class=\"wp-block-image\">\n<figure class=\"alignleft size-large\"><img decoding=\"async\" src=\"https:\/\/nostalgie2000s.com\/wp-content\/uploads\/2024\/10\/Buffy-Magazine-08-01-Couverture.jpg\" alt=\"\"\/><\/figure>\n<\/div>\n\n\n<p><strong>Buffy Magazine n\u00b08 &#8211; Hiver 2002 \/ 2003<\/strong><br>News<br>Superstar<br>L\u2019esprit rebelle<br>La revanche des rat\u00e9s<br>Les 10 meilleures bastons<br>Les lieux de l\u2019action<br>Nouvelle vie<br>Fiches personnages<br>Le courrier de l\u2019observateur<br>La guilde<\/p>\n\n\n\n<div style=\"height:27px\" aria-hidden=\"true\" class=\"wp-block-spacer\"><\/div>\n\n\n<div class=\"wp-block-image\">\n<figure class=\"alignleft size-large\"><img decoding=\"async\" src=\"https:\/\/nostalgie2000s.com\/wp-content\/uploads\/2024\/10\/Buffy-Magazine-09-01-Couverture-copie.jpg\" alt=\"\"\/><\/figure>\n<\/div>\n\n\n<p><strong>Buffy Magazine n\u00b09 &#8211; Printemps 2003<\/strong><br>News<br>Buffy pass\u00e9, pr\u00e9sent et futur<br>Joss Whedon face \u00e0 l\u2019avenir<br>Cosmic Girl<br>Adieu Tara<br>Les dix r\u00e8gles de la tueuse de vampires<br>Un mariage en enfer<br>Le coup du lapin<br>Fiches personnages<br>Le courrier de l\u2019observateur<br>La guilde<\/p>\n\n\n\n<div style=\"height:23px\" aria-hidden=\"true\" class=\"wp-block-spacer\"><\/div>\n\n\n\n<pre class=\"wp-block-preformatted\"><input type=\"button\" value=\"Retour\" class=\"alg_back_button_input \" style=\"\" onclick=\"window.history.back()\" \/><\/pre>\n","protected":false},"excerpt":{"rendered":"<p>Bienvenue dans l\u2019univers du magazine officiel de \u00ab\u00a0Buffy contre les vampires\u00a0\u00bb, un incontournable pour les fans de la c\u00e9l\u00e8bre chasseuse de vampires. Bien qu&rsquo;il ait exist\u00e9 aux \u00c9tats-Unis d\u00e8s les [&hellip;]<\/p>\n","protected":false},"author":1,"featured_media":0,"parent":744,"menu_order":0,"comment_status":"open","ping_status":"closed","template":"","meta":{"_kadence_starter_templates_imported_post":false,"iawp_total_views":82,"footnotes":""},"class_list":["post-3738","page","type-page","status-publish","hentry"],"_links":{"self":[{"href":"https:\/\/nostalgie2000s.com\/index.php\/wp-json\/wp\/v2\/pages\/3738","targetHints":{"allow":["GET"]}}],"collection":[{"href":"https:\/\/nostalgie2000s.com\/index.php\/wp-json\/wp\/v2\/pages"}],"about":[{"href":"https:\/\/nostalgie2000s.com\/index.php\/wp-json\/wp\/v2\/types\/page"}],"author":[{"embeddable":true,"href":"https:\/\/nostalgie2000s.com\/index.php\/wp-json\/wp\/v2\/users\/1"}],"replies":[{"embeddable":true,"href":"https:\/\/nostalgie2000s.com\/index.php\/wp-json\/wp\/v2\/comments?post=3738"}],"version-history":[{"count":15,"href":"https:\/\/nostalgie2000s.com\/index.php\/wp-json\/wp\/v2\/pages\/3738\/revisions"}],"predecessor-version":[{"id":13672,"href":"https:\/\/nostalgie2000s.com\/index.php\/wp-json\/wp\/v2\/pages\/3738\/revisions\/13672"}],"up":[{"embeddable":true,"href":"https:\/\/nostalgie2000s.com\/index.php\/wp-json\/wp\/v2\/pages\/744"}],"wp:attachment":[{"href":"https:\/\/nostalgie2000s.com\/index.php\/wp-json\/wp\/v2\/media?parent=3738"}],"curies":[{"name":"wp","href":"https:\/\/api.w.org\/{rel}","templated":true}]}}