{"id":3427,"date":"2024-08-23T22:26:51","date_gmt":"2024-08-23T20:26:51","guid":{"rendered":"https:\/\/nostalgie2000s.com\/?page_id=3427"},"modified":"2025-08-28T10:56:51","modified_gmt":"2025-08-28T08:56:51","slug":"oops-mag-the-zone","status":"publish","type":"page","link":"https:\/\/nostalgie2000s.com\/index.php\/magazines\/oops-mag-the-zone\/","title":{"rendered":"Oops Mag \/ The Zone"},"content":{"rendered":"\n<figure class=\"wp-block-image is-resized\"><img decoding=\"async\" src=\"https:\/\/nostalgie2000s.com\/wp-content\/uploads\/2024\/10\/oopsmag-banniere.jpg\" alt=\"\" style=\"width:840px;height:auto\"\/><\/figure>\n\n\n\n<div style=\"height:24px\" aria-hidden=\"true\" class=\"wp-block-spacer\"><\/div>\n\n\n\n<p>\u00c0 l&rsquo;origine connu sous le nom de \u00ab\u00a0<strong><em>Oops Mag<\/em><\/strong>\u00ab\u00a0, le magazine est une c\u00e9l\u00e9bration passionn\u00e9e de l&rsquo;ic\u00f4ne pop incontest\u00e9e, Britney Spears. \u00ab\u00a0<strong><em>Oops Mag<\/em><\/strong>\u00a0\u00bb a \u00e9t\u00e9 lanc\u00e9 avec un seul objectif : capturer l&rsquo;essence vibrante et l&rsquo;\u00e9nergie unique de Britney, tout en offrant aux fans un regard intime sur sa vie, sa carri\u00e8re et son impact monumental sur la musique pop et la culture mondiale. En \u00e9voluant, le magazine a \u00e9t\u00e9 renomm\u00e9&nbsp; \u00ab\u00a0<strong><em>The Zone<\/em><\/strong>\u00ab\u00a0, un clin d&rsquo;\u0153il \u00e0 l&rsquo;album embl\u00e9matique de Britney, \u00ab\u00a0<em>In the Zone<\/em>\u00ab\u00a0.&nbsp; \u00ab\u00a0<em>Oops Mag \/ The Zone<\/em>\u00a0\u00bb est plus qu&rsquo;un simple magazine : c&rsquo;est une communaut\u00e9, un espace o\u00f9 les fans peuvent se retrouver pour c\u00e9l\u00e9brer Britney Spears !<\/p>\n\n\n\n<p>Pour ceux qui explorent ces archives, vous trouverez en <strong>noir<\/strong> les magazines d\u00e9j\u00e0 en possession de la collection, et en <strong><span style=\"color: red;\">rouge<\/span><\/strong> ceux qui me manquent encore.<\/p>\n\n\n\n<div style=\"height:44px\" aria-hidden=\"true\" class=\"wp-block-spacer\"><\/div>\n\n\n\n<h2 class=\"wp-block-heading has-text-align-center\"><strong><em>Oops Mag !<\/em><\/strong><\/h2>\n\n\n\n<p><em>Merci \u00e0 K\u00e9vin pour les scans des magazines 1 \u00e0 5 (uniquement disponibles par abonnement) &lt;3&nbsp;<\/em><\/p>\n\n\n<div class=\"wp-block-image\">\n<figure class=\"alignleft\"><img decoding=\"async\" src=\"https:\/\/nostalgie2000s.com\/wp-content\/uploads\/2024\/10\/oops-mag-01-01-couverture.jpg\" alt=\"\"\/><\/figure>\n<\/div>\n\n\n<p><strong><span style=\"color: red;\">Oops Mag n\u00b01 &#8211; Septembre \/ Octobre \/ Novembre 2000<\/span><\/strong><\/p>\n\n\n\n<p>Les news<br>\nInterview : Britney lors de la pr\u00e9paration de son second album<br>\nDossier : Britney&rsquo;s story<br>\nRevue de presse : Revue de presse internationale<br>\nLa page des fans<\/p>\n\n\n\n<div style=\"height:24px\" aria-hidden=\"true\" class=\"wp-block-spacer\"><\/div>\n\n\n<div class=\"wp-block-image\">\n<figure class=\"alignleft\"><img decoding=\"async\" src=\"https:\/\/nostalgie2000s.com\/wp-content\/uploads\/2024\/10\/oops-mag-02-01-couverture.jpg\" alt=\"\"\/><\/figure>\n<\/div>\n\n\n<p><strong><span style=\"color: red;\">Oops Mag n\u00b02 &#8211; D\u00e9cembre 2000 \/ Janvier \/ F\u00e9vrier 2001<\/span><\/strong><\/p>\n\n\n\n<p>News et Boutique<br>\nDiscographie<br>\nSongs \u00ab\u00a0Stronger\u00a0\u00bb &amp; \u00ab\u00a0From the bottom of my broken heart\u00a0\u00bb<br>\nDossier : Britney&rsquo;s story 2<br>\nReportage : Britney \u00e0 Paris<br>\nLa rubrique des fans : concours, petites annonces<\/p>\n\n\n\n<div style=\"height:24px\" aria-hidden=\"true\" class=\"wp-block-spacer\"><\/div>\n\n\n<div class=\"wp-block-image\">\n<figure class=\"alignleft\"><img decoding=\"async\" src=\"https:\/\/nostalgie2000s.com\/wp-content\/uploads\/2024\/10\/oops-mag-03-01-couverture.jpg\" alt=\"\"\/><\/figure>\n<\/div>\n\n\n<p><strong><span style=\"color: red;\">Oops Mag n\u00b03 &#8211; Mars \/ Avril \/ Mai 2001<\/span><\/strong><\/p>\n\n\n\n<p>Les news<br>\nBoutique<br>\nSongs \u00ab\u00a0Lucky\u00a0\u00bb &amp; \u00ab\u00a0Don&rsquo;t let me be the last to know\u00a0\u00bb<br>\nDossier : Britney&rsquo;s story 3<br>\nInterview : Brit r\u00e9pond \u00e0 vos questions<br>\nRubrique des fans : concours, petites annonces&#8230;<\/p>\n\n\n\n<div style=\"height:24px\" aria-hidden=\"true\" class=\"wp-block-spacer\"><\/div>\n\n\n<div class=\"wp-block-image\">\n<figure class=\"alignleft\"><img decoding=\"async\" src=\"https:\/\/nostalgie2000s.com\/wp-content\/uploads\/2024\/10\/oops-mag-04-01-couverture.jpg\" alt=\"\"\/><\/figure>\n<\/div>\n\n\n<p><strong>Oops Mag n\u00b04 &#8211; Juin \/ Juillet \/ Ao\u00fbt 2001<\/strong><\/p>\n\n\n\n<p>Les news<br>\nDossier : Britney&rsquo;s story 4<br>\nPhoto set<br>\nDossier : Britney Online<br>\nChansons in\u00e9dites<br>\nRubrique des fans : concours, petites annonces<\/p>\n\n\n\n<div style=\"height:24px\" aria-hidden=\"true\" class=\"wp-block-spacer\"><\/div>\n\n\n<div class=\"wp-block-image\">\n<figure class=\"alignleft\"><img decoding=\"async\" src=\"https:\/\/nostalgie2000s.com\/wp-content\/uploads\/2024\/10\/oops-mag-05-01-couverture.jpg\" alt=\"\"\/><\/figure>\n<\/div>\n\n\n<p><strong>Oops Mag n\u00b05 &#8211; Novembre \/ D\u00e9cembre 2001 \/ Janvier 2002<\/strong><\/p>\n\n\n\n<p>Les news<br>\nDossier : Britney&rsquo;s story<br>\nInterview : Britney parle de \u00ab\u00a0Britney\u00a0\u00bb<br>\nRubrique de fans : concours, petites annonces&#8230;<br>\nBoutique<\/p>\n\n\n\n<div style=\"height:24px\" aria-hidden=\"true\" class=\"wp-block-spacer\"><\/div>\n\n\n<div class=\"wp-block-image\">\n<figure class=\"alignleft size-full\"><img loading=\"lazy\" decoding=\"async\" width=\"160\" height=\"226\" src=\"https:\/\/nostalgie2000s.com\/wp-content\/uploads\/2025\/08\/Oops-Mag-HS-01-01-Couverture-photos.jpg\" alt=\"\" class=\"wp-image-15226\"\/><\/figure>\n<\/div>\n\n\n<p><strong><span style=\"color: red;\">Oops Mag HS n\u00b01 &#8211; Photos collector<\/span><\/strong><\/p>\n\n\n\n<p><\/p>\n\n\n\n<div style=\"height:24px\" aria-hidden=\"true\" class=\"wp-block-spacer\"><\/div>\n\n\n<div class=\"wp-block-image\">\n<figure class=\"alignleft\"><img decoding=\"async\" src=\"https:\/\/nostalgie2000s.com\/wp-content\/uploads\/2024\/10\/Oops-Mag-06-01-Couverture.jpg\" alt=\"\"\/><\/figure>\n<\/div>\n\n\n<p><strong>Oops Mag n\u00b06 &#8211; F\u00e9vrier \/ Mars \/ Avril 2002<\/strong><\/p>\n\n\n\n<p>Les news<br>\nDossier : M\u00e9ga show \u00e0 Las Vegas<br>\nSujet : A star is born<br>\nDossier : Britney&rsquo;s story<br>\nExclu : \u00ab\u00a0<em>Crossroads<\/em>\u00a0\u00bb le premier film de Brit !<br>\nRubrique des fans<br>\nBoutique<\/p>\n\n\n\n<div style=\"height:24px\" aria-hidden=\"true\" class=\"wp-block-spacer\"><\/div>\n\n\n<div class=\"wp-block-image\">\n<figure class=\"alignleft\"><img decoding=\"async\" src=\"https:\/\/nostalgie2000s.com\/wp-content\/uploads\/2024\/10\/Oops-Mag-07-01-Couverture.jpg\" alt=\"\"\/><\/figure>\n<\/div>\n\n\n<p><strong>Oops Mag n\u00b07 &#8211; Mai \/ Juin \/ Juillet 2002<\/strong><\/p>\n\n\n\n<p>Les news<br>\nConcours exceptionnel<br>\nSujet : Pepsi<br>\nInterview<br>\nCrossroads<br>\nDossier : Britney&rsquo;s story<br>\nRubrique des fans<br>\nBoutique<\/p>\n\n\n\n<div style=\"height:24px\" aria-hidden=\"true\" class=\"wp-block-spacer\"><\/div>\n\n\n<div class=\"wp-block-image\">\n<figure class=\"alignleft\"><img decoding=\"async\" src=\"https:\/\/nostalgie2000s.com\/wp-content\/uploads\/2024\/10\/Oops-Mag-08-01-Couverture.jpg\" alt=\"\"\/><\/figure>\n<\/div>\n\n\n<p><strong>Oops Mag n\u00b08 &#8211; Ao\u00fbt \/ Septembre \/ Octobre 2002<\/strong><\/p>\n\n\n\n<p>Les news<br>\nConcours et abonnement<br>\nDossier : <em>Dream within a dream tour<\/em> 2002<br>\nSujet : Britney&rsquo;s chrono<br>\nSondage<br>\nDossier : La vraie Britney&#8230;<br>\nCollector&rsquo;s<br>\nOn ze web<br>\nRubrique des fans<br>\nBoutique<\/p>\n\n\n\n<div style=\"height:24px\" aria-hidden=\"true\" class=\"wp-block-spacer\"><\/div>\n\n\n<div class=\"wp-block-image\">\n<figure class=\"alignleft\"><img decoding=\"async\" src=\"https:\/\/nostalgie2000s.com\/wp-content\/uploads\/2024\/10\/Oops-Mag-09-01-Couverture.jpg\" alt=\"\"\/><\/figure>\n<\/div>\n\n\n<p><strong>Oops Mag n\u00b09 &#8211; Novembre \/ D\u00e9cembre 2002 \/ Janvier 2003<\/strong><\/p>\n\n\n\n<p>Les news<br>\nConcours et abonnement<br>\nInterview : En t\u00eate \u00e0 t\u00eate avec Britney<br>\nDossier : J&rsquo;aime\/J&rsquo;aime pas<br>\nRubrique des fans<br>\nBoutique<\/p>\n\n\n\n<div style=\"height:24px\" aria-hidden=\"true\" class=\"wp-block-spacer\"><\/div>\n\n\n<div class=\"wp-block-image\">\n<figure class=\"alignleft\"><img decoding=\"async\" src=\"https:\/\/nostalgie2000s.com\/wp-content\/uploads\/2024\/10\/Oops-Mag-10-01-Couverture.jpg\" alt=\"\"\/><\/figure>\n<\/div>\n\n\n<p><strong>Oops Mag n\u00b010 &#8211; F\u00e9vrier \/ Mars \/ Avril 2003<\/strong><\/p>\n\n\n\n<p>Les news<br>\nConcours et abonnement<br>\nSujet : The Britney Spears Foundation<br>\nDossier : Britney et la mode<br>\nSujet : L&#8217;empire commercial de Britney<br>\nOn ze web<br>\nEnqu\u00eate<br>\nRubrique des fans<br>\nBoutique<\/p>\n\n\n\n<div style=\"height:24px\" aria-hidden=\"true\" class=\"wp-block-spacer\"><\/div>\n\n\n<div class=\"wp-block-image\">\n<figure class=\"alignleft\"><img decoding=\"async\" src=\"https:\/\/nostalgie2000s.com\/wp-content\/uploads\/2024\/10\/Oops-Mag-11-01-Couverture.jpg\" alt=\"\"\/><\/figure>\n<\/div>\n\n\n<p><strong>Oops Mag n\u00b011 &#8211; Mai \/ Juin \/ Juillet 2003<\/strong><\/p>\n\n\n\n<p>Les news<br>\nConcours et abonnement<br>\nDossier : En attendant le nouvel album<br>\nSujet : Britney contre le reste de la pop<br>\nSujet : Pas de chance en amour<br>\nSujet : La mutation<br>\nEnqu\u00eate<br>\nRubrique des fans<br>\nBoutique<\/p>\n\n\n\n<div style=\"height:24px\" aria-hidden=\"true\" class=\"wp-block-spacer\"><\/div>\n\n\n<div class=\"wp-block-image\">\n<figure class=\"alignleft\"><img decoding=\"async\" src=\"https:\/\/nostalgie2000s.com\/wp-content\/uploads\/2024\/10\/Oops-Mag-12-01-Couverture.jpg\" alt=\"\"\/><\/figure>\n<\/div>\n\n\n<p><strong>Oops Mag n\u00b012 &#8211; Automne 2003<\/strong><\/p>\n\n\n\n<p>Les news<br>\nLa 4\u00e8me \u00e8re<br>\nDossier : Les r\u00e9v\u00e9lations du magazine W<br>\nSujet : Faux pas ou anticipation ?<br>\nSujet : Automne 2003, un gros enjeu pour Britney ?<br>\nEnqu\u00eate<br>\nRubrique des fans<br>\nBoutique &amp; Abonnement<\/p>\n\n\n\n<div style=\"height:24px\" aria-hidden=\"true\" class=\"wp-block-spacer\"><\/div>\n\n\n<div class=\"wp-block-image\">\n<figure class=\"alignleft\"><img decoding=\"async\" src=\"https:\/\/nostalgie2000s.com\/wp-content\/uploads\/2024\/10\/Oops-Mag-13-01-Couverture.jpg\" alt=\"\"\/><\/figure>\n<\/div>\n\n\n<p><strong>Oops Mag n\u00b012 &#8211; Hiver 2003\/2004<\/strong><\/p>\n\n\n\n<p>Les news<br>\n100% Provoc&rsquo;<br>\nBritney en sc\u00e8ne<br>\nAdoptez la Britney Attitude !<br>\nLes dessous du quatri\u00e8me album<br>\nShopping &amp; Abonnement<br>\nRubrique des fans<\/p>\n\n\n\n<div style=\"height:24px\" aria-hidden=\"true\" class=\"wp-block-spacer\"><\/div>\n\n\n<div class=\"wp-block-image\">\n<figure class=\"alignleft\"><img decoding=\"async\" src=\"https:\/\/nostalgie2000s.com\/wp-content\/uploads\/2024\/10\/Oops-Mag-HS-01-01-Couverture.jpg\" alt=\"\"\/><\/figure>\n<\/div>\n\n\n<p><strong>Oops Mag HS n\u00b01 &#8211; Hiver 2004<\/strong><\/p>\n\n\n\n<p>Les news &amp; Classements<br>\nConcours<br>\n<em>In the zone<\/em>, Britney au sommet de l&rsquo;audace !<br>\nInterview<br>\nNouvelle ic\u00f4ne gay ?<br>\nOops ! J&rsquo;ai encore zapp\u00e9 l&rsquo;Europe<br>\nShopping &amp; Abonnement<\/p>\n\n\n\n<div style=\"height:24px\" aria-hidden=\"true\" class=\"wp-block-spacer\"><\/div>\n\n\n<div class=\"wp-block-image\">\n<figure class=\"alignleft\"><img decoding=\"async\" src=\"https:\/\/nostalgie2000s.com\/wp-content\/uploads\/2024\/10\/Oops-Mag-14-01-Couverture.jpg\" alt=\"\"\/><\/figure>\n<\/div>\n\n\n<p><strong>Oops Mag n\u00b014 &#8211; Printemps 2004<\/strong><\/p>\n\n\n\n<p>Les news<br>\n55 heures chrono<br>\n<em>Toxic<\/em>, le single \u00e9v\u00e8nement de Britney !<br>\nBritney vs Christina : la guerre des divas<br>\nBritney, le poids lourd du net !<br>\nShopping &amp; Abonnement<br>\nRubrique des fans<\/p>\n\n\n\n<div style=\"height:68px\" aria-hidden=\"true\" class=\"wp-block-spacer\"><\/div>\n\n\n\n<h2 class=\"wp-block-heading has-text-align-center\"><strong><em>The Zone<\/em><\/strong><\/h2>\n\n\n<div class=\"wp-block-image\">\n<figure class=\"alignleft\"><img decoding=\"async\" src=\"https:\/\/nostalgie2000s.com\/wp-content\/uploads\/2024\/10\/The-Zone-01-01-Couverture.jpg\" alt=\"\"\/><\/figure>\n<\/div>\n\n\n<p> <strong>The Zone n\u00b01 &#8211; Et\u00e9 2004<\/strong><\/p>\n\n\n\n<p>Les news<br>\nConcours<br>\n<em>Onyx Hotel Tour<\/em> : tout sur la tourn\u00e9e<br>\n<em>Everytime<\/em>, le nouveau single pol\u00e9mique<br>\n2004 : L&rsquo;ann\u00e9e Britney<br>\nShopping &amp; Abonnement<br>\nWeb Zone<\/p>\n\n\n\n<div style=\"height:24px\" aria-hidden=\"true\" class=\"wp-block-spacer\"><\/div>\n\n\n<div class=\"wp-block-image\">\n<figure class=\"alignleft\"><img decoding=\"async\" src=\"https:\/\/nostalgie2000s.com\/wp-content\/uploads\/2024\/10\/The-Zone-02-01-Couverture.jpg\" alt=\"\"\/><\/figure>\n<\/div>\n\n\n<p><strong>The Zone n\u00b02 &#8211; Automne 2004<\/strong><\/p>\n\n\n\n<p>Les news<br> Concours<br> Une star dans les \u00e9toiles<br> <em>Outrageous<\/em>, le single \u00e9v\u00e8nement !<br> Le danseur et la milliardaire : Britney se remarie !<br> Enqu\u00eate, Fan Zone<br> Shopping &amp; Abonnement<br> Internet : In the personal zone<\/p>\n\n\n\n<div style=\"height:24px\" aria-hidden=\"true\" class=\"wp-block-spacer\"><\/div>\n\n\n<div class=\"wp-block-image\">\n<figure class=\"alignleft\"><img decoding=\"async\" src=\"https:\/\/nostalgie2000s.com\/wp-content\/uploads\/2024\/10\/The-Zone-03-01-Couverture.jpg\" alt=\"\"\/><\/figure>\n<\/div>\n\n\n<p><strong>The Zone n\u00b03 &#8211; Hiver 2004<\/strong><\/p>\n\n\n\n<p>News &amp; Concours<br>\nCharts<br>\n\u00ab\u00a0<em>My prerogative<\/em>\u00a0\u00bb ou le r\u00e9sum\u00e9 de 7 ans de carri\u00e8re !<br>\nDossier sp\u00e9cial best of : La success story (1\u00e8re partie)<br>\nFan Zone<br>\nShopping &amp; Abonnement<br>\n+ Cartes postales, posters, affichettes<\/p>\n\n\n\n<div style=\"height:24px\" aria-hidden=\"true\" class=\"wp-block-spacer\"><\/div>\n\n\n<div class=\"wp-block-image\">\n<figure class=\"alignleft\"><img decoding=\"async\" src=\"https:\/\/nostalgie2000s.com\/wp-content\/uploads\/2024\/10\/The-Zone-04-01-Couverture.jpg\" alt=\"\"\/><\/figure>\n<\/div>\n\n\n<p><strong>The Zone n\u00b04 &#8211; Printemps 2005<\/strong><\/p>\n\n\n\n<p>News &amp; Concours<br>\nCharts<br>\n\u00ab\u00a0<em>Do Somethin&rsquo;<\/em>\u00a0\u00bb : D\u00e9j\u00e0-vu et \u00e0 venir&#8230;<br>\nPresse : Dieu lui a donn\u00e9 la voix<br>\nDossier sp\u00e9cial best of : La success story (2\u00e8me partie)<br>\nFan Zone<br>\nShopping &amp; Abonnement<br>\n+ Cartes postales, posters, affichettes<\/p>\n\n\n\n<div style=\"height:24px\" aria-hidden=\"true\" class=\"wp-block-spacer\"><\/div>\n\n\n<div class=\"wp-block-image\">\n<figure class=\"alignleft\"><img decoding=\"async\" src=\"https:\/\/nostalgie2000s.com\/wp-content\/uploads\/2024\/10\/The-Zone-05-01-Couverture.jpg\" alt=\"\"\/><\/figure>\n<\/div>\n\n\n<p><strong>The Zone n\u00b05 &#8211; Et\u00e9 2005<\/strong><\/p>\n\n\n\n<p>News &amp; Concours<br>\nCharts<br>\nPortrait : Mais qui est Kevin, le mari de Britney ?<br>\nIc\u00f4ne : Britney nouvelle Madonna ?<br>\nRenaissance : Une nouvelle vie commence pour la star<br>\nKollectors : Pr\u00e9sentation d&rsquo;objets rares de l&rsquo;album \u00ab\u00a0<em>&#8230; Baby one more time<\/em>\u00ab\u00a0<br>\nBritney Parade : le classement de vos titres pr\u00e9f\u00e9r\u00e9s<br>\nCourrier des lecteurs, petites annonces, questions\/r\u00e9ponses, sites internet, po\u00e8mes, dessins&#8230;<br>\nBoutique The Zone<\/p>\n\n\n\n<div style=\"height:24px\" aria-hidden=\"true\" class=\"wp-block-spacer\"><\/div>\n\n\n<div class=\"wp-block-image\">\n<figure class=\"alignleft\"><img decoding=\"async\" src=\"https:\/\/nostalgie2000s.com\/wp-content\/uploads\/2024\/10\/The-Zone-06-01-Couverture.jpg\" alt=\"\"\/><\/figure>\n<\/div>\n\n\n<p><strong>The Zone n\u00b06 &#8211; Automne 2005<\/strong><\/p>\n\n\n\n<p>News, concours et charts<br>\nInterview<br>\nReal TV : \u00ab\u00a0Chaotic\u00a0\u00bb ou la vie simple de Britney Spears<br>\n\u00ab\u00a0<em>Someday (I will understand)<\/em>\u00a0\u00bb : la proph\u00e9tie<br>\nSujet : Britney, le g\u00e9nie du 3\u00e8me mill\u00e9naire<br>\nKollectors : Pr\u00e9sentation d&rsquo;objets rares de l&rsquo;album \u00ab\u00a0<em>Oops!&#8230; I did it again<\/em>\u00ab\u00a0<br>\nBritney Parade : le classement de vos titres pr\u00e9f\u00e9r\u00e9s<br>\nCourrier des lecteurs, petites annonces, questions\/r\u00e9ponses, sites internet, po\u00e8mes, dessins&#8230;<\/p>\n\n\n\n<div style=\"height:24px\" aria-hidden=\"true\" class=\"wp-block-spacer\"><\/div>\n\n\n<div class=\"wp-block-image\">\n<figure class=\"alignleft\"><img decoding=\"async\" src=\"https:\/\/nostalgie2000s.com\/wp-content\/uploads\/2024\/10\/The-Zone-HS-03-01-Couverture.jpg\" alt=\"\"\/><\/figure>\n<\/div>\n\n\n<p><strong>The Zone HS n\u00b01 &#8211; Sp\u00e9cial Plage<\/strong><\/p>\n\n\n\n<p>Real TV : \u00ab\u00a0<em>Chaotic<\/em>\u00ab\u00a0<br>\nBritney Attitude<br>\nSummer Style<br>\nQuiz : \u00e0 vous de jouer !<br>\n<em>Crossroads<\/em> : un film culte !<br>\nExclu : les premi\u00e8res images de son nouveau clip !<br>\nBoutique et abonnement<\/p>\n\n\n\n<div style=\"height:24px\" aria-hidden=\"true\" class=\"wp-block-spacer\"><\/div>\n\n\n<div class=\"wp-block-image\">\n<figure class=\"alignleft\"><img decoding=\"async\" src=\"https:\/\/nostalgie2000s.com\/wp-content\/uploads\/2024\/10\/The-Zone-HS-02-01-Couverture.jpg\" alt=\"\"\/><\/figure>\n<\/div>\n\n\n<p><strong>The Zone HS n\u00b02 &#8211; Sp\u00e9cial Awards<\/strong><\/p>\n\n\n\n<p>Fantasmes des Video Music Awards ?<br>\nFlashback : nos prestations pr\u00e9f\u00e9r\u00e9es de Britney<br>\nMode : les trouvailles et les rat\u00e9s<br>\nAwards : la liste<br>\nAwards : le grand test<br>\nBoutique<\/p>\n\n\n\n<div style=\"height:24px\" aria-hidden=\"true\" class=\"wp-block-spacer\"><\/div>\n\n\n<div class=\"wp-block-image\">\n<figure class=\"alignleft\"><img decoding=\"async\" src=\"https:\/\/nostalgie2000s.com\/wp-content\/uploads\/2024\/10\/The-Zone-07-01-Couverture.jpg\" alt=\"\"\/><\/figure>\n<\/div>\n\n\n<p><strong>The Zone n\u00b07 &#8211; Hiver 2005 \/ 2006<\/strong><\/p>\n\n\n\n<p>Les news &amp; Charts<br>\nInterview : Britney se d\u00e9voile dans \u00ab\u00a0<em>Elle<\/em>\u00ab\u00a0<br>\nRevue de presse<br>\nDossier sp\u00e9cial : Britney maman<br>\nKollectors : Pr\u00e9sentation des produits d\u00e9riv\u00e9s de l&rsquo;album \u00ab\u00a0<em>Oops!&#8230; I did it again<\/em>\u00ab\u00a0<br>\nBritney Parade : le classement de vos titres pr\u00e9f\u00e9r\u00e9s<br>\nCourrier des lecteurs, petites annonces, questions\/r\u00e9ponses, sites internet, po\u00e8mes, dessins&#8230;<br>\nBoutique The Zone<\/p>\n\n\n\n<div style=\"height:24px\" aria-hidden=\"true\" class=\"wp-block-spacer\"><\/div>\n\n\n<div class=\"wp-block-image\">\n<figure class=\"alignleft\"><img decoding=\"async\" src=\"https:\/\/nostalgie2000s.com\/wp-content\/uploads\/2024\/10\/The-Zone-08-01-Couverture.jpg\" alt=\"\"\/><\/figure>\n<\/div>\n\n\n<p><strong>The Zone n\u00b08 &#8211; Printemps 2006<\/strong><\/p>\n\n\n\n<p>Les news, concours et charts<br>\nA quand le retour de Britney ?<br>\nBonjour Sean Preston !<br>\nBritney, recyclage de style !<br>\n<em>Crossroads<\/em> : un film culte !<br>\nBritney et Pepsi : une belle histoire<br>\nLe drame \u00ab\u00a0<em>Outrageous<\/em>\u00ab\u00a0<br>\nKollectors : Pr\u00e9sentation des supports de l&rsquo;album \u00ab\u00a0<em>Britney<\/em>\u00ab\u00a0<br>\nBritney Parade : le classement de vos titres pr\u00e9f\u00e9r\u00e9s<br>\nCourrier des lecteurs, petites annonces, questions\/r\u00e9ponses, sites internet, po\u00e8mes, dessins&#8230;<br>\nBoutique The Zone<\/p>\n\n\n\n<div style=\"height:24px\" aria-hidden=\"true\" class=\"wp-block-spacer\"><\/div>\n\n\n\n<pre class=\"wp-block-preformatted\"><input type=\"button\" value=\"Retour\" class=\"alg_back_button_input \" style=\"\" onclick=\"window.history.back()\" \/><\/pre>\n","protected":false},"excerpt":{"rendered":"<p>\u00c0 l&rsquo;origine connu sous le nom de \u00ab\u00a0Oops Mag\u00ab\u00a0, le magazine est une c\u00e9l\u00e9bration passionn\u00e9e de l&rsquo;ic\u00f4ne pop incontest\u00e9e, Britney Spears. \u00ab\u00a0Oops Mag\u00a0\u00bb a \u00e9t\u00e9 lanc\u00e9 avec un seul objectif [&hellip;]<\/p>\n","protected":false},"author":1,"featured_media":0,"parent":744,"menu_order":0,"comment_status":"open","ping_status":"closed","template":"","meta":{"_kadence_starter_templates_imported_post":false,"iawp_total_views":47,"footnotes":""},"class_list":["post-3427","page","type-page","status-publish","hentry"],"_links":{"self":[{"href":"https:\/\/nostalgie2000s.com\/index.php\/wp-json\/wp\/v2\/pages\/3427","targetHints":{"allow":["GET"]}}],"collection":[{"href":"https:\/\/nostalgie2000s.com\/index.php\/wp-json\/wp\/v2\/pages"}],"about":[{"href":"https:\/\/nostalgie2000s.com\/index.php\/wp-json\/wp\/v2\/types\/page"}],"author":[{"embeddable":true,"href":"https:\/\/nostalgie2000s.com\/index.php\/wp-json\/wp\/v2\/users\/1"}],"replies":[{"embeddable":true,"href":"https:\/\/nostalgie2000s.com\/index.php\/wp-json\/wp\/v2\/comments?post=3427"}],"version-history":[{"count":30,"href":"https:\/\/nostalgie2000s.com\/index.php\/wp-json\/wp\/v2\/pages\/3427\/revisions"}],"predecessor-version":[{"id":15227,"href":"https:\/\/nostalgie2000s.com\/index.php\/wp-json\/wp\/v2\/pages\/3427\/revisions\/15227"}],"up":[{"embeddable":true,"href":"https:\/\/nostalgie2000s.com\/index.php\/wp-json\/wp\/v2\/pages\/744"}],"wp:attachment":[{"href":"https:\/\/nostalgie2000s.com\/index.php\/wp-json\/wp\/v2\/media?parent=3427"}],"curies":[{"name":"wp","href":"https:\/\/api.w.org\/{rel}","templated":true}]}}