{"id":16290,"date":"2026-01-21T14:49:23","date_gmt":"2026-01-21T13:49:23","guid":{"rendered":"https:\/\/nostalgie2000s.com\/?page_id=16290"},"modified":"2026-02-19T08:34:12","modified_gmt":"2026-02-19T07:34:12","slug":"la-trilogie-du-samedi-1997","status":"publish","type":"page","link":"https:\/\/nostalgie2000s.com\/index.php\/la-trilogie-du-samedi-1997\/","title":{"rendered":"La trilogie du samedi (1997)"},"content":{"rendered":"\n<figure class=\"wp-block-image size-full\"><img loading=\"lazy\" decoding=\"async\" width=\"869\" height=\"148\" src=\"https:\/\/nostalgie2000s.com\/wp-content\/uploads\/2026\/01\/trilogie1997.png\" alt=\"\" class=\"wp-image-16295\" srcset=\"https:\/\/nostalgie2000s.com\/wp-content\/uploads\/2026\/01\/trilogie1997.png 869w, https:\/\/nostalgie2000s.com\/wp-content\/uploads\/2026\/01\/trilogie1997-300x51.png 300w, https:\/\/nostalgie2000s.com\/wp-content\/uploads\/2026\/01\/trilogie1997-768x131.png 768w, https:\/\/nostalgie2000s.com\/wp-content\/uploads\/2026\/01\/trilogie1997-600x102.png 600w\" sizes=\"auto, (max-width: 869px) 100vw, 869px\" \/><\/figure>\n\n\n\n<div style=\"height:13px\" aria-hidden=\"true\" class=\"wp-block-spacer\"><\/div>\n\n\n\n<p>En 1997, la Trilogie du samedi marque un tournant majeur pour M6 : apr\u00e8s deux ans de tests sous le label&nbsp;\u00ab Les samedis fantastiques \u00bb, le concept est officiellement lanc\u00e9 le 6 d\u00e9cembre 1997 comme rendez-vous hebdomadaire d\u00e9di\u00e9 aux s\u00e9ries de genre. La cha\u00eene installe d\u2019embl\u00e9e une identit\u00e9 forte en associant&nbsp;<strong>Le Cam\u00e9l\u00e9on,<\/strong>&nbsp;<strong>Dark Skies : l\u2019impossible v\u00e9rit\u00e9<\/strong>&nbsp;et&nbsp;<strong>Profiler<\/strong>, un triptyque conspiration\u2013thriller\u2013profilage qui pose les fondations de ce que deviendra la mythique case du samedi soir au fil des ann\u00e9es.<\/p>\n\n\n\n<div style=\"height:45px\" aria-hidden=\"true\" class=\"wp-block-spacer\"><\/div>\n\n\n\n<h3 class=\"wp-block-heading\"><strong>Samedi 6 d\u00e9cembre 1997<\/strong><\/h3>\n\n\n\n<figure class=\"wp-block-image size-full\"><img loading=\"lazy\" decoding=\"async\" width=\"869\" height=\"147\" src=\"https:\/\/nostalgie2000s.com\/wp-content\/uploads\/2026\/01\/trilogie-06121997.png\" alt=\"\" class=\"wp-image-16297\" srcset=\"https:\/\/nostalgie2000s.com\/wp-content\/uploads\/2026\/01\/trilogie-06121997.png 869w, https:\/\/nostalgie2000s.com\/wp-content\/uploads\/2026\/01\/trilogie-06121997-300x51.png 300w, https:\/\/nostalgie2000s.com\/wp-content\/uploads\/2026\/01\/trilogie-06121997-768x130.png 768w, https:\/\/nostalgie2000s.com\/wp-content\/uploads\/2026\/01\/trilogie-06121997-600x101.png 600w\" sizes=\"auto, (max-width: 869px) 100vw, 869px\" \/><\/figure>\n\n\n\n<div style=\"height:14px\" aria-hidden=\"true\" class=\"wp-block-spacer\"><\/div>\n\n\n\n<iframe loading=\"lazy\" width=\"960\" height=\"480\" src=\"https:\/\/www.youtube.com\/embed\/eWZdRUhmWAw?si=eMMhAOFrpRO0jVcW\" title=\"YouTube video player\" frameborder=\"0\" allow=\"accelerometer; autoplay; clipboard-write; encrypted-media; gyroscope; picture-in-picture; web-share\" referrerpolicy=\"strict-origin-when-cross-origin\" allowfullscreen><\/iframe>\n\n\n\n<div style=\"height:14px\" aria-hidden=\"true\" class=\"wp-block-spacer\"><\/div>\n\n\n\n<ul class=\"wp-block-list\">\n<li>20h55 : Le Cam\u00e9l\u00e9on &#8211; <em>\u00ab\u00a0Le chat et la souris\u00a0\u00bb<\/em> &#8211; S01E01 (Rediffusion)<\/li>\n\n\n\n<li>21h45 : Dark Skies : l&rsquo;impossible v\u00e9rit\u00e9 &#8211; <em>\u00ab\u00a0L&rsquo;ultimatum\u00a0\u00bb<\/em> &#8211; S01E03 (In\u00e9dit)<\/li>\n\n\n\n<li>22h40 : Profiler &#8211; <em>\u00ab\u00a0Visions\u00a0\u00bb<\/em> &#8211; S01E01 (In\u00e9dit)<\/li>\n<\/ul>\n\n\n\n<div style=\"height:45px\" aria-hidden=\"true\" class=\"wp-block-spacer\"><\/div>\n\n\n\n<h3 class=\"wp-block-heading\"><strong>Samedi 13 d\u00e9cembre 1997<\/strong><\/h3>\n\n\n\n<figure class=\"wp-block-image size-full\"><img loading=\"lazy\" decoding=\"async\" width=\"869\" height=\"147\" src=\"https:\/\/nostalgie2000s.com\/wp-content\/uploads\/2026\/01\/trilogie-13121997.png\" alt=\"\" class=\"wp-image-16298\" srcset=\"https:\/\/nostalgie2000s.com\/wp-content\/uploads\/2026\/01\/trilogie-13121997.png 869w, https:\/\/nostalgie2000s.com\/wp-content\/uploads\/2026\/01\/trilogie-13121997-300x51.png 300w, https:\/\/nostalgie2000s.com\/wp-content\/uploads\/2026\/01\/trilogie-13121997-768x130.png 768w, https:\/\/nostalgie2000s.com\/wp-content\/uploads\/2026\/01\/trilogie-13121997-600x101.png 600w\" sizes=\"auto, (max-width: 869px) 100vw, 869px\" \/><\/figure>\n\n\n\n<ul class=\"wp-block-list\">\n<li>20h55 : Le Cam\u00e9l\u00e9on &#8211; <em>\u00ab\u00a0Chaque tableau a son histoire\u00a0\u00bb<\/em> &#8211; S01E02 (Rediffusion)<\/li>\n\n\n\n<li>21h45 : Dark Skies : l&rsquo;impossible v\u00e9rit\u00e9 &#8211; <em>\u00ab\u00a0Les ailes de minuit\u00a0\u00bb<\/em> &#8211; S01E04 (In\u00e9dit)<\/li>\n\n\n\n<li>22h45 : Profiler &#8211; <em>\u00ab\u00a0L&rsquo;anneau de feu\u00a0\u00bb<\/em> &#8211; S01E02 (In\u00e9dit)<\/li>\n<\/ul>\n\n\n\n<div style=\"height:45px\" aria-hidden=\"true\" class=\"wp-block-spacer\"><\/div>\n\n\n\n<h3 class=\"wp-block-heading\"><strong>Samedi 20 d\u00e9cembre 1997<\/strong><\/h3>\n\n\n\n<figure class=\"wp-block-image size-full\"><img loading=\"lazy\" decoding=\"async\" width=\"869\" height=\"147\" src=\"https:\/\/nostalgie2000s.com\/wp-content\/uploads\/2026\/01\/trilogie-20121997.png\" alt=\"\" class=\"wp-image-16300\" srcset=\"https:\/\/nostalgie2000s.com\/wp-content\/uploads\/2026\/01\/trilogie-20121997.png 869w, https:\/\/nostalgie2000s.com\/wp-content\/uploads\/2026\/01\/trilogie-20121997-300x51.png 300w, https:\/\/nostalgie2000s.com\/wp-content\/uploads\/2026\/01\/trilogie-20121997-768x130.png 768w, https:\/\/nostalgie2000s.com\/wp-content\/uploads\/2026\/01\/trilogie-20121997-600x101.png 600w\" sizes=\"auto, (max-width: 869px) 100vw, 869px\" \/><\/figure>\n\n\n\n<ul class=\"wp-block-list\">\n<li>20h55 : Le Cam\u00e9l\u00e9on &#8211; <em>\u00ab\u00a0Le premier No\u00ebl de Jarod\u00a0\u00bb<\/em> &#8211; S01E08 (Rediffusion)<\/li>\n\n\n\n<li>21h45 : Dark Skies : l&rsquo;impossible v\u00e9rit\u00e9 &#8211; <em>\u00ab\u00a0Autodestruction\u00a0\u00bb<\/em> &#8211; S01E05 (In\u00e9dit)<\/li>\n\n\n\n<li>22h45 : Profiler &#8211; <em>\u00ab\u00a0Alliance diabolique\u00a0\u00bb<\/em> &#8211; S01E03 (In\u00e9dit)<\/li>\n<\/ul>\n\n\n\n<div style=\"height:45px\" aria-hidden=\"true\" class=\"wp-block-spacer\"><\/div>\n\n\n\n<h3 class=\"wp-block-heading\"><strong>Samedi 27 d\u00e9cembre 1997<\/strong><\/h3>\n\n\n\n<figure class=\"wp-block-image size-full\"><img loading=\"lazy\" decoding=\"async\" width=\"869\" height=\"147\" src=\"https:\/\/nostalgie2000s.com\/wp-content\/uploads\/2026\/01\/trilogie-27121997.png\" alt=\"\" class=\"wp-image-16301\" srcset=\"https:\/\/nostalgie2000s.com\/wp-content\/uploads\/2026\/01\/trilogie-27121997.png 869w, https:\/\/nostalgie2000s.com\/wp-content\/uploads\/2026\/01\/trilogie-27121997-300x51.png 300w, https:\/\/nostalgie2000s.com\/wp-content\/uploads\/2026\/01\/trilogie-27121997-768x130.png 768w, https:\/\/nostalgie2000s.com\/wp-content\/uploads\/2026\/01\/trilogie-27121997-600x101.png 600w\" sizes=\"auto, (max-width: 869px) 100vw, 869px\" \/><\/figure>\n\n\n\n<div style=\"height:12px\" aria-hidden=\"true\" class=\"wp-block-spacer\"><\/div>\n\n\n\n<iframe loading=\"lazy\" width=\"960\" height=\"480\" src=\"https:\/\/www.youtube.com\/embed\/BuG0xB3I9O8?si=X_cDzkSgvGe5Bxuc\" title=\"YouTube video player\" frameborder=\"0\" allow=\"accelerometer; autoplay; clipboard-write; encrypted-media; gyroscope; picture-in-picture; web-share\" referrerpolicy=\"strict-origin-when-cross-origin\" allowfullscreen><\/iframe>\n\n\n\n<div style=\"height:12px\" aria-hidden=\"true\" class=\"wp-block-spacer\"><\/div>\n\n\n\n<ul class=\"wp-block-list\">\n<li>20h55 : Le Cam\u00e9l\u00e9on &#8211; <em>\u00ab\u00a0Pilote de chasse\u00a0\u00bb<\/em> &#8211; S01E03 (Rediffusion)<\/li>\n\n\n\n<li>21h45 : Dark Skies : l&rsquo;impossible v\u00e9rit\u00e9 &#8211;<em> \u00ab\u00a0Nom de code : dreamland\u00a0\u00bb<\/em> &#8211; S01E06 (In\u00e9dit)<\/li>\n\n\n\n<li>22h45 : Profiler &#8211; <em>\u00ab\u00a0Rien que toi et moi\u00a0\u00bb <\/em>&#8211; S01E04 (In\u00e9dit)<\/li>\n<\/ul>\n\n\n\n<div style=\"height:45px\" aria-hidden=\"true\" class=\"wp-block-spacer\"><\/div>\n\n\n\n<pre class=\"wp-block-preformatted\"><input type=\"button\" value=\"Retour\" class=\"alg_back_button_input \" style=\"\" onclick=\"window.history.back()\" \/><\/pre>\n","protected":false},"excerpt":{"rendered":"<p>En 1997, la Trilogie du samedi marque un tournant majeur pour M6 : apr\u00e8s deux ans de tests sous le label&nbsp;\u00ab Les samedis fantastiques \u00bb, le concept est officiellement lanc\u00e9 [&hellip;]<\/p>\n","protected":false},"author":1,"featured_media":0,"parent":0,"menu_order":0,"comment_status":"open","ping_status":"closed","template":"","meta":{"_kadence_starter_templates_imported_post":false,"iawp_total_views":239,"footnotes":""},"class_list":["post-16290","page","type-page","status-publish","hentry"],"_links":{"self":[{"href":"https:\/\/nostalgie2000s.com\/index.php\/wp-json\/wp\/v2\/pages\/16290","targetHints":{"allow":["GET"]}}],"collection":[{"href":"https:\/\/nostalgie2000s.com\/index.php\/wp-json\/wp\/v2\/pages"}],"about":[{"href":"https:\/\/nostalgie2000s.com\/index.php\/wp-json\/wp\/v2\/types\/page"}],"author":[{"embeddable":true,"href":"https:\/\/nostalgie2000s.com\/index.php\/wp-json\/wp\/v2\/users\/1"}],"replies":[{"embeddable":true,"href":"https:\/\/nostalgie2000s.com\/index.php\/wp-json\/wp\/v2\/comments?post=16290"}],"version-history":[{"count":8,"href":"https:\/\/nostalgie2000s.com\/index.php\/wp-json\/wp\/v2\/pages\/16290\/revisions"}],"predecessor-version":[{"id":16342,"href":"https:\/\/nostalgie2000s.com\/index.php\/wp-json\/wp\/v2\/pages\/16290\/revisions\/16342"}],"wp:attachment":[{"href":"https:\/\/nostalgie2000s.com\/index.php\/wp-json\/wp\/v2\/media?parent=16290"}],"curies":[{"name":"wp","href":"https:\/\/api.w.org\/{rel}","templated":true}]}}