{"id":15239,"date":"2025-09-05T18:13:16","date_gmt":"2025-09-05T16:13:16","guid":{"rendered":"https:\/\/nostalgie2000s.com\/?page_id=15239"},"modified":"2026-02-04T19:46:55","modified_gmt":"2026-02-04T18:46:55","slug":"magazines-sur-les-tele-realites","status":"publish","type":"page","link":"https:\/\/nostalgie2000s.com\/index.php\/magazines-sur-les-tele-realites\/","title":{"rendered":"Magazines sur les t\u00e9l\u00e9-r\u00e9alit\u00e9s"},"content":{"rendered":"\n<figure class=\"wp-block-image size-full is-resized\"><img loading=\"lazy\" decoding=\"async\" width=\"764\" height=\"189\" src=\"https:\/\/nostalgie2000s.com\/wp-content\/uploads\/2025\/09\/magazinestelesrealites2-1.png\" alt=\"\" class=\"wp-image-15253\" style=\"width:840px;height:auto\" srcset=\"https:\/\/nostalgie2000s.com\/wp-content\/uploads\/2025\/09\/magazinestelesrealites2-1.png 764w, https:\/\/nostalgie2000s.com\/wp-content\/uploads\/2025\/09\/magazinestelesrealites2-1-300x74.png 300w\" sizes=\"auto, (max-width: 764px) 100vw, 764px\" \/><\/figure>\n\n\n\n<div style=\"height:15px\" aria-hidden=\"true\" class=\"wp-block-spacer\"><\/div>\n\n\n\n<p>Plongez dans l\u2019univers des magazines consacr\u00e9s aux \u00e9missions de t\u00e9l\u00e9-r\u00e9alit\u00e9 qui ont marqu\u00e9 le petit \u00e9cran fran\u00e7ais au d\u00e9but des ann\u00e9es 2000. Retrouvez ici une s\u00e9lection unique de parutions d\u00e9di\u00e9es \u00e0 des programmes devenus cultes : <strong>Nice People<\/strong>, <strong>Popstars<\/strong>, <strong>Loft Story<\/strong> ou encore <strong>\u00c0 la recherche de la Nouvelle Star<\/strong>.<br>Ces magazines offrent un t\u00e9moignage pr\u00e9cieux de cette \u00e9poque o\u00f9 la t\u00e9l\u00e9-r\u00e9alit\u00e9 captivait des millions de t\u00e9l\u00e9spectateurs, \u00e0 travers interviews exclusives, reportages, photos in\u00e9dites et coulisses des \u00e9missions.<\/p>\n\n\n\n<p>Que vous soyez collectionneur, passionn\u00e9 de culture pop ou simplement nostalgique de cette p\u00e9riode, cette page vous invite \u00e0 red\u00e9couvrir l\u2019effervescence m\u00e9diatique autour de ces shows embl\u00e9matiques \u2014 hors <em>Star Academy<\/em>, qui b\u00e9n\u00e9ficie de sa propre section.<\/p>\n\n\n\n<div style=\"height:44px\" aria-hidden=\"true\" class=\"wp-block-spacer\"><\/div>\n\n\n\n<h2 class=\"wp-block-heading has-text-align-center\"><strong><em>Loft Story Magazine<\/em><\/strong><\/h2>\n\n\n<div class=\"wp-block-image\">\n<figure class=\"alignleft size-full\"><img loading=\"lazy\" decoding=\"async\" width=\"160\" height=\"217\" src=\"https:\/\/nostalgie2000s.com\/wp-content\/uploads\/2025\/09\/Loft-Story-01-01-Couverture.jpg\" alt=\"\" class=\"wp-image-15240\"\/><\/figure>\n<\/div>\n\n\n<p><strong>Loft Story 1 n\u00b01 (2001)<\/strong><\/p>\n\n\n\n<ul class=\"wp-block-list\">\n<li>Les 30 r\u00e8gles du loft<\/li>\n\n\n\n<li>Le plan du loft<\/li>\n\n\n\n<li>L&rsquo;interview de Benjamin Castaldi<\/li>\n\n\n\n<li>Vos t\u00e9moignages<\/li>\n\n\n\n<li>Portraits des lofteurs<\/li>\n\n\n\n<li>Les b\u00e9b\u00e9s du loft<\/li>\n\n\n\n<li>Roman-photo<\/li>\n\n\n\n<li>Les confidences du confessionnal<\/li>\n\n\n\n<li>L&rsquo;interview de Fabrice<\/li>\n\n\n\n<li>L&rsquo;interview de Kimy<\/li>\n\n\n\n<li>L&rsquo;interview de David<\/li>\n\n\n\n<li>L&rsquo;interview d&rsquo;Aziz<\/li>\n\n\n\n<li>L&rsquo;interview de Delphine<\/li>\n<\/ul>\n\n\n\n<div style=\"height:25px\" aria-hidden=\"true\" class=\"wp-block-spacer\"><\/div>\n\n\n<div class=\"wp-block-image\">\n<figure class=\"alignleft size-full\"><img loading=\"lazy\" decoding=\"async\" width=\"160\" height=\"218\" src=\"https:\/\/nostalgie2000s.com\/wp-content\/uploads\/2025\/09\/Loft-Story-02-01-Couverture.jpg\" alt=\"\" class=\"wp-image-15241\"\/><\/figure>\n<\/div>\n\n\n<p><strong>Loft Story 1 n\u00b02 (2001)<\/strong><\/p>\n\n\n\n<ul class=\"wp-block-list\">\n<li>Infos, secrets, coulisses<\/li>\n\n\n\n<li>L&rsquo;\u00e9mission du jeudi vue par Steevy<\/li>\n\n\n\n<li>L&rsquo;interview de Kenza<\/li>\n\n\n\n<li>L&rsquo;interview de Steevy<\/li>\n\n\n\n<li>L&rsquo;interview de Julie<\/li>\n\n\n\n<li>L&rsquo;interview de Philippe<\/li>\n\n\n\n<li>L&rsquo;interview de Kimu<\/li>\n\n\n\n<li>L&rsquo;album photos des lofteurs enfants<\/li>\n\n\n\n<li>L&rsquo;imposture t\u00e9l\u00e9phonique de David<\/li>\n\n\n\n<li>La vie du loft<\/li>\n\n\n\n<li>Roman-photo<\/li>\n<\/ul>\n\n\n\n<div style=\"height:25px\" aria-hidden=\"true\" class=\"wp-block-spacer\"><\/div>\n\n\n<div class=\"wp-block-image\">\n<figure class=\"alignleft size-full\"><img loading=\"lazy\" decoding=\"async\" width=\"160\" height=\"218\" src=\"https:\/\/nostalgie2000s.com\/wp-content\/uploads\/2025\/09\/Loft-Story-03-01-Couverture.jpg\" alt=\"\" class=\"wp-image-15242\"\/><\/figure>\n<\/div>\n\n\n<p><strong>Loft Story 1 n\u00b03 (2001)<\/strong><\/p>\n\n\n\n<ul class=\"wp-block-list\">\n<li>Le courrier des lofteurs<\/li>\n\n\n\n<li>\u00ab\u00a0Up and down\u00a0\u00bb les coulisses de l&rsquo;enregistrement<\/li>\n\n\n\n<li>L&rsquo;apr\u00e8s Loft Story<\/li>\n\n\n\n<li>Loana et Christophe dans la villa trop\u00e9zienne<\/li>\n\n\n\n<li>L&rsquo;\u00e9t\u00e9 des lofteurs<\/li>\n\n\n\n<li>Christophe et Julie : leur love story<\/li>\n\n\n\n<li>Fabrice et Laure : leur love story<\/li>\n\n\n\n<li>L&rsquo;interview de Fabrice<\/li>\n\n\n\n<li>L&rsquo;interview de Laure<\/li>\n\n\n\n<li>L&rsquo;interview de Jean-Edouard<\/li>\n\n\n\n<li>La vie du loft<\/li>\n\n\n\n<li>Roman-photo<\/li>\n<\/ul>\n\n\n\n<div style=\"height:25px\" aria-hidden=\"true\" class=\"wp-block-spacer\"><\/div>\n\n\n<div class=\"wp-block-image\">\n<figure class=\"alignleft size-full\"><img loading=\"lazy\" decoding=\"async\" width=\"160\" height=\"218\" src=\"https:\/\/nostalgie2000s.com\/wp-content\/uploads\/2025\/09\/Loft-Story-2-01-01-Couverture.jpg\" alt=\"\" class=\"wp-image-15243\"\/><\/figure>\n<\/div>\n\n\n<p><strong>Loft Story 2 n\u00b01 (2002)<\/strong><\/p>\n\n\n\n<ul class=\"wp-block-list\">\n<li>L&rsquo;interview de Benjamin Castaldi<\/li>\n\n\n\n<li>L&rsquo;interview de S\u00e9verine Ferrer<\/li>\n\n\n\n<li>L&rsquo;interview de Max<\/li>\n\n\n\n<li>Roman-photo<\/li>\n\n\n\n<li>Le plan du loft<\/li>\n\n\n\n<li>Angela, David, Julia, F\u00e9licien, Karine, Kamel, Lesly, Thomas, Marl\u00e8ne, William, Lauryne et Sandra<\/li>\n<\/ul>\n\n\n\n<div style=\"height:25px\" aria-hidden=\"true\" class=\"wp-block-spacer\"><\/div>\n\n\n<div class=\"wp-block-image\">\n<figure class=\"alignleft size-full\"><img loading=\"lazy\" decoding=\"async\" width=\"160\" height=\"218\" src=\"https:\/\/nostalgie2000s.com\/wp-content\/uploads\/2026\/02\/Loft-Story-2-02-01-Couverture.jpg\" alt=\"\" class=\"wp-image-16589\"\/><\/figure>\n<\/div>\n\n\n<p><strong>Loft Story 2 n\u00b02 (2002)<\/strong><\/p>\n\n\n\n<ul class=\"wp-block-list\">\n<li><\/li>\n<\/ul>\n\n\n\n<div style=\"height:57px\" aria-hidden=\"true\" class=\"wp-block-spacer\"><\/div>\n\n\n\n<h2 class=\"wp-block-heading has-text-align-center\"><strong><em>Popstars Magazine<\/em><\/strong><\/h2>\n\n\n<div class=\"wp-block-image\">\n<figure class=\"alignleft size-full\"><img loading=\"lazy\" decoding=\"async\" width=\"160\" height=\"216\" src=\"https:\/\/nostalgie2000s.com\/wp-content\/uploads\/2025\/09\/Popstars-1-01-01-Couverture.jpg\" alt=\"\" class=\"wp-image-15244\"\/><\/figure>\n<\/div>\n\n\n<p><strong>Popstars 1 n\u00b01 (2001)<\/strong><\/p>\n\n\n\n<ul class=\"wp-block-list\">\n<li>Casting de stars<\/li>\n\n\n\n<li>Le casting<\/li>\n\n\n\n<li>L&rsquo;atelier<\/li>\n\n\n\n<li>Les dix finalistes<\/li>\n\n\n\n<li>Alexandra<\/li>\n\n\n\n<li>Claire<\/li>\n\n\n\n<li>Coralie<\/li>\n\n\n\n<li>Lydy<\/li>\n\n\n\n<li>Marjorie<\/li>\n\n\n\n<li>Le b\u00e9tisier<\/li>\n<\/ul>\n\n\n\n<div style=\"height:25px\" aria-hidden=\"true\" class=\"wp-block-spacer\"><\/div>\n\n\n<div class=\"wp-block-image\">\n<figure class=\"alignleft size-full\"><img loading=\"lazy\" decoding=\"async\" width=\"160\" height=\"217\" src=\"https:\/\/nostalgie2000s.com\/wp-content\/uploads\/2025\/09\/Popstars-2-01-01-Couverture.jpg\" alt=\"\" class=\"wp-image-15247\"\/><\/figure>\n<\/div>\n\n\n<p><strong>Popstars 2 n\u00b01 (2002)<\/strong><\/p>\n\n\n\n<ul class=\"wp-block-list\">\n<li>Fiches d&rsquo;identit\u00e9, News, L&rsquo;examen du jury<\/li>\n\n\n\n<li>Interviews : Cyril, Monia, Nicolas, Erika<\/li>\n\n\n\n<li>Infos en vrac : Cyril, Monia, Nicolas, Erika<\/li>\n\n\n\n<li>L&rsquo;album photos : Erika, Nicolas, Monia, Cyril<\/li>\n\n\n\n<li>Journal intime : Erika, Nicolas, Monia, Cyril<\/li>\n\n\n\n<li>Interview Love : Erika, Nicolas, Monia, Cyril<\/li>\n\n\n\n<li>Les popstars \u00e0 New York<\/li>\n\n\n\n<li>Les r\u00e9v\u00e9lations<\/li>\n\n\n\n<li>Cartes postales<\/li>\n<\/ul>\n\n\n\n<div style=\"height:57px\" aria-hidden=\"true\" class=\"wp-block-spacer\"><\/div>\n\n\n\n<h2 class=\"wp-block-heading has-text-align-center\"><strong><em>A la recherche de la Nouvelle Star<\/em><\/strong><\/h2>\n\n\n<div class=\"wp-block-image\">\n<figure class=\"alignleft size-full\"><img loading=\"lazy\" decoding=\"async\" width=\"160\" height=\"225\" src=\"https:\/\/nostalgie2000s.com\/wp-content\/uploads\/2025\/09\/Nouvelle-Star-01-01-Couverture.jpg\" alt=\"\" class=\"wp-image-15249\"\/><\/figure>\n<\/div>\n\n\n<p><strong>Nouvelle Star n\u00b01 (2003)<\/strong><\/p>\n\n\n\n<ul class=\"wp-block-list\">\n<li>Fiches d&rsquo;identit\u00e9, Dans les coulisses du clip, Vie de stars \u00e0 Cannes<\/li>\n\n\n\n<li>Portrait de : Thierry, Yoann, Cindie, Jonatan, Jean Sebastien, Jonathan, Alexis, Laetizia<\/li>\n\n\n\n<li>Interview de : Priscilla, Gabrielle, Stars en herbe<\/li>\n<\/ul>\n\n\n\n<div style=\"height:57px\" aria-hidden=\"true\" class=\"wp-block-spacer\"><\/div>\n\n\n\n<h2 class=\"wp-block-heading has-text-align-center\"><strong>Nice People Magazine<\/strong><\/h2>\n\n\n<div class=\"wp-block-image\">\n<figure class=\"alignleft size-full\"><img loading=\"lazy\" decoding=\"async\" width=\"160\" height=\"227\" src=\"https:\/\/nostalgie2000s.com\/wp-content\/uploads\/2025\/09\/Nice-People-01-01-Couverture.jpg\" alt=\"\" class=\"wp-image-15250\"\/><\/figure>\n<\/div>\n\n\n<p><strong>Nice People n\u00b01 (2004)<\/strong><\/p>\n\n\n\n<ul class=\"wp-block-list\">\n<li>Nice rumeurs<\/li>\n\n\n\n<li>Les VIP se l\u00e2chent !<\/li>\n\n\n\n<li>L&rsquo;album photo de Christophe Dechavanne<\/li>\n\n\n\n<li>Big zapping : les best of de l&rsquo;\u00e9mission en images<\/li>\n\n\n\n<li>Nice Gags<\/li>\n\n\n\n<li>Interviews : Serena, Nalle, Raimondo, Eleanor, Micha\u00ebl, Katrin, Helder, Karolina, Prosper, Antti et de Raquel, Elena<\/li>\n\n\n\n<li>Hot People : le best of sexy de l&rsquo;\u00e9mission<\/li>\n\n\n\n<li>L&rsquo;album photo exclusif des Nice People<\/li>\n\n\n\n<li>L&rsquo;eurolexic<\/li>\n\n\n\n<li>T\u00eate \u00e0 t\u00eate avec Flavie Flament<\/li>\n\n\n\n<li>Ils ont os\u00e9 dire \u00e7a ! Les phrases cultes de l&rsquo;\u00e9mission<\/li>\n\n\n\n<li>Nice Babies<\/li>\n\n\n\n<li>Nice Looks<\/li>\n<\/ul>\n\n\n\n<pre class=\"wp-block-preformatted\"><input type=\"button\" value=\"Retour\" class=\"alg_back_button_input \" style=\"\" onclick=\"window.history.back()\" \/><\/pre>\n","protected":false},"excerpt":{"rendered":"<p>Plongez dans l\u2019univers des magazines consacr\u00e9s aux \u00e9missions de t\u00e9l\u00e9-r\u00e9alit\u00e9 qui ont marqu\u00e9 le petit \u00e9cran fran\u00e7ais au d\u00e9but des ann\u00e9es 2000. Retrouvez ici une s\u00e9lection unique de parutions d\u00e9di\u00e9es [&hellip;]<\/p>\n","protected":false},"author":1,"featured_media":0,"parent":0,"menu_order":0,"comment_status":"closed","ping_status":"closed","template":"","meta":{"_kadence_starter_templates_imported_post":false,"iawp_total_views":121,"footnotes":""},"class_list":["post-15239","page","type-page","status-publish","hentry"],"_links":{"self":[{"href":"https:\/\/nostalgie2000s.com\/index.php\/wp-json\/wp\/v2\/pages\/15239","targetHints":{"allow":["GET"]}}],"collection":[{"href":"https:\/\/nostalgie2000s.com\/index.php\/wp-json\/wp\/v2\/pages"}],"about":[{"href":"https:\/\/nostalgie2000s.com\/index.php\/wp-json\/wp\/v2\/types\/page"}],"author":[{"embeddable":true,"href":"https:\/\/nostalgie2000s.com\/index.php\/wp-json\/wp\/v2\/users\/1"}],"replies":[{"embeddable":true,"href":"https:\/\/nostalgie2000s.com\/index.php\/wp-json\/wp\/v2\/comments?post=15239"}],"version-history":[{"count":5,"href":"https:\/\/nostalgie2000s.com\/index.php\/wp-json\/wp\/v2\/pages\/15239\/revisions"}],"predecessor-version":[{"id":16590,"href":"https:\/\/nostalgie2000s.com\/index.php\/wp-json\/wp\/v2\/pages\/15239\/revisions\/16590"}],"wp:attachment":[{"href":"https:\/\/nostalgie2000s.com\/index.php\/wp-json\/wp\/v2\/media?parent=15239"}],"curies":[{"name":"wp","href":"https:\/\/api.w.org\/{rel}","templated":true}]}}