{"id":15151,"date":"2025-08-15T15:44:30","date_gmt":"2025-08-15T13:44:30","guid":{"rendered":"https:\/\/nostalgie2000s.com\/?page_id=15151"},"modified":"2025-09-20T14:44:30","modified_gmt":"2025-09-20T12:44:30","slug":"smallville-magazine","status":"publish","type":"page","link":"https:\/\/nostalgie2000s.com\/index.php\/smallville-magazine\/","title":{"rendered":"Smallville Magazine"},"content":{"rendered":"\n<figure class=\"wp-block-image size-full is-resized\"><img loading=\"lazy\" decoding=\"async\" width=\"764\" height=\"189\" src=\"https:\/\/nostalgie2000s.com\/wp-content\/uploads\/2025\/08\/smallville-banniere.png\" alt=\"\" class=\"wp-image-15173\" style=\"width:840px;height:auto\" srcset=\"https:\/\/nostalgie2000s.com\/wp-content\/uploads\/2025\/08\/smallville-banniere.png 764w, https:\/\/nostalgie2000s.com\/wp-content\/uploads\/2025\/08\/smallville-banniere-300x74.png 300w\" sizes=\"auto, (max-width: 764px) 100vw, 764px\" \/><\/figure>\n\n\n\n<div style=\"height:7px\" aria-hidden=\"true\" class=\"wp-block-spacer\"><\/div>\n\n\n\n<p>Plongez au c\u0153ur de l\u2019univers de <em>Smallville<\/em>, la s\u00e9rie culte qui revisite la l\u00e9gende de Superman. \u00c0 travers ce magazine officiel, retrouvez tout ce qui fait vibrer les fans : interviews exclusives avec les acteurs et l\u2019\u00e9quipe cr\u00e9ative, coulisses in\u00e9dits des tournages, secrets d\u2019effets sp\u00e9ciaux et analyses des \u00e9pisodes marquants.<br>Que vous suiviez Clark Kent depuis ses premiers pas de lyc\u00e9en ou que vous d\u00e9couvriez tout juste ses origines, ce magazine est votre porte d\u2019entr\u00e9e vers le monde fascinant de Smallville. \u00c9pisodes pass\u00e9s au crible, r\u00e9v\u00e9lations sur les intrigues \u00e0 venir, portraits d\u00e9taill\u00e9s des personnages, et un acc\u00e8s privil\u00e9gi\u00e9 aux confidences de ceux qui donnent vie \u00e0 cette aventure.<br>Pr\u00e9parez-vous \u00e0 red\u00e9couvrir l\u2019histoire d\u2019un h\u00e9ros\u2026 avant qu\u2019il ne devienne une l\u00e9gende.<\/p>\n\n\n\n<div style=\"height:42px\" aria-hidden=\"true\" class=\"wp-block-spacer\"><\/div>\n\n\n<div class=\"wp-block-image\">\n<figure class=\"alignleft size-full\"><img loading=\"lazy\" decoding=\"async\" width=\"160\" height=\"225\" src=\"https:\/\/nostalgie2000s.com\/wp-content\/uploads\/2025\/08\/Smallville-01-01-Couverture.jpg\" alt=\"\" class=\"wp-image-15198\"\/><\/figure>\n<\/div>\n\n\n<p><strong>Smallville Magazine n\u00b01 &#8211; \u00c9t\u00e9 2004<\/strong><\/p>\n\n\n\n<ul class=\"wp-block-list\">\n<li>H\u00e9ros malgr\u00e9 lui<\/li>\n\n\n\n<li>Ma vie avec Lana<\/li>\n\n\n\n<li>G\u00e9n\u00e9reuse Martha<\/li>\n\n\n\n<li>Ce bon vieux Jonathan<\/li>\n\n\n\n<li>L&rsquo;histoire<\/li>\n\n\n\n<li>Cr\u00e9ateurs de mythe<\/li>\n\n\n\n<li>Super trucages<\/li>\n<\/ul>\n\n\n\n<div style=\"height:26px\" aria-hidden=\"true\" class=\"wp-block-spacer\"><\/div>\n\n\n<div class=\"wp-block-image\">\n<figure class=\"alignleft size-full\"><img loading=\"lazy\" decoding=\"async\" width=\"160\" height=\"226\" src=\"https:\/\/nostalgie2000s.com\/wp-content\/uploads\/2025\/08\/Smallville-02-01-Couverture.jpg\" alt=\"\" class=\"wp-image-15152\"\/><\/figure>\n<\/div>\n\n\n<p><strong>Smallville Magazine n\u00b02 &#8211; Automne 2004<\/strong><\/p>\n\n\n\n<ul class=\"wp-block-list\">\n<li>La torche<\/li>\n\n\n\n<li>Le retour du fils prodigue<\/li>\n\n\n\n<li>L&rsquo;h\u00e9ritier du tr\u00f4ne<\/li>\n\n\n\n<li>Les p\u00e9ch\u00e9s du p\u00e8re<\/li>\n\n\n\n<li>Une journaliste ind\u00e9pendante<\/li>\n\n\n\n<li>Bienvenue \u00e0 Smallville !<\/li>\n\n\n\n<li>Diff\u00e9rente saison<\/li>\n\n\n\n<li>La ferme des Kent<\/li>\n<\/ul>\n\n\n\n<div style=\"height:26px\" aria-hidden=\"true\" class=\"wp-block-spacer\"><\/div>\n\n\n<div class=\"wp-block-image\">\n<figure class=\"alignleft size-full\"><img loading=\"lazy\" decoding=\"async\" width=\"160\" height=\"226\" src=\"https:\/\/nostalgie2000s.com\/wp-content\/uploads\/2025\/08\/Smallville-03-01-Couverture.jpg\" alt=\"\" class=\"wp-image-15153\"\/><\/figure>\n<\/div>\n\n\n<p><strong>Smallville Magazine n\u00b03 &#8211; Hiver 2005<\/strong><\/p>\n\n\n\n<ul class=\"wp-block-list\">\n<li>La torche<\/li>\n\n\n\n<li>Lois Lane \u00e0 la d\u00e9couverte de Smallville<\/li>\n\n\n\n<li>Lex, mensonges et vid\u00e9os<\/li>\n\n\n\n<li>Mettre Smallville en images<\/li>\n\n\n\n<li>Le grand livre de Smallville<\/li>\n\n\n\n<li>Pour l&rsquo;amour de Pete<\/li>\n\n\n\n<li>Quoi de neuf, docteur ?<\/li>\n\n\n\n<li>Le r\u00f4le de la m\u00e8re<\/li>\n<\/ul>\n\n\n\n<div style=\"height:26px\" aria-hidden=\"true\" class=\"wp-block-spacer\"><\/div>\n\n\n<div class=\"wp-block-image\">\n<figure class=\"alignleft size-full\"><img loading=\"lazy\" decoding=\"async\" width=\"160\" height=\"226\" src=\"https:\/\/nostalgie2000s.com\/wp-content\/uploads\/2025\/08\/Smallville-04-01-Couverture.jpg\" alt=\"\" class=\"wp-image-15154\"\/><\/figure>\n<\/div>\n\n\n<p><strong>Smallville Magazine n\u00b04 -Printemps 2005<\/strong><\/p>\n\n\n\n<ul class=\"wp-block-list\">\n<li>La torche<\/li>\n\n\n\n<li>D\u00e9collage<\/li>\n\n\n\n<li>Hommage \u00e0 Christopher Reeve<\/li>\n\n\n\n<li>Saisons \u00e0 la ferme<\/li>\n\n\n\n<li>Une am\u00e9ricaine \u00e0 Paris<\/li>\n\n\n\n<li>Les hommes du mensonge<\/li>\n\n\n\n<li>Le prix du pouvoir<\/li>\n\n\n\n<li>Iron Man<\/li>\n<\/ul>\n\n\n\n<div style=\"height:26px\" aria-hidden=\"true\" class=\"wp-block-spacer\"><\/div>\n\n\n<div class=\"wp-block-image\">\n<figure class=\"alignleft size-full\"><img loading=\"lazy\" decoding=\"async\" width=\"160\" height=\"225\" src=\"https:\/\/nostalgie2000s.com\/wp-content\/uploads\/2025\/08\/Smallville-05-01-Couverture.jpg\" alt=\"\" class=\"wp-image-15155\"\/><\/figure>\n<\/div>\n\n\n<p><strong>Smallville Magazine n\u00b05 &#8211; \u00c9t\u00e9 2005<\/strong><\/p>\n\n\n\n<ul class=\"wp-block-list\">\n<li>La torche<\/li>\n\n\n\n<li>Sur le chemin du mal<\/li>\n\n\n\n<li>Le retour d&rsquo;Allison Mack<\/li>\n\n\n\n<li>Retour sur la troisi\u00e8me saison<\/li>\n\n\n\n<li>Rapide comme l&rsquo;\u00e9clair<\/li>\n\n\n\n<li>Objectif : Smallville<\/li>\n\n\n\n<li>French Connection<\/li>\n\n\n\n<li>L&rsquo;\u00e2ge des pierres<\/li>\n<\/ul>\n\n\n\n<div style=\"height:26px\" aria-hidden=\"true\" class=\"wp-block-spacer\"><\/div>\n\n\n<div class=\"wp-block-image\">\n<figure class=\"alignleft size-full\"><img loading=\"lazy\" decoding=\"async\" width=\"160\" height=\"225\" src=\"https:\/\/nostalgie2000s.com\/wp-content\/uploads\/2025\/08\/Smallville-06-01-Couverture.jpg\" alt=\"\" class=\"wp-image-15156\"\/><\/figure>\n<\/div>\n\n\n<p><strong>Smallville Magazine n\u00b06 &#8211; Automne 2005<\/strong><\/p>\n\n\n\n<ul class=\"wp-block-list\">\n<li>La torche<\/li>\n\n\n\n<li>La ferme des Kent<\/li>\n\n\n\n<li>La jeunesse de Lois<\/li>\n\n\n\n<li>Un amour de petite soeur<\/li>\n\n\n\n<li>L&rsquo;\u00e9missaire<\/li>\n\n\n\n<li>Parole de m\u00e8re<\/li>\n\n\n\n<li>Dans l&rsquo;antre des sc\u00e9naristes, premi\u00e8re partie<\/li>\n\n\n\n<li>Question d&rsquo;\u00e9quilibre<\/li>\n<\/ul>\n\n\n\n<div style=\"height:26px\" aria-hidden=\"true\" class=\"wp-block-spacer\"><\/div>\n\n\n<div class=\"wp-block-image\">\n<figure class=\"alignleft size-full\"><img loading=\"lazy\" decoding=\"async\" width=\"160\" height=\"226\" src=\"https:\/\/nostalgie2000s.com\/wp-content\/uploads\/2025\/08\/Smallville-07-01-Couverture.jpg\" alt=\"\" class=\"wp-image-15159\"\/><\/figure>\n<\/div>\n\n\n<p><strong>Smallville Magazine n\u00b07 &#8211; Hiver 2006<\/strong><\/p>\n\n\n\n<ul class=\"wp-block-list\">\n<li>La torche<\/li>\n\n\n\n<li>La ferme des Kent<\/li>\n\n\n\n<li>Etoile polaire : Tom Welling<\/li>\n\n\n\n<li>La musique de Smallville<\/li>\n\n\n\n<li>Dans l&rsquo;antre des sc\u00e9naristes, deuxi\u00e8me partie<\/li>\n\n\n\n<li>Place \u00e0 Brainiac !<\/li>\n\n\n\n<li>Forces \u00e9l\u00e9mentaires<\/li>\n\n\n\n<li>Avance rapide<\/li>\n<\/ul>\n\n\n\n<div style=\"height:26px\" aria-hidden=\"true\" class=\"wp-block-spacer\"><\/div>\n\n\n<div class=\"wp-block-image\">\n<figure class=\"alignleft size-full\"><img loading=\"lazy\" decoding=\"async\" width=\"160\" height=\"227\" src=\"https:\/\/nostalgie2000s.com\/wp-content\/uploads\/2025\/08\/Smallville-08-01-Couverture.jpg\" alt=\"\" class=\"wp-image-15161\"\/><\/figure>\n<\/div>\n\n\n<p><strong>Smallville Magazine n\u00b08 &#8211; Printemps 2006<\/strong><\/p>\n\n\n\n<ul class=\"wp-block-list\">\n<li>La torche<\/li>\n\n\n\n<li>La ferme des Kent<\/li>\n\n\n\n<li>L&rsquo;\u00e2ge de glace<\/li>\n\n\n\n<li>Le coeur a ses raisons&#8230;<\/li>\n\n\n\n<li>D\u00e9cideurs ex\u00e9cutifs<\/li>\n\n\n\n<li>Comme un poisson dans l&rsquo;eau<\/li>\n\n\n\n<li>Fini de rire<\/li>\n\n\n\n<li>Attaque c\u00e9r\u00e9brale<\/li>\n<\/ul>\n\n\n\n<div style=\"height:26px\" aria-hidden=\"true\" class=\"wp-block-spacer\"><\/div>\n\n\n<div class=\"wp-block-image\">\n<figure class=\"alignleft size-full\"><img loading=\"lazy\" decoding=\"async\" width=\"160\" height=\"226\" src=\"https:\/\/nostalgie2000s.com\/wp-content\/uploads\/2025\/08\/Smallville-09-01-Couverture.jpg\" alt=\"\" class=\"wp-image-15162\"\/><\/figure>\n<\/div>\n\n\n<p><strong>Smallville Magazine n\u00b09 &#8211; \u00c9t\u00e9 2006<\/strong><\/p>\n\n\n\n<ul class=\"wp-block-list\">\n<li>La torche<\/li>\n\n\n\n<li>D\u00e9cideurs ex\u00e9cutifs<\/li>\n\n\n\n<li>Une femme exp\u00e9riment\u00e9e<\/li>\n\n\n\n<li>La ferme des Kent<\/li>\n\n\n\n<li>Myst\u00e9rieuse inconnue<\/li>\n\n\n\n<li>Attraction fatale<\/li>\n\n\n\n<li>Le fils prodigue<\/li>\n\n\n\n<li>Metropolis<\/li>\n\n\n\n<li>Profession : Producteurs..<\/li>\n\n\n\n<li>Jamais sans mon fils<\/li>\n<\/ul>\n\n\n\n<div style=\"height:26px\" aria-hidden=\"true\" class=\"wp-block-spacer\"><\/div>\n\n\n<div class=\"wp-block-image\">\n<figure class=\"alignleft size-full\"><img loading=\"lazy\" decoding=\"async\" width=\"160\" height=\"225\" src=\"https:\/\/nostalgie2000s.com\/wp-content\/uploads\/2025\/08\/Smallville-10-01-Couverture.jpg\" alt=\"\" class=\"wp-image-15163\"\/><\/figure>\n<\/div>\n\n\n<p><strong>Smallville Magazine n\u00b010 &#8211; Automne 2006<\/strong><\/p>\n\n\n\n<ul class=\"wp-block-list\">\n<li>Daily Planet<\/li>\n\n\n\n<li>La suite du programme<\/li>\n\n\n\n<li>La ferme des Kent<\/li>\n\n\n\n<li>Coeur solitaire<\/li>\n\n\n\n<li>Smallville : Du c\u00f4t\u00e9 des acteurs<\/li>\n\n\n\n<li>Le choc du Titan<\/li>\n\n\n\n<li>D\u00e9moniaques disciples<\/li>\n\n\n\n<li>La belle vengeresse<\/li>\n\n\n\n<li>Gros plan sur la cinqui\u00e8me saison<\/li>\n<\/ul>\n\n\n\n<div style=\"height:26px\" aria-hidden=\"true\" class=\"wp-block-spacer\"><\/div>\n\n\n<div class=\"wp-block-image\">\n<figure class=\"alignleft size-full\"><img loading=\"lazy\" decoding=\"async\" width=\"160\" height=\"226\" src=\"https:\/\/nostalgie2000s.com\/wp-content\/uploads\/2025\/08\/Smallville-11-01-Couverture.jpg\" alt=\"\" class=\"wp-image-15164\"\/><\/figure>\n<\/div>\n\n\n<p><strong>Smallville Magazine n\u00b011 &#8211; Hiver 2007<\/strong><\/p>\n\n\n\n<ul class=\"wp-block-list\">\n<li>Daily Planet<\/li>\n\n\n\n<li>D\u00e9cideurs ex\u00e9cutifs<\/li>\n\n\n\n<li>La ferme des Kent<\/li>\n\n\n\n<li>Les ambitions d&rsquo;une blonde<\/li>\n\n\n\n<li>Femme fatale<\/li>\n\n\n\n<li>Au nom de la loi<\/li>\n\n\n\n<li>Photographe au Daily Planet<\/li>\n\n\n\n<li>Bons baisers d&rsquo;Angleterre<\/li>\n\n\n\n<li>Face \u00e0 face<\/li>\n\n\n\n<li>Le cerveau<\/li>\n\n\n\n<li>Mauvais p\u00e8re ?<\/li>\n<\/ul>\n\n\n\n<div style=\"height:26px\" aria-hidden=\"true\" class=\"wp-block-spacer\"><\/div>\n\n\n<div class=\"wp-block-image\">\n<figure class=\"alignleft size-full\"><img loading=\"lazy\" decoding=\"async\" width=\"160\" height=\"226\" src=\"https:\/\/nostalgie2000s.com\/wp-content\/uploads\/2025\/08\/Smallville-12-01-Couverture.jpg\" alt=\"\" class=\"wp-image-15165\"\/><\/figure>\n<\/div>\n\n\n<p><strong>Smallville Magazine n\u00b012 &#8211; Printemps 2007<\/strong><\/p>\n\n\n\n<ul class=\"wp-block-list\">\n<li>Daily Planet<\/li>\n\n\n\n<li>Le nouveau justicier<\/li>\n\n\n\n<li>La ferme des Kent<\/li>\n\n\n\n<li>Au nom du p\u00e8re<\/li>\n\n\n\n<li>L&rsquo;amour du risque<\/li>\n\n\n\n<li>Hors de vue<\/li>\n\n\n\n<li>Duo de choc<\/li>\n\n\n\n<li>Du dessin \u00e0 l&rsquo;\u00e9cran : Lex Luthor<\/li>\n\n\n\n<li>Quand Lionel rencontre Martha<\/li>\n\n\n\n<li>Affaire de famille<\/li>\n<\/ul>\n\n\n\n<div style=\"height:26px\" aria-hidden=\"true\" class=\"wp-block-spacer\"><\/div>\n\n\n<div class=\"wp-block-image\">\n<figure class=\"alignleft size-full\"><img loading=\"lazy\" decoding=\"async\" width=\"160\" height=\"226\" src=\"https:\/\/nostalgie2000s.com\/wp-content\/uploads\/2025\/08\/Smallville-13-01-Couverture.jpg\" alt=\"\" class=\"wp-image-15166\"\/><\/figure>\n<\/div>\n\n\n<p><strong>Smallville Magazine n\u00b013 &#8211; \u00c9t\u00e9 2007<\/strong><\/p>\n\n\n\n<ul class=\"wp-block-list\">\n<li>Daily Planet<\/li>\n\n\n\n<li>Un am\u00e9ricain \u00e0 Paris<\/li>\n\n\n\n<li>Une super soir\u00e9e<\/li>\n\n\n\n<li>Changement de cap<\/li>\n\n\n\n<li>La ferme des Kent<\/li>\n\n\n\n<li>Je t&rsquo;aime&#8230; Moi non plus<\/li>\n\n\n\n<li>La future ligue de justice &#8211; 1\u00e8re partie<\/li>\n\n\n\n<li>Le sp\u00e9cialiste<\/li>\n\n\n\n<li>Du dessin \u00e0 l&rsquo;\u00e9cran : Lana Lang<\/li>\n\n\n\n<li>Comme au cin\u00e9ma<\/li>\n<\/ul>\n\n\n\n<div style=\"height:26px\" aria-hidden=\"true\" class=\"wp-block-spacer\"><\/div>\n\n\n<div class=\"wp-block-image\">\n<figure class=\"alignleft size-full\"><img loading=\"lazy\" decoding=\"async\" width=\"160\" height=\"226\" src=\"https:\/\/nostalgie2000s.com\/wp-content\/uploads\/2025\/08\/Smallville-14-01-Couverture.jpg\" alt=\"\" class=\"wp-image-15167\"\/><\/figure>\n<\/div>\n\n\n<p><strong>Smallville Magazine n\u00b014 &#8211; Automne 2007<\/strong><\/p>\n\n\n\n<ul class=\"wp-block-list\">\n<li>Daily Planet<\/li>\n\n\n\n<li>L&rsquo;amour au t\u00e9l\u00e9objectif<\/li>\n\n\n\n<li>La ferme des Kent<\/li>\n\n\n\n<li>La future ligue de justice &#8211; 2\u00e8me partie<\/li>\n\n\n\n<li>Les deux font la paire<\/li>\n\n\n\n<li>Le martien d\u00e9barque !<\/li>\n\n\n\n<li>Du dessin \u00e0 l&rsquo;\u00e9cran : Les Kent<\/li>\n\n\n\n<li>Dress\u00e9 pour tuer<\/li>\n\n\n\n<li>La virtuose des objets<\/li>\n<\/ul>\n\n\n\n<div style=\"height:26px\" aria-hidden=\"true\" class=\"wp-block-spacer\"><\/div>\n\n\n<div class=\"wp-block-image\">\n<figure class=\"alignleft size-full\"><img loading=\"lazy\" decoding=\"async\" width=\"160\" height=\"226\" src=\"https:\/\/nostalgie2000s.com\/wp-content\/uploads\/2025\/08\/Smallville-15-01-Couverture.jpg\" alt=\"\" class=\"wp-image-15169\"\/><\/figure>\n<\/div>\n\n\n<p><strong><span style=\"color: red;\">Smallville Magazine n\u00b015 &#8211; Hiver 2008<\/span><\/strong><\/p>\n\n\n\n<ul class=\"wp-block-list\">\n<li>Daily Planet<\/li>\n\n\n\n<li>Cruelles intentions<\/li>\n\n\n\n<li>La ferme des Kent<\/li>\n\n\n\n<li>Les marques des h\u00e9ros<\/li>\n\n\n\n<li>Tenir la distance<\/li>\n\n\n\n<li>Le parcours d&rsquo;une battante<\/li>\n\n\n\n<li>Le fermier et le milliardaire<\/li>\n\n\n\n<li>Du dessin \u00e0 l&rsquo;\u00e9cran : Lois Lane<\/li>\n\n\n\n<li>La mort lui va si bien<\/li>\n\n\n\n<li>A deux, c&rsquo;est mieux !<\/li>\n<\/ul>\n\n\n\n<div style=\"height:41px\" aria-hidden=\"true\" class=\"wp-block-spacer\"><\/div>\n\n\n\n<pre class=\"wp-block-preformatted\"><input type=\"button\" value=\"Retour\" class=\"alg_back_button_input \" style=\"\" onclick=\"window.history.back()\" \/><\/pre>\n","protected":false},"excerpt":{"rendered":"<p>Plongez au c\u0153ur de l\u2019univers de Smallville, la s\u00e9rie culte qui revisite la l\u00e9gende de Superman. \u00c0 travers ce magazine officiel, retrouvez tout ce qui fait vibrer les fans : [&hellip;]<\/p>\n","protected":false},"author":1,"featured_media":0,"parent":0,"menu_order":0,"comment_status":"closed","ping_status":"closed","template":"","meta":{"_kadence_starter_templates_imported_post":false,"iawp_total_views":41,"footnotes":""},"class_list":["post-15151","page","type-page","status-publish","hentry"],"_links":{"self":[{"href":"https:\/\/nostalgie2000s.com\/index.php\/wp-json\/wp\/v2\/pages\/15151","targetHints":{"allow":["GET"]}}],"collection":[{"href":"https:\/\/nostalgie2000s.com\/index.php\/wp-json\/wp\/v2\/pages"}],"about":[{"href":"https:\/\/nostalgie2000s.com\/index.php\/wp-json\/wp\/v2\/types\/page"}],"author":[{"embeddable":true,"href":"https:\/\/nostalgie2000s.com\/index.php\/wp-json\/wp\/v2\/users\/1"}],"replies":[{"embeddable":true,"href":"https:\/\/nostalgie2000s.com\/index.php\/wp-json\/wp\/v2\/comments?post=15151"}],"version-history":[{"count":9,"href":"https:\/\/nostalgie2000s.com\/index.php\/wp-json\/wp\/v2\/pages\/15151\/revisions"}],"predecessor-version":[{"id":15276,"href":"https:\/\/nostalgie2000s.com\/index.php\/wp-json\/wp\/v2\/pages\/15151\/revisions\/15276"}],"wp:attachment":[{"href":"https:\/\/nostalgie2000s.com\/index.php\/wp-json\/wp\/v2\/media?parent=15151"}],"curies":[{"name":"wp","href":"https:\/\/api.w.org\/{rel}","templated":true}]}}