{"id":14943,"date":"2025-07-21T11:10:52","date_gmt":"2025-07-21T09:10:52","guid":{"rendered":"https:\/\/nostalgie2000s.com\/?page_id=14943"},"modified":"2025-07-31T11:30:09","modified_gmt":"2025-07-31T09:30:09","slug":"series-zap","status":"publish","type":"page","link":"https:\/\/nostalgie2000s.com\/index.php\/series-zap\/","title":{"rendered":"S\u00e9ries Zap"},"content":{"rendered":"\n<figure class=\"wp-block-image size-full is-resized\"><img loading=\"lazy\" decoding=\"async\" width=\"764\" height=\"189\" src=\"https:\/\/nostalgie2000s.com\/wp-content\/uploads\/2025\/07\/serieszap-banniere.png\" alt=\"\" class=\"wp-image-15018\" style=\"width:840px;height:auto\" srcset=\"https:\/\/nostalgie2000s.com\/wp-content\/uploads\/2025\/07\/serieszap-banniere.png 764w, https:\/\/nostalgie2000s.com\/wp-content\/uploads\/2025\/07\/serieszap-banniere-300x74.png 300w\" sizes=\"auto, (max-width: 764px) 100vw, 764px\" \/><\/figure>\n\n\n\n<div style=\"height:17px\" aria-hidden=\"true\" class=\"wp-block-spacer\"><\/div>\n\n\n\n<p>Paru d\u00e8s 2001, <em>S\u00e9ries Zap<\/em> se voulait un guide incontournable pour les amateurs de s\u00e9ries t\u00e9l\u00e9vis\u00e9es\u2026 mais restait dans l\u2019ombre de son grand fr\u00e8re bien plus raffin\u00e9, <em>S\u00e9ries Mag<\/em>. V\u00e9ritable clone un peu maladroit, <em>S\u00e9ries Zap<\/em> tentait de surfer sur la vague du succ\u00e8s des s\u00e9ries am\u00e9ricaines en livrant critiques, dossiers et interviews \u2014 avec plus ou moins de finesse. Moins \u00e9l\u00e9gant, souvent brouillon, parfois attachant malgr\u00e9 lui, il reste aujourd\u2019hui un t\u00e9moin un peu kitsch mais r\u00e9v\u00e9lateur d\u2019une \u00e9poque o\u00f9 la culture des s\u00e9ries commen\u00e7ait \u00e0 prendre une place centrale dans les m\u00e9dias.<\/p>\n\n\n\n<div style=\"height:39px\" aria-hidden=\"true\" class=\"wp-block-spacer\"><\/div>\n\n\n<div class=\"wp-block-image\">\n<figure class=\"alignleft size-full\"><img loading=\"lazy\" decoding=\"async\" width=\"160\" height=\"223\" src=\"https:\/\/nostalgie2000s.com\/wp-content\/uploads\/2025\/07\/Series-Zap-01-01-Couverture.jpg\" alt=\"\" class=\"wp-image-14949\"\/><\/figure>\n<\/div>\n\n\n<p><strong><span style=\"color: #ff0000;\">S\u00e9ries Zap n\u00b01 <\/span><\/strong><\/p>\n\n\n\n<div style=\"height:49px\" aria-hidden=\"true\" class=\"wp-block-spacer\"><\/div>\n\n\n<div class=\"wp-block-image\">\n<figure class=\"alignleft size-full\"><img loading=\"lazy\" decoding=\"async\" width=\"160\" height=\"223\" src=\"https:\/\/nostalgie2000s.com\/wp-content\/uploads\/2025\/07\/Series-Zap-02-01-Couverture.jpg\" alt=\"\" class=\"wp-image-14950\"\/><\/figure>\n<\/div>\n\n\n<p><strong><span style=\"color: #ff0000;\">S\u00e9ries Zap n\u00b02<\/span><\/strong><\/p>\n\n\n\n<div style=\"height:49px\" aria-hidden=\"true\" class=\"wp-block-spacer\"><\/div>\n\n\n\n<figure class=\"wp-block-image size-full\"><img loading=\"lazy\" decoding=\"async\" width=\"795\" height=\"307\" src=\"https:\/\/nostalgie2000s.com\/wp-content\/uploads\/2025\/07\/albumserieszap2.png\" alt=\"\" class=\"wp-image-14944\" srcset=\"https:\/\/nostalgie2000s.com\/wp-content\/uploads\/2025\/07\/albumserieszap2.png 795w, https:\/\/nostalgie2000s.com\/wp-content\/uploads\/2025\/07\/albumserieszap2-300x116.png 300w, https:\/\/nostalgie2000s.com\/wp-content\/uploads\/2025\/07\/albumserieszap2-768x297.png 768w\" sizes=\"auto, (max-width: 795px) 100vw, 795px\" \/><\/figure>\n\n\n\n<div style=\"height:49px\" aria-hidden=\"true\" class=\"wp-block-spacer\"><\/div>\n\n\n<div class=\"wp-block-image\">\n<figure class=\"alignleft size-full\"><img loading=\"lazy\" decoding=\"async\" width=\"160\" height=\"217\" src=\"https:\/\/nostalgie2000s.com\/wp-content\/uploads\/2025\/07\/Series-Zap-03-01-Couverture.jpg\" alt=\"\" class=\"wp-image-14951\"\/><\/figure>\n<\/div>\n\n\n<p><strong>S\u00e9ries Zap n\u00b03<\/strong><\/p>\n\n\n\n<ul class=\"wp-block-list\">\n<li>Avant premi\u00e8re : Wasteland<\/li>\n\n\n\n<li>Actu : Grosse Pointe, Gilmore Girls, Les fr\u00e8res Wayans, Totalement jumelles<\/li>\n\n\n\n<li>Gros Plan : Madison, Michelle Trachtenberg, Ashton Kutcher, Hartley, Sarah Michelle Gellar, Sabrina l&rsquo;apprentie sorci\u00e8re<\/li>\n\n\n\n<li>Interviews : Alyssa Milano, Jessica Alba, Vincent Ventresca, Michael T.Weiss, Tiffany Thiessen<\/li>\n\n\n\n<li>Dossier : Angel<\/li>\n\n\n\n<li>Panoramique : Roswell, Brendan Fehr, Majandra Delfino<\/li>\n\n\n\n<li>Flashback : L&rsquo;incroyable Hulk<\/li>\n<\/ul>\n\n\n\n<div style=\"height:49px\" aria-hidden=\"true\" class=\"wp-block-spacer\"><\/div>\n\n\n<div class=\"wp-block-image\">\n<figure class=\"alignleft size-full\"><img loading=\"lazy\" decoding=\"async\" width=\"160\" height=\"221\" src=\"https:\/\/nostalgie2000s.com\/wp-content\/uploads\/2025\/07\/Series-Zap-04-01-Couverture.jpg\" alt=\"\" class=\"wp-image-14952\"\/><\/figure>\n<\/div>\n\n\n<p><strong>S\u00e9ries Zap n\u00b04<\/strong><\/p>\n\n\n\n<ul class=\"wp-block-list\">\n<li>Avant premi\u00e8re : S club 7<\/li>\n\n\n\n<li>Actu : Julian MacMahon et Shannen Doherty, Ashton Kutcher, Brooke Burns, Once et again<\/li>\n\n\n\n<li>Zoom : Nicholas Brendon<\/li>\n\n\n\n<li>Interviews : David Boreanaz, Sarah Michelle Gellar, Calista Flockhart, Brad Rowe, Tia Carrere<\/li>\n\n\n\n<li>Dossier : Roswell<\/li>\n\n\n\n<li>Panoramique : Jessica Biel, Michael Weatherly<\/li>\n\n\n\n<li>Gros plan : Kerr Smith, Jennifer Aniston, Holly Marie Combs, Will &amp; Grace<\/li>\n\n\n\n<li>Flashback : Arnold et Willy<\/li>\n<\/ul>\n\n\n\n<div style=\"height:49px\" aria-hidden=\"true\" class=\"wp-block-spacer\"><\/div>\n\n\n\n<figure class=\"wp-block-image size-full\"><img loading=\"lazy\" decoding=\"async\" width=\"795\" height=\"307\" src=\"https:\/\/nostalgie2000s.com\/wp-content\/uploads\/2025\/07\/albumserieszap3.png\" alt=\"\" class=\"wp-image-14945\" srcset=\"https:\/\/nostalgie2000s.com\/wp-content\/uploads\/2025\/07\/albumserieszap3.png 795w, https:\/\/nostalgie2000s.com\/wp-content\/uploads\/2025\/07\/albumserieszap3-300x116.png 300w, https:\/\/nostalgie2000s.com\/wp-content\/uploads\/2025\/07\/albumserieszap3-768x297.png 768w\" sizes=\"auto, (max-width: 795px) 100vw, 795px\" \/><\/figure>\n\n\n\n<figure class=\"wp-block-image size-full is-resized\"><img loading=\"lazy\" decoding=\"async\" width=\"795\" height=\"307\" src=\"https:\/\/nostalgie2000s.com\/wp-content\/uploads\/2025\/07\/albumserieszap5.png\" alt=\"\" class=\"wp-image-14946\" style=\"width:840px;height:auto\" srcset=\"https:\/\/nostalgie2000s.com\/wp-content\/uploads\/2025\/07\/albumserieszap5.png 795w, https:\/\/nostalgie2000s.com\/wp-content\/uploads\/2025\/07\/albumserieszap5-300x116.png 300w, https:\/\/nostalgie2000s.com\/wp-content\/uploads\/2025\/07\/albumserieszap5-768x297.png 768w\" sizes=\"auto, (max-width: 795px) 100vw, 795px\" \/><\/figure>\n\n\n\n<div style=\"height:49px\" aria-hidden=\"true\" class=\"wp-block-spacer\"><\/div>\n\n\n<div class=\"wp-block-image\">\n<figure class=\"alignleft size-full\"><img loading=\"lazy\" decoding=\"async\" width=\"160\" height=\"229\" src=\"https:\/\/nostalgie2000s.com\/wp-content\/uploads\/2025\/07\/Series-Zap-07-01-Couverture.jpg\" alt=\"\" class=\"wp-image-14959\"\/><\/figure>\n<\/div>\n\n\n<p><strong>S\u00e9ries Zap n\u00b07 &#8211; Juillet \/ Ao\u00fbt 2002<\/strong> <\/p>\n\n\n\n<ul class=\"wp-block-list\">\n<li>Avant premi\u00e8re : Jeremiah,<\/li>\n\n\n\n<li>Actu : Moesha, David Boreanaz, Calista Flockhart, Band of Brothers, <\/li>\n\n\n\n<li>Zoom : Evan Rachel Wood,<\/li>\n\n\n\n<li>Gros Plan : Joshua Jackson, Barry Watson, Michelle Trachtenberg, Highlander, David James Elliott<\/li>\n\n\n\n<li>Interviews : Michael T.Weiss, Brian Krause, Tobey Macguire, Jennifer Garner, Eliza Dushku, Garett Maggart<\/li>\n\n\n\n<li>Panoramique : Jennifer Aniston, Matt Leblanc<\/li>\n\n\n\n<li>Dossier : Buffy contre les vampires<\/li>\n\n\n\n<li>Flash Back : Madame est servie<\/li>\n<\/ul>\n\n\n\n<div style=\"height:49px\" aria-hidden=\"true\" class=\"wp-block-spacer\"><\/div>\n\n\n<div class=\"wp-block-image\">\n<figure class=\"alignleft size-full\"><img loading=\"lazy\" decoding=\"async\" width=\"160\" height=\"225\" src=\"https:\/\/nostalgie2000s.com\/wp-content\/uploads\/2025\/07\/Series-Zap-08-01-Couverture.jpg\" alt=\"\" class=\"wp-image-14960\"\/><\/figure>\n<\/div>\n\n\n<p><strong>S\u00e9ries Zap n\u00b08 &#8211; Ao\u00fbt \/ Septembre 2002<\/strong><\/p>\n\n\n\n<ul class=\"wp-block-list\">\n<li>Avant premi\u00e8re : Age sensible<\/li>\n\n\n\n<li>Actu : Jesse, La vie devant nous, Jessica Alba, 24h chrono<\/li>\n\n\n\n<li>Zoom : Seth Green<\/li>\n\n\n\n<li>Gros Plan : FreakyLinks, Rose McGowan, John Stamos, La loi du puma, Richard Dean Anderson<\/li>\n\n\n\n<li>Interviews : J. August Richards, Sarah Michelle Gellar, David Gallagher, Alyson Hannigan, Catherine Bell, Michelle Trachtenberg<\/li>\n\n\n\n<li>Dossier : 7 \u00e0 la maison<\/li>\n\n\n\n<li>Panoramique : Angel saison 3, David Boreanaz<\/li>\n\n\n\n<li>Flash Back : Droles de dames<\/li>\n<\/ul>\n\n\n\n<div style=\"height:49px\" aria-hidden=\"true\" class=\"wp-block-spacer\"><\/div>\n\n\n<div class=\"wp-block-image\">\n<figure class=\"alignleft size-full\"><img loading=\"lazy\" decoding=\"async\" width=\"160\" height=\"225\" src=\"https:\/\/nostalgie2000s.com\/wp-content\/uploads\/2025\/07\/Series-Zap-15-01-Couverture.jpg\" alt=\"\" class=\"wp-image-14971\"\/><\/figure>\n<\/div>\n\n\n<p><strong><span style=\"color: #ff0000;\">S\u00e9ries Zap n\u00b015 &#8211; Octobre \/ Novembre 2003<\/span><\/strong><\/p>\n\n\n\n<ul class=\"wp-block-list\">\n<li>Exclusif : Smallville<\/li>\n\n\n\n<li>Actu : Ce que j&rsquo;aime chez toi,<\/li>\n\n\n\n<li>Zoom : Allison Mack<\/li>\n\n\n\n<li>Gros Plan : Tonya Kinzinger, Jennie Garth, James Marsters, Everwood<\/li>\n\n\n\n<li>Interviews : Kristin Kreuk, Michael Vartan, Jumelles Olsen, Blandine Bury, Jennifer Garner, Sweet G\u00e9n\u00e9ration<\/li>\n\n\n\n<li>Guide : Roswell Saison 3<\/li>\n\n\n\n<li>Panoramique : Shiri Appleby, Adam Rodriguez<\/li>\n\n\n\n<li>Ab\u00e9c\u00e9daire : Friends<\/li>\n\n\n\n<li>Flashback star : Alyssa Milano<\/li>\n\n\n\n<li>Dossier : Charmed<\/li>\n<\/ul>\n\n\n\n<div style=\"height:49px\" aria-hidden=\"true\" class=\"wp-block-spacer\"><\/div>\n\n\n<div class=\"wp-block-image\">\n<figure class=\"alignleft size-full\"><img loading=\"lazy\" decoding=\"async\" width=\"160\" height=\"225\" src=\"https:\/\/nostalgie2000s.com\/wp-content\/uploads\/2025\/07\/Series-Zap-16-01-Couverture.jpg\" alt=\"\" class=\"wp-image-14965\"\/><\/figure>\n<\/div>\n\n\n<p><strong><span style=\"color: #ff0000;\">S\u00e9ries Zap n\u00b016 &#8211; D\u00e9cembre 2003 \/ Janvier 2004<\/span><\/strong><\/p>\n\n\n\n<ul class=\"wp-block-list\">\n<li>Exclusif : Charmed<\/li>\n\n\n\n<li>Actu : Smallville, <\/li>\n\n\n\n<li>Zoom : George Stults<\/li>\n\n\n\n<li>Gros Plan : Hilary Duff, Ma famille d&rsquo;abord, Mes plus belles ann\u00e9es, Pamela Anderson<\/li>\n\n\n\n<li>Interviews : Jumelles Olsen, Kristin Kreuk, Jessica Biel, Jennifer Aniston, James Masters, Jessica Alba<\/li>\n\n\n\n<li>Panoramique : Sarah Michelle Gellar, Alyson Hannigan<\/li>\n\n\n\n<li>Ab\u00e9c\u00e9daire : 7 \u00e0 la maison<\/li>\n\n\n\n<li>Dossier : Sous le soleil<\/li>\n\n\n\n<li>Flashback star : Jennifer Garner<\/li>\n\n\n\n<li>Guide : JAG Saison 8<\/li>\n<\/ul>\n\n\n\n<div style=\"height:49px\" aria-hidden=\"true\" class=\"wp-block-spacer\"><\/div>\n\n\n<div class=\"wp-block-image\">\n<figure class=\"alignleft size-full\"><img loading=\"lazy\" decoding=\"async\" width=\"160\" height=\"225\" src=\"https:\/\/nostalgie2000s.com\/wp-content\/uploads\/2025\/07\/Series-Zap-20-01-Couverture.jpg\" alt=\"\" class=\"wp-image-14967\"\/><\/figure>\n<\/div>\n\n\n<p><strong><span style=\"color: #ff0000;\">S\u00e9ries Zap n\u00b020 &#8211; Ao\u00fbt \/ Septembre 2004<\/span><\/strong><\/p>\n\n\n\n<ul class=\"wp-block-list\">\n<li>Exclusif : Alias<\/li>\n\n\n\n<li>Actu : 7 \u00e0 la maison<\/li>\n\n\n\n<li>Zoom : Mike Erwin<\/li>\n\n\n\n<li>Dossier : Charmed<\/li>\n\n\n\n<li>Gros Plan : Jumelles Olsen, George Stults, Poppy Montgomery, <\/li>\n\n\n\n<li>Interviews : Michael Rosenbaum, Jennifer Garner, Elisha Cuthbert, Keegan Connor Tracy<\/li>\n\n\n\n<li>Ab\u00e9c\u00e9daire : Tom Welling<\/li>\n\n\n\n<li>Zap Souvenirs : Friends<\/li>\n\n\n\n<li>Panoramique : Jake 2.0, Christopher Gorham, Marina Black<\/li>\n\n\n\n<li>Guide : Smallville Saison 3<\/li>\n\n\n\n<li>Flashback : Jumelles Olsen<\/li>\n<\/ul>\n\n\n\n<div style=\"height:49px\" aria-hidden=\"true\" class=\"wp-block-spacer\"><\/div>\n\n\n<div class=\"wp-block-image\">\n<figure class=\"alignleft size-full\"><img loading=\"lazy\" decoding=\"async\" width=\"160\" height=\"225\" src=\"https:\/\/nostalgie2000s.com\/wp-content\/uploads\/2025\/07\/Series-Zap-22-01-Couverture.jpg\" alt=\"\" class=\"wp-image-14969\"\/><\/figure>\n<\/div>\n\n\n<p><strong><span style=\"color: #ff0000;\">S\u00e9ries Zap n\u00b022 &#8211; D\u00e9cembre 2004 \/ Janvier 2005<\/span><\/strong><\/p>\n\n\n\n<ul class=\"wp-block-list\">\n<li>Exclusif : Alias<\/li>\n\n\n\n<li>Actu : Smallville<\/li>\n\n\n\n<li>Zoom : Caterina Scorsone<\/li>\n\n\n\n<li>Gros Plan : Beatriz Luengo, Adam Brody, Matt Leblanc<\/li>\n\n\n\n<li>Interviews : Sarah Michelle Gellar, Nick Lachey, Rose McGowan, Jessica Biel, Elisha Cuthbert, <\/li>\n\n\n\n<li>Panoramique : Charmed, Kerr Smith, Charisma Carpenter <\/li>\n\n\n\n<li>Zap Souvenirs : Melrose Place<\/li>\n\n\n\n<li>Guide : Newport Beach Saison 1<\/li>\n\n\n\n<li>Flashback : Jennifer Garner<\/li>\n<\/ul>\n\n\n\n<div style=\"height:49px\" aria-hidden=\"true\" class=\"wp-block-spacer\"><\/div>\n\n\n<div class=\"wp-block-image\">\n<figure class=\"alignleft size-full\"><img loading=\"lazy\" decoding=\"async\" width=\"160\" height=\"217\" src=\"https:\/\/nostalgie2000s.com\/wp-content\/uploads\/2025\/07\/Series-Zap-27-01-Couverture.jpg\" alt=\"\" class=\"wp-image-14957\"\/><\/figure>\n<\/div>\n\n\n<p><strong><span style=\"color: #ff0000;\">S\u00e9ries Zap n\u00b027 &#8211; Octobre \/ Novembre 2005<\/span><\/strong><\/p>\n\n\n\n<ul class=\"wp-block-list\">\n<li>Exclusif : Smallville<\/li>\n\n\n\n<li>Actu : Desperate Housewives,<\/li>\n\n\n\n<li>Zoom : Jamie Lynn,<\/li>\n\n\n\n<li>Dossier : Charmed<\/li>\n\n\n\n<li>Gros Plan : Amber Tamben, Newport Beach, Eliza Dushku, Elisha Cuthbert<\/li>\n\n\n\n<li>Interviews : Matthiew Fox, Evangeline Lilly, <\/li>\n\n\n\n<li>Flashback : Heather Locklear<\/li>\n\n\n\n<li>Panoramique : Lost<\/li>\n<\/ul>\n\n\n\n<div style=\"height:43px\" aria-hidden=\"true\" class=\"wp-block-spacer\"><\/div>\n\n\n<div class=\"wp-block-image\">\n<figure class=\"alignleft size-full\"><img loading=\"lazy\" decoding=\"async\" width=\"160\" height=\"218\" src=\"https:\/\/nostalgie2000s.com\/wp-content\/uploads\/2025\/07\/Series-Zap-28-01-Couverture.jpg\" alt=\"\" class=\"wp-image-14963\"\/><\/figure>\n<\/div>\n\n\n<p><strong><span style=\"color: #ff0000;\">S\u00e9ries Zap n\u00b028 &#8211; Novembre \/ D\u00e9cembre 2005<\/span><\/strong><\/p>\n\n\n\n<p><\/p>\n\n\n\n<p><\/p>\n\n\n\n<p><\/p>\n\n\n\n<div style=\"height:46px\" aria-hidden=\"true\" class=\"wp-block-spacer\"><\/div>\n\n\n<div class=\"wp-block-image\">\n<figure class=\"alignleft size-full\"><img loading=\"lazy\" decoding=\"async\" width=\"160\" height=\"219\" src=\"https:\/\/nostalgie2000s.com\/wp-content\/uploads\/2025\/07\/Series-Zap-33-01-Couverture.jpg\" alt=\"\" class=\"wp-image-14955\"\/><\/figure>\n<\/div>\n\n\n<p><strong><span style=\"color: #ff0000;\">S\u00e9ries Zap n\u00b033 &#8211; Septembre \/ Octobre 2006<\/span><\/strong><\/p>\n\n\n\n<p><\/p>\n","protected":false},"excerpt":{"rendered":"<p>Paru d\u00e8s 2001, S\u00e9ries Zap se voulait un guide incontournable pour les amateurs de s\u00e9ries t\u00e9l\u00e9vis\u00e9es\u2026 mais restait dans l\u2019ombre de son grand fr\u00e8re bien plus raffin\u00e9, S\u00e9ries Mag. V\u00e9ritable [&hellip;]<\/p>\n","protected":false},"author":1,"featured_media":0,"parent":0,"menu_order":0,"comment_status":"closed","ping_status":"closed","template":"","meta":{"_kadence_starter_templates_imported_post":false,"iawp_total_views":62,"footnotes":""},"class_list":["post-14943","page","type-page","status-publish","hentry"],"_links":{"self":[{"href":"https:\/\/nostalgie2000s.com\/index.php\/wp-json\/wp\/v2\/pages\/14943","targetHints":{"allow":["GET"]}}],"collection":[{"href":"https:\/\/nostalgie2000s.com\/index.php\/wp-json\/wp\/v2\/pages"}],"about":[{"href":"https:\/\/nostalgie2000s.com\/index.php\/wp-json\/wp\/v2\/types\/page"}],"author":[{"embeddable":true,"href":"https:\/\/nostalgie2000s.com\/index.php\/wp-json\/wp\/v2\/users\/1"}],"replies":[{"embeddable":true,"href":"https:\/\/nostalgie2000s.com\/index.php\/wp-json\/wp\/v2\/comments?post=14943"}],"version-history":[{"count":14,"href":"https:\/\/nostalgie2000s.com\/index.php\/wp-json\/wp\/v2\/pages\/14943\/revisions"}],"predecessor-version":[{"id":15019,"href":"https:\/\/nostalgie2000s.com\/index.php\/wp-json\/wp\/v2\/pages\/14943\/revisions\/15019"}],"wp:attachment":[{"href":"https:\/\/nostalgie2000s.com\/index.php\/wp-json\/wp\/v2\/media?parent=14943"}],"curies":[{"name":"wp","href":"https:\/\/api.w.org\/{rel}","templated":true}]}}