{"id":14873,"date":"2025-07-07T09:05:47","date_gmt":"2025-07-07T07:05:47","guid":{"rendered":"https:\/\/nostalgie2000s.com\/?page_id=14873"},"modified":"2025-07-07T11:49:10","modified_gmt":"2025-07-07T09:49:10","slug":"voice","status":"publish","type":"page","link":"https:\/\/nostalgie2000s.com\/index.php\/voice\/","title":{"rendered":"Voice"},"content":{"rendered":"\n<figure class=\"wp-block-image size-full is-resized\"><img loading=\"lazy\" decoding=\"async\" width=\"764\" height=\"189\" src=\"https:\/\/nostalgie2000s.com\/wp-content\/uploads\/2025\/07\/banniere-voice.png\" alt=\"\" class=\"wp-image-14894\" style=\"width:840px;height:auto\" srcset=\"https:\/\/nostalgie2000s.com\/wp-content\/uploads\/2025\/07\/banniere-voice.png 764w, https:\/\/nostalgie2000s.com\/wp-content\/uploads\/2025\/07\/banniere-voice-300x74.png 300w\" sizes=\"auto, (max-width: 764px) 100vw, 764px\" \/><\/figure>\n\n\n\n<div style=\"height:13px\" aria-hidden=\"true\" class=\"wp-block-spacer\"><\/div>\n\n\n\n<p>Lanc\u00e9 discr\u00e8tement \u00e0 la fin de l\u2019ann\u00e9e 2001, le magazine <em>Voice<\/em> a connu une courte vie, avec une dizaine de num\u00e9ros parus. Peu connu du grand public, il se pr\u00e9sentait comme un magazine de soci\u00e9t\u00e9 et de culture, sans toutefois se distinguer par une grande originalit\u00e9 \u00e9ditoriale. Malgr\u00e9 une volont\u00e9 manifeste de donner la parole \u00e0 tous, <em>Voice<\/em> souffrait de nombreuses approximations, notamment des erreurs r\u00e9currentes \u2014 parfois flagrantes \u2014 dans les noms et les informations sur les personnalit\u00e9s mises en avant. Une publication modeste, au ton parfois maladroit, mais qui t\u00e9moigne malgr\u00e9 tout d\u2019une certaine effervescence \u00e9ditoriale du d\u00e9but des ann\u00e9es 2000.<\/p>\n\n\n\n<p>Pour ceux qui explorent ces archives, vous trouverez en <strong>noir<\/strong> les magazines d\u00e9j\u00e0 en possession de la collection, et en <strong><span style=\"color: red;\">rouge<\/span><\/strong> ceux qui me manquent encore.<\/p>\n\n\n\n<div style=\"height:62px\" aria-hidden=\"true\" class=\"wp-block-spacer\"><\/div>\n\n\n\n<h3 class=\"wp-block-heading has-text-align-center\"><strong>2001<\/strong><\/h3>\n\n\n\n<div style=\"height:8px\" aria-hidden=\"true\" class=\"wp-block-spacer\"><\/div>\n\n\n<div class=\"wp-block-image\">\n<figure class=\"alignleft size-full\"><img loading=\"lazy\" decoding=\"async\" width=\"160\" height=\"225\" src=\"https:\/\/nostalgie2000s.com\/wp-content\/uploads\/2025\/07\/Voice-01-01-Couverture.jpg\" alt=\"\" class=\"wp-image-14879\"\/><\/figure>\n<\/div>\n\n\n<p><strong>Voice n\u00b01<\/strong><\/p>\n\n\n\n<ul class=\"wp-block-list\">\n<li><em>Posters :<\/em> Garou, Kelly Joyce, Usher, Mariah Carey<\/li>\n\n\n\n<li><em>Artistes :<\/em> Jennifer Lopez, Craig David, Kelly Joyce, Sisqo, Destiny&rsquo;s Child, Usher, Mariah Carey, Shaggy, Janet Jackson, MC Solaar, Garou, <\/li>\n\n\n\n<li><em>Rubriques :<\/em> News, Cyber Voice, Top Albums &#8211; Top Compils, Chroniques Disques, Jeux concours<\/li>\n<\/ul>\n\n\n\n<div style=\"height:28px\" aria-hidden=\"true\" class=\"wp-block-spacer\"><\/div>\n\n\n<div class=\"wp-block-image\">\n<figure class=\"alignleft size-full\"><img loading=\"lazy\" decoding=\"async\" width=\"160\" height=\"227\" src=\"https:\/\/nostalgie2000s.com\/wp-content\/uploads\/2025\/07\/Voice-02-01-Couverture.jpg\" alt=\"\" class=\"wp-image-14880\"\/><\/figure>\n<\/div>\n\n\n<p><strong>Voice n\u00b02<\/strong><\/p>\n\n\n\n<ul class=\"wp-block-list\">\n<li><em>Posters :<\/em> L\u00e2\u00e2m, Britney Spears, R. Kelly, Nuttea<\/li>\n\n\n\n<li><em>Artistes :<\/em> Britney Spears, Jalane, Lil&rsquo; Bow Wow, R. Kelly, Aaliyah, Manu Chao, L\u00e2\u00e2m, Modjo, Eve Angeli, Nuttea, Wallen, Dante Thomas<\/li>\n\n\n\n<li><em>Rubriques :<\/em> News, Jeux concours, courrier des lecteurs, Cyber Voice, Chroniques Disques, Top Single &#8211; Top Album, Abonnement<\/li>\n<\/ul>\n\n\n\n<div style=\"height:28px\" aria-hidden=\"true\" class=\"wp-block-spacer\"><\/div>\n\n\n<div class=\"wp-block-image\">\n<figure class=\"alignleft size-full\"><img loading=\"lazy\" decoding=\"async\" width=\"160\" height=\"227\" src=\"https:\/\/nostalgie2000s.com\/wp-content\/uploads\/2025\/07\/Voice-03-01-Couverture.jpg\" alt=\"\" class=\"wp-image-14881\"\/><\/figure>\n<\/div>\n\n\n<p><strong>Voice n\u00b03<\/strong><\/p>\n\n\n\n<ul class=\"wp-block-list\">\n<li><em>Posters :<\/em> Michael Jackson, Atomic Kitten, Mary J Blige, Geri Halliwell<\/li>\n\n\n\n<li><em>Artistes :<\/em> Dossier Michael Jackson, Geri Halliwell, Noir D\u00e9sir, Julie Zenatti, Jamiroquai, Mary J Blige, N&rsquo;Sync, Alicia Keys, Star Academy<\/li>\n\n\n\n<li><em>Rubriques :<\/em> News, Cyber Voice, Chroniques DVD, Jeux concours, Fans de stars, Chroniques Disques, Top Single &#8211; Top Album, Courrier des lecteurs, Abonnement<\/li>\n<\/ul>\n\n\n\n<div style=\"height:28px\" aria-hidden=\"true\" class=\"wp-block-spacer\"><\/div>\n\n\n\n<h3 class=\"wp-block-heading has-text-align-center\"><strong>2002<\/strong><\/h3>\n\n\n\n<div style=\"height:8px\" aria-hidden=\"true\" class=\"wp-block-spacer\"><\/div>\n\n\n<div class=\"wp-block-image\">\n<figure class=\"alignleft size-full\"><img loading=\"lazy\" decoding=\"async\" width=\"160\" height=\"225\" src=\"https:\/\/nostalgie2000s.com\/wp-content\/uploads\/2025\/07\/Voice-04-01-Couverture.jpg\" alt=\"\" class=\"wp-image-14882\"\/><\/figure>\n<\/div>\n\n\n<p><strong>Voice n\u00b04 (Janvier 2002)<\/strong><\/p>\n\n\n\n<ul class=\"wp-block-list\">\n<li><em>Posters :<\/em> Aaliyah, Lorie, Matt Houston, Robbie Williams<\/li>\n\n\n\n<li><em>Artistes :<\/em> Lorie, Tina Arena, Seal, K-Reen, Sofia Mestari, Robbie Williams, L5, Daddy DJ, Kylie Minogue, Matt Houston, Philippe d&rsquo;Avilla, Star Academy<\/li>\n\n\n\n<li><em>Rubriques :<\/em> News, Chroniques DVD, Dates de concerts, Top Single &#8211; Top Album, Courrier des lecteurs, Abonnement<\/li>\n<\/ul>\n\n\n\n<div style=\"height:36px\" aria-hidden=\"true\" class=\"wp-block-spacer\"><\/div>\n\n\n<div class=\"wp-block-image\">\n<figure class=\"alignleft size-full\"><img loading=\"lazy\" decoding=\"async\" width=\"160\" height=\"227\" src=\"https:\/\/nostalgie2000s.com\/wp-content\/uploads\/2025\/07\/Voice-05-01-Couverture.jpg\" alt=\"\" class=\"wp-image-14883\"\/><\/figure>\n<\/div>\n\n\n<p><strong>Voice n\u00b05 (Mars 2002)<\/strong><\/p>\n\n\n\n<ul class=\"wp-block-list\">\n<li><em>Posters :<\/em> Billy Crawford, C\u00e9cilia Cara, Damien Sargue, Cylia<\/li>\n\n\n\n<li><em>Artistes :<\/em> Jalane, Billy Crawford, Jenifer et Mario, Yannick Noah, Shakira, Missy Elliot, Cylia, Damien Sargue et C\u00e9cilia Cara, Eve, Calogero, Loana, N\u00e2diya<\/li>\n\n\n\n<li><em>Rubriques :<\/em> News, Cyber Voice, Chroniques DVD, Jeux concours, Fan de stars, Chroniques CD, Concerts, Tops<\/li>\n<\/ul>\n\n\n\n<div style=\"height:35px\" aria-hidden=\"true\" class=\"wp-block-spacer\"><\/div>\n\n\n<div class=\"wp-block-image\">\n<figure class=\"alignleft size-full\"><img loading=\"lazy\" decoding=\"async\" width=\"160\" height=\"225\" src=\"https:\/\/nostalgie2000s.com\/wp-content\/uploads\/2025\/07\/Voice-06-01-Couverture.jpg\" alt=\"\" class=\"wp-image-14884\"\/><\/figure>\n<\/div>\n\n\n<p><strong>Voice n\u00b06 (Mai 2002)<\/strong><\/p>\n\n\n\n<ul class=\"wp-block-list\">\n<li><em>Posters :<\/em> Eve Angeli, David Charvet, Gr\u00e9gori Baquet, Models<\/li>\n\n\n\n<li><em>Interviews :<\/em> C\u00e9line Dion, Natasha St-Pier, Models, Djalil, Eve Angeli, Play&#8230;<\/li>\n\n\n\n<li><em>Portraits :<\/em> Rohff, Britney Spears, Jean-Pascal, Brandy, Blue, Billy Crawford&#8230;<\/li>\n<\/ul>\n\n\n\n<div style=\"height:31px\" aria-hidden=\"true\" class=\"wp-block-spacer\"><\/div>\n\n\n<div class=\"wp-block-image\">\n<figure class=\"alignleft size-full\"><img loading=\"lazy\" decoding=\"async\" width=\"160\" height=\"226\" src=\"https:\/\/nostalgie2000s.com\/wp-content\/uploads\/2025\/07\/Voice-07-01-Couverture.jpg\" alt=\"\" class=\"wp-image-14885\"\/><\/figure>\n<\/div>\n\n\n<p><strong>Voice n\u00b07 (Juin 2002)<\/strong><\/p>\n\n\n\n<ul class=\"wp-block-list\">\n<li><em>Interviews :<\/em> Jenifer, Jessica Marquez, Thibault Durand, David Charvet, Leslie, Stomy Bugsy, Gr\u00e9gori Baquet, Zazie, Jeff, Am\u00e9lie Saimpont&#8230;<\/li>\n\n\n\n<li><em>Portraits :<\/em> Tiziano Ferro, Myl\u00e8ne Farmer, Scottie&#8230;<\/li>\n\n\n\n<li><em>Posters :<\/em> Patrice Maktav, V\u00e9ronica Antico, Yannick Noah, Lorie<\/li>\n<\/ul>\n\n\n\n<div style=\"height:35px\" aria-hidden=\"true\" class=\"wp-block-spacer\"><\/div>\n\n\n<div class=\"wp-block-image\">\n<figure class=\"alignleft size-full\"><img loading=\"lazy\" decoding=\"async\" width=\"160\" height=\"230\" src=\"https:\/\/nostalgie2000s.com\/wp-content\/uploads\/2025\/07\/Voice-08-01-Couverture.jpg\" alt=\"\" class=\"wp-image-14886\"\/><\/figure>\n<\/div>\n\n\n<p><strong><strong><span style=\"color: #ff0000;\">Voice n\u00b08 (Juillet 2002)<\/span><\/strong><\/strong><\/p>\n\n\n\n<ul class=\"wp-block-list\">\n<li><em>Interviews :<\/em> F\u00e9licien, Lesly Mess, Models, L5, Marl\u00e8ne Duval et Phil Barney, Sita&#8230;<\/li>\n\n\n\n<li><em>Portraits :<\/em> J-Lo, Bratisla Boys, Doc Gyneco, Saya &amp; Passi, Kylie Minogue<\/li>\n\n\n\n<li><em>Posters :<\/em> Will Smith, Aliz\u00e9e, Shakira, Bratisla Boys<\/li>\n<\/ul>\n\n\n\n<div style=\"height:35px\" aria-hidden=\"true\" class=\"wp-block-spacer\"><\/div>\n\n\n<div class=\"wp-block-image\">\n<figure class=\"alignleft size-full\"><img loading=\"lazy\" decoding=\"async\" width=\"160\" height=\"229\" src=\"https:\/\/nostalgie2000s.com\/wp-content\/uploads\/2025\/07\/Voice-09-01-Couverture.jpg\" alt=\"\" class=\"wp-image-14887\"\/><\/figure>\n<\/div>\n\n\n<p><strong><strong><span style=\"color: #ff0000;\">Voice n\u00b09 (Ao\u00fbt 2002)<\/span><\/strong><\/strong><\/p>\n\n\n\n<ul class=\"wp-block-list\">\n<li><em>Interviews :<\/em> Jean-Pascal&#8230;<\/li>\n\n\n\n<li><em>Portraits : <\/em>David Guetta, Christina Milian, Ashanti, Sophie Ellis-Bextor, Karen Mulder, Indochine, Mad&rsquo;House, Selwyn, Eminem<\/li>\n\n\n\n<li><em>Posters :<\/em> Kylie Minogue, Jenifer, Jean-Pascal, Enrique Iglesias<\/li>\n<\/ul>\n\n\n\n<div style=\"height:35px\" aria-hidden=\"true\" class=\"wp-block-spacer\"><\/div>\n\n\n<div class=\"wp-block-image\">\n<figure class=\"alignleft size-full\"><img loading=\"lazy\" decoding=\"async\" width=\"160\" height=\"227\" src=\"https:\/\/nostalgie2000s.com\/wp-content\/uploads\/2025\/07\/Voice-10-01-Couverture.jpg\" alt=\"\" class=\"wp-image-14888\"\/><\/figure>\n<\/div>\n\n\n<p><strong><span style=\"color: #ff0000;\">Voice n\u00b010 (Septembre 2002)<\/span><\/strong><\/p>\n\n\n\n<ul class=\"wp-block-list\">\n<li><em>Interviews :<\/em> Charly et Lulu, Leslie, L5, Lorie<\/li>\n\n\n\n<li><em>Portraits :<\/em> Sman, Enrique Iglesias, Cunnie Williams, Paulina Rubio, Nelly<\/li>\n\n\n\n<li><em>Posters :<\/em> Britney Spears, Eminem, L5, Lorie<\/li>\n<\/ul>\n\n\n\n<div style=\"height:35px\" aria-hidden=\"true\" class=\"wp-block-spacer\"><\/div>\n\n\n<div class=\"wp-block-image\">\n<figure class=\"alignleft size-full\"><img loading=\"lazy\" decoding=\"async\" width=\"160\" height=\"223\" src=\"https:\/\/nostalgie2000s.com\/wp-content\/uploads\/2025\/07\/Voice-11-01-Couverture-SP.jpg\" alt=\"\" class=\"wp-image-14889\"\/><\/figure>\n<\/div>\n\n\n<p><strong><strong>Voice n\u00b011 (Novembre 2002)<\/strong><\/strong> <strong><span style=\"color: #ff0000;\">(Sans posters)<\/span><\/strong><\/p>\n\n\n\n<ul class=\"wp-block-list\">\n<li><em>Posters :<\/em> Calogero, Scottie, Lorie, Jenifer<\/li>\n\n\n\n<li><em>Interviews :<\/em> Craig David, Jenifer, Scottie, Pit Baccardi<\/li>\n\n\n\n<li><em>Portraits : <\/em>L5, Vanessa Carlton, Las Ketchup, Renaud, 4 You<\/li>\n\n\n\n<li><em>Rubriques :<\/em> News, Cyber Voice, DVD, Jeux concours, Abonnement, Top singles, Chroniques CD, Next<\/li>\n<\/ul>\n\n\n\n<div style=\"height:35px\" aria-hidden=\"true\" class=\"wp-block-spacer\"><\/div>\n\n\n\n<h3 class=\"wp-block-heading has-text-align-center\"><strong>2003<\/strong><\/h3>\n\n\n\n<div style=\"height:8px\" aria-hidden=\"true\" class=\"wp-block-spacer\"><\/div>\n\n\n<div class=\"wp-block-image\">\n<figure class=\"alignleft size-full\"><img loading=\"lazy\" decoding=\"async\" width=\"160\" height=\"232\" src=\"https:\/\/nostalgie2000s.com\/wp-content\/uploads\/2025\/07\/Voice-12-01-Couverture.jpg\" alt=\"\" class=\"wp-image-14891\"\/><\/figure>\n<\/div>\n\n\n<p><strong><span style=\"color: #ff0000;\">Voice n\u00b012 (Janvier 2003)<\/span><\/strong><\/p>\n\n\n\n<ul class=\"wp-block-list\">\n<li><em>Posters :<\/em> Magic System, Leslie, Chim\u00e8ne Badi, Jessica Marquez, Shakira<\/li>\n\n\n\n<li><em>Interviews :<\/em> Sophie Ellis-Bextor, Mario, Corneille, Mad&rsquo;House<\/li>\n\n\n\n<li><em>Portraits :<\/em> Shakira, Magic System, Leslie, Shania Twain, Holly Valance, King Africa, Michel Berger<\/li>\n<\/ul>\n\n\n\n<div style=\"height:35px\" aria-hidden=\"true\" class=\"wp-block-spacer\"><\/div>\n\n\n<div class=\"wp-block-image\">\n<figure class=\"alignleft size-full\"><img loading=\"lazy\" decoding=\"async\" width=\"160\" height=\"226\" src=\"https:\/\/nostalgie2000s.com\/wp-content\/uploads\/2025\/07\/Voice-13-01-Couverture.jpg\" alt=\"\" class=\"wp-image-14890\"\/><\/figure>\n<\/div>\n\n\n<p><strong>Voice n\u00b013 (Avril 2003)<\/strong><\/p>\n\n\n\n<ul class=\"wp-block-list\">\n<li><em>Posters :<\/em> Assia, Sean Paul&#8230;<\/li>\n\n\n\n<li><em>Interviews :<\/em> Jean-Pascal, Factor X, Willy Denzey, Sugababes, Assia, Whatfor<\/li>\n\n\n\n<li><em>Portraits :<\/em> J-Lo, Jay-Z, Robbie Williams, Miss Sushi, Page Ragga, Mariah Carey, 100% talent Johnny<\/li>\n\n\n\n<li><em>Rubriques :<\/em> News, Cyber Voice, DVD, Chroniques CD, Jeux concours, Top singles, Abonnement<\/li>\n<\/ul>\n\n\n\n<div style=\"height:30px\" aria-hidden=\"true\" class=\"wp-block-spacer\"><\/div>\n\n\n\n<pre class=\"wp-block-preformatted\"><input type=\"button\" value=\"Retour\" class=\"alg_back_button_input \" style=\"\" onclick=\"window.history.back()\" \/><\/pre>\n","protected":false},"excerpt":{"rendered":"<p>Lanc\u00e9 discr\u00e8tement \u00e0 la fin de l\u2019ann\u00e9e 2001, le magazine Voice a connu une courte vie, avec une dizaine de num\u00e9ros parus. Peu connu du grand public, il se pr\u00e9sentait [&hellip;]<\/p>\n","protected":false},"author":1,"featured_media":0,"parent":0,"menu_order":0,"comment_status":"closed","ping_status":"closed","template":"","meta":{"_kadence_starter_templates_imported_post":false,"iawp_total_views":47,"footnotes":""},"class_list":["post-14873","page","type-page","status-publish","hentry"],"_links":{"self":[{"href":"https:\/\/nostalgie2000s.com\/index.php\/wp-json\/wp\/v2\/pages\/14873","targetHints":{"allow":["GET"]}}],"collection":[{"href":"https:\/\/nostalgie2000s.com\/index.php\/wp-json\/wp\/v2\/pages"}],"about":[{"href":"https:\/\/nostalgie2000s.com\/index.php\/wp-json\/wp\/v2\/types\/page"}],"author":[{"embeddable":true,"href":"https:\/\/nostalgie2000s.com\/index.php\/wp-json\/wp\/v2\/users\/1"}],"replies":[{"embeddable":true,"href":"https:\/\/nostalgie2000s.com\/index.php\/wp-json\/wp\/v2\/comments?post=14873"}],"version-history":[{"count":7,"href":"https:\/\/nostalgie2000s.com\/index.php\/wp-json\/wp\/v2\/pages\/14873\/revisions"}],"predecessor-version":[{"id":14900,"href":"https:\/\/nostalgie2000s.com\/index.php\/wp-json\/wp\/v2\/pages\/14873\/revisions\/14900"}],"wp:attachment":[{"href":"https:\/\/nostalgie2000s.com\/index.php\/wp-json\/wp\/v2\/media?parent=14873"}],"curies":[{"name":"wp","href":"https:\/\/api.w.org\/{rel}","templated":true}]}}