{"id":14473,"date":"2025-05-05T19:37:07","date_gmt":"2025-05-05T17:37:07","guid":{"rendered":"https:\/\/nostalgie2000s.com\/?page_id=14473"},"modified":"2025-05-08T12:11:08","modified_gmt":"2025-05-08T10:11:08","slug":"en-semaine-en-mai-2003-sur-tf1","status":"publish","type":"page","link":"https:\/\/nostalgie2000s.com\/index.php\/en-semaine-en-mai-2003-sur-tf1\/","title":{"rendered":"Mai 2003 sur TF1"},"content":{"rendered":"\n<figure class=\"wp-block-table\"><table class=\"has-fixed-layout\"><thead><tr><th>Jour<\/th><th>20h50 (Prime time)<\/th><th>22h30\u201323h45 (Seconde partie)<\/th><\/tr><\/thead><tbody><tr><td><strong>Lundi<\/strong><\/td><td><em>Femmes de loi<\/em> (S02)<br>ou <em>Jos\u00e9phine ange gardien<\/em><br>ou <em>Docteur Claire Bellac<\/em><br>ou <em>Sauveur Giordano<\/em><\/td><td><em>Confessions intimes<\/em><br>ou <em>Y\u2019a que la v\u00e9rit<\/em>\u00e9<em> qui compte<\/em><\/td><\/tr><tr><td><strong>Mardi<\/strong><\/td><td>Cin\u00e9 Mardi<\/td><td><em>Vis ma vie<\/em><br>ou <em>Le droit de savoir<\/em><\/td><\/tr><tr><td><strong>Mercredi<\/strong><\/td><td><em>Football &#8211; Ligue des champions<\/em><br>ou <em>Combien \u00e7a co\u00fbte<\/em><\/td><td><em>24 heures chrono<\/em> (2 \u00e9pisodes)<\/td><\/tr><tr><td><strong>Jeudi<\/strong><\/td><td><em>Julie Lescaut<\/em><br>ou <em>Commissaire Moulin<\/em><br>ou <em>Navarro<\/em><br>ou<em> Les Cordier juge et flic<\/em><br>ou <em>Une femme d&rsquo;honneur<\/em><\/td><td>T\u00e9l\u00e9film policier<\/td><\/tr><tr><td><strong>Vendredi<\/strong><\/td><td><em>Les 7 p\u00e9ch\u00e9s capitaux<\/em><br>ou <em>La fureur<\/em><br>ou <em>Qui veut gagner des millions ?<\/em><br>ou <em>Retour gagnant<\/em><br>ou <em>Nice People<\/em><\/td><td><em>Fear Factor<\/em><br>ou<em> Sans aucun doute<\/em><br>ou <em>C\u2019est quoi l\u2019amour ?<\/em><\/td><\/tr><tr><td><strong>Samedi<\/strong><\/td><td><em>Nice People<\/em><br>ou <em>Football &#8211; Ligue des champions<\/em><\/td><td><em>Les Experts<\/em> (2 \u00e9pisodes)<\/td><\/tr><tr><td><strong>Dimanche<\/strong><\/td><td>Cin\u00e9 Dimanche<\/td><td>Cin\u00e9 Dimanche<\/td><\/tr><\/tbody><\/table><\/figure>\n\n\n\n<div style=\"height:31px\" aria-hidden=\"true\" class=\"wp-block-spacer\"><\/div>\n\n\n\n<figure class=\"wp-block-table\"><table class=\"has-fixed-layout\"><tbody><tr><td><strong>LUNDI, MARDI, JEUDI, VENDREDI<\/strong><\/td><td><strong>MERCREDI<\/strong><\/td><\/tr><tr><td><strong>Jusqu&rsquo;au 9 mai 2003 :<\/strong><br>05:50 \u2013 Le vent de l&rsquo;aventure<br><br><strong>Apr\u00e8s le 9 mai 2003 :<\/strong><br>05:50 \u2013 Passioni<br>06:20 \u2013 Embarquement porte n\u00b01<br>06:45 \u2013 TF1 Info<br>06:55 \u2013 TF! Jeunesse (Tweenies, Pecola, Marcelino et Franklin)<br>08:35 \u2013 T\u00e9l\u00e9shopping<br>09:25 \u2013 Allo Quiz<br>10:20 \u2013 Medicopter <em>(Saisons 3, 4 et 5)<\/em><br>11:15 \u2013 Nice People (Rediffusion de la veille)<br>11:55 \u2013 Tac O Tac TV<br>12:05 \u2013 Attention \u00e0 la marche<br>13:00 \u2013 Le 13 heures<br>13:55 \u2013 Les feux de l&rsquo;amour<br>14:45 \u2013 New York police judiciaire <em>(Saison 8)<\/em><br>15:40 \u2013 Les dessous de Palm Beach <em>(Saison 2)<\/em><br>16:25 \u2013 Pacific Blue <em>(Saison 2)<\/em><br>17:15 \u2013 Beverly Hills <em>(Saisons 7 et 8)<\/em><br>18:05 \u2013 Nice People<br>18:55 \u2013 Le Bigdil<br>19:55 \u2013 M\u00e9t\u00e9o<br>20:00 \u2013 Le 20 heures<\/td><td><strong>Jusqu&rsquo;au 9 mai 2003 :<\/strong><br>05:50 \u2013 Le vent de l&rsquo;aventure<br><br><strong>Apr\u00e8s le 9 mai 2003 :<\/strong><br>05:50 \u2013 Passioni<br>06:20 \u2013 Embarquement porte n\u00b01<br>06:45 \u2013 TF1 Info<br>06:55 \u2013 TF! Jeunesse (Kitou Scrogneugneu, Gowap, Franklin, Kangoo juniors, Tracey Mac Bean, Totally Spies, Les aventures de Jimmy Neutron, <br>Esprit fant\u00f4mes, Pok\u00e9mon, Bob l&rsquo;\u00e9ponge&#8230;)<br>11:15 \u2013 Nice People (Rediffusion de la veille)<br>11:55 \u2013 Tac O Tac TV<br>12:05 \u2013 Attention \u00e0 la marche<br>13:00 \u2013 Le 13 heures<br>13:55 \u2013 Les feux de l&rsquo;amour<br>14:45 \u2013 New York police judiciaire <em>(Saison 8)<\/em><br>15:40 \u2013 Les dessous de Palm Beach <em>(Saison 2)<\/em><br>16:25 \u2013 Pacific Blue <em>(Saison 2)<\/em> \/ La loi du fugitif <em>(Saison 2)<\/em><br>17:15 \u2013 Beverly Hills <em>(Saisons 7 et 8)<\/em><br>18:05 \u2013 Nice People<br>18:55 \u2013 Le Bigdil<br>19:55 \u2013 M\u00e9t\u00e9o<br>20:00 \u2013 Le 20 heures<\/td><\/tr><tr><td><strong>SAMEDI<\/strong><\/td><td><strong>DIMANCHE<\/strong><\/td><\/tr><tr><td>05:55 \u2013 Contre vents et mar\u00e9es<br>06:45 \u2013 TF1 Info <br>06:55 \u2013 Shopping Avenue matin <br>07:40 \u2013 T\u00e9l\u00e9vitrine <br>08:05 \u2013 T\u00e9l\u00e9shopping <br>08:55 \u2013 TF! Jeunesse (H\u00e9 Arnold, Totally Spies, Cubix, Sacr\u00e9 Andy !, Pok\u00e9mon&#8230;)<br>11:10 \u2013 30 millions d\u2019amis<br>12:05 \u2013 Attention \u00e0 la marche <br>13:00 \u2013 TF1 13 heures <br>13:40 \u2013 Reportages <br>14:10 \u2013 Monk <em>(Saison 1)<\/em><br>15:05 \u2013 FBI Family <em>(Saison 1)<\/em> \/ Deux priv\u00e9s \u00e0 Vegas <em>(Saison 1)<\/em> <br>15:55 \u2013 Juste pour rire<br>16:15 \u2013 Dawson <em>(Saison 5)<\/em><br>17:05 \u2013 Sous le soleil <em>(Saison 8)<\/em><br>18:05 \u2013 Nice People <br>18:55 \u2013 Le Maillon Faible <br>19:50 \u2013 M\u00e9t\u00e9o <br>20:00 \u2013 TF1 20 heures <br>20:55 \u2013 Nice People<br>23:15 \u2013 Les Experts <em>(Saison 3)<\/em><br>00:05 \u2013 Les Experts <em>(Saison 3)<\/em><br>00:55 \u2013 Nice People <br>01:30 \u2013 Hits &amp; Co<br>02:30 \u2013 Les Coups d\u2019humour<br>03:15 \u2013 Tr\u00e8s chasse <br>04:00 \u2013 Histoires naturelles <br>04:50 \u2013 Aventures africaines<br><br><br><\/td><td><strong>Pour les 4 et 18 mai 2003 :<\/strong><br><br>05:50 \u2013 Cinq sur 5<br>06:35 \u2013 TF1 Info <br>06:45 \u2013 TF! Jeunesse (Moonkys, Tweenies, Marcelino, Franklin&#8230;)<br>08:00 \u2013 Disney (Les aventures de Buzz l&rsquo;\u00c9clair, La cour de r\u00e9cr\u00e9, Kim Possible, La l\u00e9gende de Tarzan&#8230;)<br>09:50 \u2013 Auto Moto<br>10:55 \u2013 T\u00e9l\u00e9foot<br>12:05 \u2013 Attention \u00e0 la marche <br>13:00 \u2013 TF1 13 heures <br><br><strong>Pour les 4 et 18 mai 2003 :<\/strong><br>13:20 \u2013 Formule 1 \u2013 Grand Prix<br><br><strong>Pour les 11 et 25 mai 2003 :<\/strong><br>13:30 \u2013 Walker Texas Ranger <em>(Saison 7)<\/em><br>14:20 \u2013 Undercover<em> (Saison 1)<\/em><br><br>15:10 \u2013 Preuve \u00e0 l&rsquo;appui <em>(Saison 2)<\/em><br>16:00 \u2013 New York Unit\u00e9 Sp\u00e9ciale <em>(Saisons 3 et 4)<\/em><br>16:50 \u2013 Vid\u00e9o Gag <br>17:50 \u2013 Le Maillon Faible <br>18:45 \u2013 Sept \u00e0 Huit <br>19:50 \u2013 M\u00e9t\u00e9o<br>20:00 \u2013 TF1 20 heures <br>20:55 \u2013 Cin\u00e9 Dimanche (1er film)<br>23:15 \u2013 Cin\u00e9 Dimanche (2\u00e8me film)<br>00:45 \u2013 La vie des m\u00e9dias<br>01:30 \u2013 Nice People<br>02:30 \u2013 Tr\u00e8s chasse<br>03:30 \u2013 Reportages<br>04:00 \u2013 Histoires naturelles<\/td><\/tr><\/tbody><\/table><\/figure>\n","protected":false},"excerpt":{"rendered":"<p>Jour 20h50 (Prime time) 22h30\u201323h45 (Seconde partie) Lundi Femmes de loi (S02)ou Jos\u00e9phine ange gardienou Docteur Claire Bellacou Sauveur Giordano Confessions intimesou Y\u2019a que la v\u00e9rit\u00e9 qui compte Mardi Cin\u00e9 [&hellip;]<\/p>\n","protected":false},"author":1,"featured_media":0,"parent":0,"menu_order":0,"comment_status":"closed","ping_status":"closed","template":"","meta":{"_kadence_starter_templates_imported_post":false,"iawp_total_views":64,"footnotes":""},"class_list":["post-14473","page","type-page","status-publish","hentry"],"_links":{"self":[{"href":"https:\/\/nostalgie2000s.com\/index.php\/wp-json\/wp\/v2\/pages\/14473","targetHints":{"allow":["GET"]}}],"collection":[{"href":"https:\/\/nostalgie2000s.com\/index.php\/wp-json\/wp\/v2\/pages"}],"about":[{"href":"https:\/\/nostalgie2000s.com\/index.php\/wp-json\/wp\/v2\/types\/page"}],"author":[{"embeddable":true,"href":"https:\/\/nostalgie2000s.com\/index.php\/wp-json\/wp\/v2\/users\/1"}],"replies":[{"embeddable":true,"href":"https:\/\/nostalgie2000s.com\/index.php\/wp-json\/wp\/v2\/comments?post=14473"}],"version-history":[{"count":22,"href":"https:\/\/nostalgie2000s.com\/index.php\/wp-json\/wp\/v2\/pages\/14473\/revisions"}],"predecessor-version":[{"id":14527,"href":"https:\/\/nostalgie2000s.com\/index.php\/wp-json\/wp\/v2\/pages\/14473\/revisions\/14527"}],"wp:attachment":[{"href":"https:\/\/nostalgie2000s.com\/index.php\/wp-json\/wp\/v2\/media?parent=14473"}],"curies":[{"name":"wp","href":"https:\/\/api.w.org\/{rel}","templated":true}]}}