{"id":1426,"date":"2024-08-02T08:56:32","date_gmt":"2024-08-02T06:56:32","guid":{"rendered":"https:\/\/nostalgie2000s.wordpress.com\/?page_id=1426"},"modified":"2025-06-28T10:45:36","modified_gmt":"2025-06-28T08:45:36","slug":"star-academy","status":"publish","type":"page","link":"https:\/\/nostalgie2000s.com\/index.php\/star-academy\/","title":{"rendered":"Star Academy : La naissance d\u2019un ph\u00e9nom\u00e8ne de t\u00e9l\u00e9r\u00e9alit\u00e9 musicale"},"content":{"rendered":"\n<p><img decoding=\"async\" style=\"width: 850px;\" src=\"https:\/\/nostalgie2000s.com\/wp-content\/uploads\/2024\/11\/staracademy-banniere.jpg\"><\/p>\n\n\n\n<div style=\"height:70px\" aria-hidden=\"true\" class=\"wp-block-spacer\"><\/div>\n\n\n\n<h2 class=\"wp-block-heading\"><strong><em>Le concours d&rsquo;entr\u00e9e<\/em><\/strong><\/h2>\n\n\n\n<figure class=\"wp-block-image size-large\"><img decoding=\"async\" src=\"https:\/\/nostalgie2000s.com\/wp-content\/uploads\/2024\/11\/staracconcoursdentree2.jpg\" alt=\"\"\/><\/figure>\n\n\n\n<div style=\"height:19px\" aria-hidden=\"true\" class=\"wp-block-spacer\"><\/div>\n\n\n\n<p>Avant m\u00eame le d\u00e9but de la c\u00e9l\u00e8bre \u00e9mission <em>Star Academy<\/em>, une comp\u00e9tition intense captait l&rsquo;attention des t\u00e9l\u00e9spectateurs. Pour la toute premi\u00e8re saison, TF1 a lanc\u00e9 un concours d\u2019entr\u00e9e, diffus\u00e9 quotidiennement sous deux formats : une version de 4 minutes et une autre d\u2019une minute. Ce programme offrait au public la possibilit\u00e9 de voter chaque jour pour deux candidats, parmi 100 s\u00e9lectionn\u00e9s apr\u00e8s un tri minutieux sur pr\u00e8s de 100 000 candidatures. De cette phase de pr\u00e9s\u00e9lection, seuls 16 candidats, 8 gar\u00e7ons et 8 filles, pouvaient esp\u00e9rer entrer dans l\u2019aventure <em>Star Academy<\/em>.<\/p>\n\n\n\n<p>Le suspense montait jour apr\u00e8s jour avec les portraits des candidats diffus\u00e9s \u00e0 19h50 et 20h45, laissant au public la responsabilit\u00e9 de choisir qui poursuivrait l\u2019aventure. L\u2019\u00e9mission en prime-time d\u2019octobre 2001 d\u00e9voila enfin les 16 candidats qui allaient entrer dans le ch\u00e2teau de Dammarie-les-Lys pour suivre une formation musicale intense pendant trois mois.<\/p>\n\n\n\n<div style=\"height:80px\" aria-hidden=\"true\" class=\"wp-block-spacer\"><\/div>\n\n\n\n<h2 class=\"wp-block-heading\"><strong><em>Le concept<\/em><\/strong><\/h2>\n\n\n\n<figure class=\"wp-block-image size-large\"><img decoding=\"async\" src=\"https:\/\/nostalgie2000s.com\/wp-content\/uploads\/2024\/11\/staracconcept.jpg\" alt=\"\"\/><\/figure>\n\n\n\n<div style=\"height:14px\" aria-hidden=\"true\" class=\"wp-block-spacer\"><\/div>\n\n\n\n<p>Lanc\u00e9e officiellement le 20 octobre 2001, <em>Star Academy<\/em> devint rapidement un incontournable de la t\u00e9l\u00e9vision fran\u00e7aise. Pr\u00e9sent\u00e9e en direct par Nikos Aliagas, l\u2019\u00e9mission combinait des prestations musicales et la t\u00e9l\u00e9r\u00e9alit\u00e9, avec des moments intimes de la vie quotidienne des candidats film\u00e9s au ch\u00e2teau. Chacun des 16 participants interpr\u00e9tait des chansons en solo, en groupe ou avec des artistes invit\u00e9s, et \u00e0 la fin de chaque prime, un candidat \u00e9tait \u00e9limin\u00e9. Le vainqueur remportait un million d\u2019euros, un contrat pour l&rsquo;enregistrement d\u2019un disque, ainsi qu\u2019une tourn\u00e9e, notamment un concert \u00e0 l\u2019Olympia.<\/p>\n\n\n\n<p>Tout au long des trois mois de l\u2019\u00e9mission, les t\u00e9l\u00e9spectateurs suivaient de pr\u00e8s l\u2019\u00e9volution des candidats, alternant entre r\u00e9p\u00e9titions, portraits personnels, et images des moments cl\u00e9s de leur semaine. En parall\u00e8le, chaque semaine, trois candidats \u00e9taient nomin\u00e9s par les professeurs. Le public sauvait l&rsquo;un d&rsquo;eux par un vote, et les autres candidats choisissaient ensuite celui ou celle qui poursuivrait l&rsquo;aventure.<\/p>\n\n\n\n<div style=\"height:80px\" aria-hidden=\"true\" class=\"wp-block-spacer\"><\/div>\n\n\n\n<h2 class=\"wp-block-heading\"><em><strong>Les g\u00e9n\u00e9riques<\/strong><\/em><\/h2>\n\n\n\n<p>Le g\u00e9n\u00e9rique embl\u00e9matique de Star Academy est <em><strong>\u00ab\u00a0Run Baby Run\u00a0\u00bb<\/strong><\/em> de <strong>Bustafunk<\/strong> utilis\u00e9 lors des trois premi\u00e8res saisons entre 2001 et 2003.<\/p>\n\n\n\n<figure class=\"wp-block-embed is-type-video is-provider-youtube wp-block-embed-youtube wp-embed-aspect-4-3 wp-has-aspect-ratio\"><div class=\"wp-block-embed__wrapper\">\n<iframe loading=\"lazy\" title=\"Bustafunk feat. Roachford - Run Baby Run [HQ]\" width=\"640\" height=\"480\" src=\"https:\/\/www.youtube.com\/embed\/4hlP6sOHR6k?feature=oembed\" frameborder=\"0\" allow=\"accelerometer; autoplay; clipboard-write; encrypted-media; gyroscope; picture-in-picture; web-share\" referrerpolicy=\"strict-origin-when-cross-origin\" allowfullscreen><\/iframe>\n<\/div><figcaption class=\"wp-element-caption\">Bustafunk : <em>\u00ab\u00a0Run Baby Run\u00a0\u00bb<\/em> <\/figcaption><\/figure>\n\n\n\n<p>Lors de la saison 4, le g\u00e9n\u00e9rique est modifi\u00e9 pour <strong><em>\u00ab\u00a0You are the one\u00a0\u00bb<\/em><\/strong> de <strong>Cerrone<\/strong> remix\u00e9e dans une nouvelle version pour l&rsquo;occasion.<\/p>\n\n\n\n<figure class=\"wp-block-embed is-type-video is-provider-youtube wp-block-embed-youtube wp-embed-aspect-4-3 wp-has-aspect-ratio\"><div class=\"wp-block-embed__wrapper\">\n<iframe loading=\"lazy\" title=\"You Are the One (2004 Version)\" width=\"640\" height=\"480\" src=\"https:\/\/www.youtube.com\/embed\/0B4-IkjTSn4?feature=oembed\" frameborder=\"0\" allow=\"accelerometer; autoplay; clipboard-write; encrypted-media; gyroscope; picture-in-picture; web-share\" referrerpolicy=\"strict-origin-when-cross-origin\" allowfullscreen><\/iframe>\n<\/div><figcaption class=\"wp-element-caption\">Cerrone : <em>\u00ab\u00a0You Are The One\u00a0\u00bb<\/em><\/figcaption><\/figure>\n\n\n\n<p>Pour les saisons 5 \u00e0 7 incluses (2005 \u00e0 2007), la production d\u00e9cide d&rsquo;utiliser <strong><em>\u00ab\u00a0Love Generation\u00a0\u00bb<\/em><\/strong> de <strong>Bob Sinclar<\/strong>. Cette musique sera \u00e9galement utilis\u00e9e quelques ann\u00e9es plus tard lors du grand retour de la Star Academy en 2022.<\/p>\n\n\n\n<figure class=\"wp-block-embed is-type-video is-provider-youtube wp-block-embed-youtube wp-embed-aspect-4-3 wp-has-aspect-ratio\"><div class=\"wp-block-embed__wrapper\">\n<iframe loading=\"lazy\" title=\"Bob Sinclar - Love Generation (Official Video)\" width=\"640\" height=\"480\" src=\"https:\/\/www.youtube.com\/embed\/quUTJXPH55Y?feature=oembed\" frameborder=\"0\" allow=\"accelerometer; autoplay; clipboard-write; encrypted-media; gyroscope; picture-in-picture; web-share\" referrerpolicy=\"strict-origin-when-cross-origin\" allowfullscreen><\/iframe>\n<\/div><figcaption class=\"wp-element-caption\">Bob Sinclar : <em>\u00ab\u00a0Love Generation\u00a0\u00bb<\/em><\/figcaption><\/figure>\n\n\n\n<p>Pour finir, en 2008, pour la saison 8, la production mise sur <em><strong>\u00ab\u00a0Superstar (That&rsquo;s What You are)\u00a0\u00bb<\/strong><\/em> de <strong>The MerryMakers<\/strong>.<\/p>\n\n\n\n<figure class=\"wp-block-embed is-type-video is-provider-youtube wp-block-embed-youtube wp-embed-aspect-16-9 wp-has-aspect-ratio\"><div class=\"wp-block-embed__wrapper\">\n<iframe loading=\"lazy\" title=\"The Merrymakers, &quot;Superstar&quot;\" width=\"640\" height=\"360\" src=\"https:\/\/www.youtube.com\/embed\/-SSbU99XUyE?feature=oembed\" frameborder=\"0\" allow=\"accelerometer; autoplay; clipboard-write; encrypted-media; gyroscope; picture-in-picture; web-share\" referrerpolicy=\"strict-origin-when-cross-origin\" allowfullscreen><\/iframe>\n<\/div><figcaption class=\"wp-element-caption\">The MerryMakers : <em>\u00ab\u00a0Superstar (That&rsquo;s What You are)\u00a0\u00bb<\/em><\/figcaption><\/figure>\n\n\n\n<div style=\"height:80px\" aria-hidden=\"true\" class=\"wp-block-spacer\"><\/div>\n\n\n\n<h2 class=\"wp-block-heading\"><strong><em>Les saisons<\/em><\/strong><\/h2>\n\n\n\n<div style=\"height:17px\" aria-hidden=\"true\" class=\"wp-block-spacer\"><\/div>\n\n\n<div class=\"wp-block-image\">\n<figure class=\"aligncenter size-large\"><a href=\"https:\/\/nostalgie2000s.com\/index.php\/star-academy\/star-academy-1\/\"><img decoding=\"async\" src=\"https:\/\/nostalgie2000s.com\/wp-content\/uploads\/2024\/11\/starac1.png\" alt=\"\"\/><\/a><\/figure>\n<\/div>\n\n\n<div style=\"height:80px\" aria-hidden=\"true\" class=\"wp-block-spacer\"><\/div>\n\n\n\n<p class=\"has-text-align-center\"><em><strong>En cours de r\u00e9daction :<\/strong><\/em><\/p>\n\n\n\n<div class=\"wp-block-group is-layout-grid wp-container-core-group-is-layout-9649a0d9 wp-block-group-is-layout-grid\">\n<figure class=\"wp-block-image size-large\"><img decoding=\"async\" src=\"https:\/\/nostalgie2000s.com\/wp-content\/uploads\/2024\/11\/starac2.png\" alt=\"\"\/><\/figure>\n\n\n\n<figure class=\"wp-block-image size-large\"><img decoding=\"async\" src=\"https:\/\/nostalgie2000s.com\/wp-content\/uploads\/2024\/11\/starac3.png\" alt=\"\"\/><\/figure>\n\n\n\n<figure class=\"wp-block-image size-large\"><img decoding=\"async\" src=\"https:\/\/nostalgie2000s.com\/wp-content\/uploads\/2024\/11\/starac4.png\" alt=\"\"\/><\/figure>\n\n\n\n<figure class=\"wp-block-image size-large\"><img decoding=\"async\" src=\"https:\/\/nostalgie2000s.com\/wp-content\/uploads\/2024\/11\/starac5.png\" alt=\"\"\/><\/figure>\n\n\n\n<figure class=\"wp-block-image size-large\"><img decoding=\"async\" src=\"https:\/\/nostalgie2000s.com\/wp-content\/uploads\/2024\/11\/starac6.png\" alt=\"\"\/><\/figure>\n\n\n\n<figure class=\"wp-block-image size-large\"><img decoding=\"async\" src=\"https:\/\/nostalgie2000s.com\/wp-content\/uploads\/2024\/11\/starac7.png\" alt=\"\"\/><\/figure>\n\n\n\n<figure class=\"wp-block-image size-large\"><img decoding=\"async\" src=\"https:\/\/nostalgie2000s.com\/wp-content\/uploads\/2024\/11\/starac8.png\" alt=\"\"\/><\/figure>\n<\/div>\n\n\n\n<div style=\"height:80px\" aria-hidden=\"true\" class=\"wp-block-spacer\"><\/div>\n\n\n\n<h2 class=\"wp-block-heading\"><strong><em>Les hymnes officiels<\/em><\/strong><\/h2>\n\n\n\n<div style=\"height:17px\" aria-hidden=\"true\" class=\"wp-block-spacer\"><\/div>\n\n\n\n<figure class=\"wp-block-embed is-type-video is-provider-youtube wp-block-embed-youtube wp-embed-aspect-4-3 wp-has-aspect-ratio\"><div class=\"wp-block-embed__wrapper\">\n<iframe loading=\"lazy\" title=\"La musique (Angelica)\" width=\"640\" height=\"480\" src=\"https:\/\/www.youtube.com\/embed\/gx7n2E3SR7E?feature=oembed\" frameborder=\"0\" allow=\"accelerometer; autoplay; clipboard-write; encrypted-media; gyroscope; picture-in-picture; web-share\" referrerpolicy=\"strict-origin-when-cross-origin\" allowfullscreen><\/iframe>\n<\/div><figcaption class=\"wp-element-caption\">Star Academy 1 : <em>\u00ab\u00a0La Musique\u00a0\u00bb<\/em> (2001)<\/figcaption><\/figure>\n\n\n\n<figure class=\"wp-block-embed is-type-video is-provider-youtube wp-block-embed-youtube wp-embed-aspect-16-9 wp-has-aspect-ratio\"><div class=\"wp-block-embed__wrapper\">\n<iframe loading=\"lazy\" title=\"Emma Daumas- star ac 2 musique clip officiel hd\" width=\"640\" height=\"360\" src=\"https:\/\/www.youtube.com\/embed\/IQopixHbMMg?feature=oembed\" frameborder=\"0\" allow=\"accelerometer; autoplay; clipboard-write; encrypted-media; gyroscope; picture-in-picture; web-share\" referrerpolicy=\"strict-origin-when-cross-origin\" allowfullscreen><\/iframe>\n<\/div><figcaption class=\"wp-element-caption\">Star Academy 2 : <em>\u00ab\u00a0Musique\u00a0\u00bb<\/em> (2002)<\/figcaption><\/figure>\n\n\n\n<figure class=\"wp-block-embed is-type-video is-provider-youtube wp-block-embed-youtube wp-embed-aspect-16-9 wp-has-aspect-ratio\"><div class=\"wp-block-embed__wrapper\">\n<iframe loading=\"lazy\" title=\"Star Academy 3 - La Bamba (2003) (Clip officiel)\" width=\"640\" height=\"360\" src=\"https:\/\/www.youtube.com\/embed\/kohvA_b1HIw?feature=oembed\" frameborder=\"0\" allow=\"accelerometer; autoplay; clipboard-write; encrypted-media; gyroscope; picture-in-picture; web-share\" referrerpolicy=\"strict-origin-when-cross-origin\" allowfullscreen><\/iframe>\n<\/div><figcaption class=\"wp-element-caption\">Star Academy 3 : <em>\u00ab\u00a0La Bamba\u00a0\u00bb<\/em> (2003)<\/figcaption><\/figure>\n\n\n\n<figure class=\"wp-block-embed is-type-video is-provider-youtube wp-block-embed-youtube wp-embed-aspect-4-3 wp-has-aspect-ratio\"><div class=\"wp-block-embed__wrapper\">\n<iframe loading=\"lazy\" title=\"Star Academy 4 Laissez Moi Danser\" width=\"640\" height=\"480\" src=\"https:\/\/www.youtube.com\/embed\/2EiqBW1JNKM?feature=oembed\" frameborder=\"0\" allow=\"accelerometer; autoplay; clipboard-write; encrypted-media; gyroscope; picture-in-picture; web-share\" referrerpolicy=\"strict-origin-when-cross-origin\" allowfullscreen><\/iframe>\n<\/div><figcaption class=\"wp-element-caption\">Star Academy 4 : <em>\u00ab\u00a0Laissez moi danser\u00a0\u00bb<\/em> (2004)<\/figcaption><\/figure>\n\n\n\n<figure class=\"wp-block-embed is-type-video is-provider-youtube wp-block-embed-youtube wp-embed-aspect-16-9 wp-has-aspect-ratio\"><div class=\"wp-block-embed__wrapper\">\n<iframe loading=\"lazy\" title=\"Star Academy 5 - Je ne suis pas un H\u00e9ros!\" width=\"640\" height=\"360\" src=\"https:\/\/www.youtube.com\/embed\/ET-DqbfzWc4?feature=oembed\" frameborder=\"0\" allow=\"accelerometer; autoplay; clipboard-write; encrypted-media; gyroscope; picture-in-picture; web-share\" referrerpolicy=\"strict-origin-when-cross-origin\" allowfullscreen><\/iframe>\n<\/div><figcaption class=\"wp-element-caption\">Star Academy 5 : <em>\u00ab\u00a0Je ne suis pas un h\u00e9ros\u00a0\u00bb<\/em> (2005)<\/figcaption><\/figure>\n\n\n\n<figure class=\"wp-block-embed is-type-video is-provider-youtube wp-block-embed-youtube wp-embed-aspect-16-9 wp-has-aspect-ratio\"><div class=\"wp-block-embed__wrapper\">\n<iframe loading=\"lazy\" title=\"Star Academy 6 - Y&#039;a qu&#039;un ch&#039;veu (Clip Officiel) [HD]\" width=\"640\" height=\"360\" src=\"https:\/\/www.youtube.com\/embed\/LGfz03aLme4?feature=oembed\" frameborder=\"0\" allow=\"accelerometer; autoplay; clipboard-write; encrypted-media; gyroscope; picture-in-picture; web-share\" referrerpolicy=\"strict-origin-when-cross-origin\" allowfullscreen><\/iframe>\n<\/div><figcaption class=\"wp-element-caption\">Star Academy 6 : <em>\u00ab\u00a0Y&rsquo;a qu&rsquo;un ch&rsquo;veu\u00a0\u00bb<\/em> (2006)<\/figcaption><\/figure>\n\n\n\n<figure class=\"wp-block-embed is-type-video is-provider-youtube wp-block-embed-youtube wp-embed-aspect-16-9 wp-has-aspect-ratio\"><div class=\"wp-block-embed__wrapper\">\n<iframe loading=\"lazy\" title=\"Bangladesh Clip \/ Hymne - Star Academy 7\" width=\"640\" height=\"360\" src=\"https:\/\/www.youtube.com\/embed\/GSjwvn9o_R4?feature=oembed\" frameborder=\"0\" allow=\"accelerometer; autoplay; clipboard-write; encrypted-media; gyroscope; picture-in-picture; web-share\" referrerpolicy=\"strict-origin-when-cross-origin\" allowfullscreen><\/iframe>\n<\/div><figcaption class=\"wp-element-caption\">Star Academy 7 : <em>\u00ab\u00a0Bangla Desh\u00a0\u00bb<\/em> (2007)<\/figcaption><\/figure>\n\n\n\n<figure class=\"wp-block-embed is-type-video is-provider-youtube wp-block-embed-youtube wp-embed-aspect-16-9 wp-has-aspect-ratio\"><div class=\"wp-block-embed__wrapper\">\n<iframe loading=\"lazy\" title=\"Star Academy 8 - Chante\" width=\"640\" height=\"360\" src=\"https:\/\/www.youtube.com\/embed\/WeZiw93qh9A?feature=oembed\" frameborder=\"0\" allow=\"accelerometer; autoplay; clipboard-write; encrypted-media; gyroscope; picture-in-picture; web-share\" referrerpolicy=\"strict-origin-when-cross-origin\" allowfullscreen><\/iframe>\n<\/div><figcaption class=\"wp-element-caption\">Star Academy 8 : <em>\u00ab\u00a0Chante\u00a0\u00bb<\/em> (2008)<\/figcaption><\/figure>\n\n\n\n<div style=\"height:80px\" aria-hidden=\"true\" class=\"wp-block-spacer\"><\/div>\n\n\n\n<p class=\"has-text-align-center\"><input type=\"button\" value=\"Retour\" class=\"alg_back_button_input \" style=\"\" onclick=\"window.history.back()\" \/><\/p>\n\n\n\n<p class=\"has-text-align-center\"><\/p>\n","protected":false},"excerpt":{"rendered":"<p>Le concours d&rsquo;entr\u00e9e Avant m\u00eame le d\u00e9but de la c\u00e9l\u00e8bre \u00e9mission Star Academy, une comp\u00e9tition intense captait l&rsquo;attention des t\u00e9l\u00e9spectateurs. Pour la toute premi\u00e8re saison, TF1 a lanc\u00e9 un concours [&hellip;]<\/p>\n","protected":false},"author":1,"featured_media":0,"parent":0,"menu_order":0,"comment_status":"open","ping_status":"closed","template":"","meta":{"_kadence_starter_templates_imported_post":false,"iawp_total_views":115,"footnotes":""},"class_list":["post-1426","page","type-page","status-publish","hentry"],"_links":{"self":[{"href":"https:\/\/nostalgie2000s.com\/index.php\/wp-json\/wp\/v2\/pages\/1426","targetHints":{"allow":["GET"]}}],"collection":[{"href":"https:\/\/nostalgie2000s.com\/index.php\/wp-json\/wp\/v2\/pages"}],"about":[{"href":"https:\/\/nostalgie2000s.com\/index.php\/wp-json\/wp\/v2\/types\/page"}],"author":[{"embeddable":true,"href":"https:\/\/nostalgie2000s.com\/index.php\/wp-json\/wp\/v2\/users\/1"}],"replies":[{"embeddable":true,"href":"https:\/\/nostalgie2000s.com\/index.php\/wp-json\/wp\/v2\/comments?post=1426"}],"version-history":[{"count":14,"href":"https:\/\/nostalgie2000s.com\/index.php\/wp-json\/wp\/v2\/pages\/1426\/revisions"}],"predecessor-version":[{"id":14806,"href":"https:\/\/nostalgie2000s.com\/index.php\/wp-json\/wp\/v2\/pages\/1426\/revisions\/14806"}],"wp:attachment":[{"href":"https:\/\/nostalgie2000s.com\/index.php\/wp-json\/wp\/v2\/media?parent=1426"}],"curies":[{"name":"wp","href":"https:\/\/api.w.org\/{rel}","templated":true}]}}