{"id":12473,"date":"2024-12-04T06:33:38","date_gmt":"2024-12-04T05:33:38","guid":{"rendered":"https:\/\/nostalgie2000s.com\/?page_id=12473"},"modified":"2025-03-29T15:17:01","modified_gmt":"2025-03-29T14:17:01","slug":"arkanium","status":"publish","type":"page","link":"https:\/\/nostalgie2000s.com\/index.php\/arkanium\/","title":{"rendered":"Arkanium"},"content":{"rendered":"\n<figure class=\"wp-block-image size-full is-resized\"><img loading=\"lazy\" decoding=\"async\" width=\"764\" height=\"189\" src=\"https:\/\/nostalgie2000s.com\/wp-content\/uploads\/2025\/02\/arkanium-banniere.png\" alt=\"\" class=\"wp-image-13655\" style=\"width:840px;height:auto\" srcset=\"https:\/\/nostalgie2000s.com\/wp-content\/uploads\/2025\/02\/arkanium-banniere.png 764w, https:\/\/nostalgie2000s.com\/wp-content\/uploads\/2025\/02\/arkanium-banniere-300x74.png 300w\" sizes=\"auto, (max-width: 764px) 100vw, 764px\" \/><\/figure>\n\n\n\n<div style=\"height:27px\" aria-hidden=\"true\" class=\"wp-block-spacer\"><\/div>\n\n\n\n<p>En ao\u00fbt 2001, un magazine hors du commun fait son apparition dans les kiosques : <em>Arkanium<\/em>. Bimensuel audacieux, il ne se contente pas d\u2019informer, il transporte. Se pr\u00e9sentant comme <em>la cit\u00e9 des stars<\/em>, ce magazine unique en son genre plongeait ses lecteurs dans un univers graphique \u00e9poustouflant, o\u00f9 chaque num\u00e9ro \u00e9tait une \u0153uvre d\u2019art en soi. Doubles couvertures, reliefs innovants, montages spectaculaires\u2026 <em>Arkanium<\/em> ne ressemblait \u00e0 aucun autre.<\/p>\n\n\n\n<p>Mais son originalit\u00e9 ne s\u2019arr\u00eatait pas au design. <em>Arkanium<\/em> \u00e9tait aussi une ville imaginaire, une m\u00e9tropole fascinante o\u00f9 chaque article prenait la forme d\u2019une rue, chaque chronique un quartier \u00e0 explorer. Ce concept novateur donnait une dimension immersive \u00e0 la lecture, rendant l\u2019exp\u00e9rience aussi intrigante qu\u2019addictive.<\/p>\n\n\n\n<p>Malgr\u00e9 son ambition et son \u00e9clat, <em>Arkanium<\/em> s\u2019est rapidement consum\u00e9, ne publiant qu\u2019une quinzaine de num\u00e9ros avant de dispara\u00eetre\u2026 pour mieux rena\u00eetre sous un nouveau nom : <em>Arthelius, la cit\u00e9 des anges<\/em>. Une nouvelle identit\u00e9, une nouvelle ville, mais un m\u00eame souffle artistique et avant-gardiste.<\/p>\n\n\n\n<p>Pour ceux qui explorent ces archives, vous trouverez en <strong>noir<\/strong> les magazines d\u00e9j\u00e0 en possession de la collection, et en <strong><span style=\"color: red;\">rouge<\/span><\/strong> ceux qui me manquent encore.<\/p>\n\n\n\n<div style=\"height:33px\" aria-hidden=\"true\" class=\"wp-block-spacer\"><\/div>\n\n\n\n<h2 class=\"wp-block-heading has-text-align-center\"><strong><em>2001<\/em><\/strong><\/h2>\n\n\n\n<div style=\"height:12px\" aria-hidden=\"true\" class=\"wp-block-spacer\"><\/div>\n\n\n<div class=\"wp-block-image\">\n<figure class=\"alignleft size-full\"><img loading=\"lazy\" decoding=\"async\" width=\"160\" height=\"226\" src=\"https:\/\/nostalgie2000s.com\/wp-content\/uploads\/2024\/12\/Arkanium-01-01-Couverture.jpg\" alt=\"\" class=\"wp-image-12474\"\/><\/figure>\n<\/div>\n\n\n<p><strong>Arkanium n\u00b01 &#8211; Ao\u00fbt 2001<\/strong><\/p>\n\n\n\n<ul class=\"wp-block-list\">\n<li>Angel Investigations<\/li>\n\n\n\n<li>Buffy : Souvenirs de Sunnydale<\/li>\n\n\n\n<li>Charmed : Visite guid\u00e9e<\/li>\n\n\n\n<li>Roswell : Jason t\u00e9l\u00e9phone maison<\/li>\n\n\n\n<li>Dark Angel : Angel premi\u00e8re<\/li>\n\n\n\n<li>Dawson : Portrait de Jos\u00e9phine Potter<\/li>\n\n\n\n<li>X-Files : Next G\u00e9n\u00e9ration<\/li>\n\n\n\n<li>Aliz\u00e9e : La fin de l&rsquo;innocence ?<\/li>\n\n\n\n<li>Eminem : Mise au point<\/li>\n\n\n\n<li>Dido : Les chemins de la gloire<\/li>\n\n\n\n<li>Robert : Colchique mon amour<\/li>\n\n\n\n<li>La plan\u00e8te des singes<\/li>\n<\/ul>\n\n\n\n<div style=\"height:34px\" aria-hidden=\"true\" class=\"wp-block-spacer\"><\/div>\n\n\n<div class=\"wp-block-image\">\n<figure class=\"alignleft size-full\"><img loading=\"lazy\" decoding=\"async\" width=\"160\" height=\"226\" src=\"https:\/\/nostalgie2000s.com\/wp-content\/uploads\/2024\/12\/Arkanium-02-01-Couverture.jpg\" alt=\"\" class=\"wp-image-12475\"\/><\/figure>\n<\/div>\n\n\n<p><strong>Arkanium n\u00b02 &#8211; Septembre \/ Octobre 2001<\/strong><\/p>\n\n\n\n<ul class=\"wp-block-list\">\n<li>Angel Investigations<\/li>\n\n\n\n<li>Buffy : La 5\u00e8me saison<\/li>\n\n\n\n<li>Rose McGowan, la v\u00e9n\u00e9neuse de Charmed<\/li>\n\n\n\n<li>Roswell : Guide de la 2\u00e8me saison<\/li>\n\n\n\n<li>Roswell : Michael Guerin et Maria DeLuca<\/li>\n\n\n\n<li>Dawson : Visite guid\u00e9e<\/li>\n\n\n\n<li>X-Files : La 9\u00e8me saison<\/li>\n\n\n\n<li>Dido : Le succ\u00e8s, enfin !<\/li>\n\n\n\n<li>Quizz Britney Spears<\/li>\n\n\n\n<li>Quizz Roswell<\/li>\n<\/ul>\n\n\n\n<div style=\"height:34px\" aria-hidden=\"true\" class=\"wp-block-spacer\"><\/div>\n\n\n<div class=\"wp-block-image\">\n<figure class=\"alignleft size-full\"><img loading=\"lazy\" decoding=\"async\" width=\"160\" height=\"226\" src=\"https:\/\/nostalgie2000s.com\/wp-content\/uploads\/2025\/02\/Arkanium-03-01-Couverture.jpg\" alt=\"\" class=\"wp-image-13644\"\/><\/figure>\n<\/div>\n\n\n<p><strong>Arkanium n\u00b03 &#8211; Novembre \/ D\u00e9cembre 2001<\/strong><\/p>\n\n\n\n<ul class=\"wp-block-list\">\n<li>Angel investigations<\/li>\n\n\n\n<li>Buffy : Dossier 5\u00e8me saison et news saison 6<\/li>\n\n\n\n<li>Charmed : Saison 4 et dossier Halloween<\/li>\n\n\n\n<li>Dark Angel : Pr\u00e9sentation<\/li>\n\n\n\n<li>Les amants de Roswell : Max et Liz<\/li>\n\n\n\n<li>Roswell : Visite guid\u00e9e<\/li>\n\n\n\n<li>X-Files : News saison 9<\/li>\n\n\n\n<li>Dawson : Summer diaries<\/li>\n\n\n\n<li>Nouveaut\u00e9s s\u00e9ries<\/li>\n\n\n\n<li>Lorie<\/li>\n\n\n\n<li>Billy Crawford<\/li>\n\n\n\n<li>Quizz Mariah Carey<\/li>\n\n\n\n<li>Dossier \u00ab\u00a0Le seigneur des anneaux\u00a0\u00bb<\/li>\n\n\n\n<li>Quizz Buffy<\/li>\n<\/ul>\n\n\n\n<div style=\"height:34px\" aria-hidden=\"true\" class=\"wp-block-spacer\"><\/div>\n\n\n\n<h2 class=\"wp-block-heading has-text-align-center\"><strong><em>2002<\/em><\/strong><\/h2>\n\n\n\n<div style=\"height:12px\" aria-hidden=\"true\" class=\"wp-block-spacer\"><\/div>\n\n\n<div class=\"wp-block-image\">\n<figure class=\"alignleft size-full\"><img loading=\"lazy\" decoding=\"async\" width=\"160\" height=\"226\" src=\"https:\/\/nostalgie2000s.com\/wp-content\/uploads\/2025\/02\/Arkanium-04-01-Couverture.jpg\" alt=\"\" class=\"wp-image-13645\"\/><\/figure>\n<\/div>\n\n\n<p><strong>Arkanium n\u00b04 &#8211; Janvier \/ F\u00e9vrier 2002<\/strong><\/p>\n\n\n\n<ul class=\"wp-block-list\">\n<li>Angel Investigations<\/li>\n\n\n\n<li>Melody Time : sp\u00e9cial \u00ab\u00a0Once more, with feeling\u00a0\u00bb<\/li>\n\n\n\n<li>Buffy : R\u00e9v\u00e9lations saison 6<\/li>\n\n\n\n<li>Charmed : Dossier saison 4<\/li>\n\n\n\n<li>Dark Angel : R\u00e9sum\u00e9s saison 1<\/li>\n\n\n\n<li>Roswell : R\u00e9sum\u00e9s saison 3<\/li>\n\n\n\n<li>Dawson : La maturit\u00e9<\/li>\n\n\n\n<li>Nouveaut\u00e9s s\u00e9ries : CSI<\/li>\n\n\n\n<li>Lorie<\/li>\n\n\n\n<li>Westlife<\/li>\n\n\n\n<li>Dossier Harry Potter<\/li>\n\n\n\n<li>Buffy et Spike : Le vote<\/li>\n<\/ul>\n\n\n\n<div style=\"height:34px\" aria-hidden=\"true\" class=\"wp-block-spacer\"><\/div>\n\n\n<div class=\"wp-block-image\">\n<figure class=\"alignleft size-full\"><img loading=\"lazy\" decoding=\"async\" width=\"160\" height=\"226\" src=\"https:\/\/nostalgie2000s.com\/wp-content\/uploads\/2025\/02\/Arkanium-05-01-Couverture.jpg\" alt=\"\" class=\"wp-image-13648\"\/><\/figure>\n<\/div>\n\n\n<p><strong>Arkanium n\u00b05 &#8211; Mars \/ Avril 2002<\/strong><\/p>\n\n\n\n<ul class=\"wp-block-list\">\n<li>Angel Investigations : Dossier sp\u00e9cial Angel et les femmes \/ Cord\u00e9lia et les hommes<\/li>\n\n\n\n<li>Buffy : Dossier saison 5<\/li>\n\n\n\n<li>Charmed : Dossier saison 4<\/li>\n\n\n\n<li>Dark Angel : Saison 2<\/li>\n\n\n\n<li>Roswell : Sp\u00e9cial saison 3<\/li>\n\n\n\n<li>X-Files : Mort annonc\u00e9e d&rsquo;une s\u00e9rie culte<\/li>\n\n\n\n<li>Dawson : Photos et \u00e9pisodes saison 5<\/li>\n\n\n\n<li>Nouveaut\u00e9s s\u00e9ries : Felicity et Jag<\/li>\n\n\n\n<li>Kelly Joyce : Interview<\/li>\n\n\n\n<li>Quizz Kylie Minogue<\/li>\n\n\n\n<li>Avalon<\/li>\n<\/ul>\n\n\n\n<div style=\"height:34px\" aria-hidden=\"true\" class=\"wp-block-spacer\"><\/div>\n\n\n<div class=\"wp-block-image\">\n<figure class=\"alignleft size-full\"><img loading=\"lazy\" decoding=\"async\" width=\"160\" height=\"226\" src=\"https:\/\/nostalgie2000s.com\/wp-content\/uploads\/2025\/02\/Arkanium-06-01-Couverture.jpg\" alt=\"\" class=\"wp-image-13646\"\/><\/figure>\n<\/div>\n\n\n<p><strong>Arkanium n\u00b06 &#8211; Mai \/ Juin 2002<\/strong><\/p>\n\n\n\n<ul class=\"wp-block-list\">\n<li>Angel Investigations<\/li>\n\n\n\n<li>Dossier Buffy et Spike + News saison 6<\/li>\n\n\n\n<li>Charmed Saison 4 : Vive la mari\u00e9e !<\/li>\n\n\n\n<li>Roswell : La mort de Max<\/li>\n\n\n\n<li>Dawson \u00e0 Boston : La visite guid\u00e9e<\/li>\n\n\n\n<li>Dark Angel : Solidarit\u00e9 transg\u00e9nique<\/li>\n\n\n\n<li>X-Files : Les derni\u00e8res news<\/li>\n\n\n\n<li>Nouveaut\u00e9 S\u00e9rie : Six Feet under<\/li>\n\n\n\n<li>Titiyo<\/li>\n\n\n\n<li>Pink<\/li>\n\n\n\n<li>Dossier La reine des damn\u00e9s<\/li>\n\n\n\n<li>Dossier Spider-Man<\/li>\n\n\n\n<li>Dossier Star Wars Episode II<\/li>\n\n\n\n<li>Quizz Robbie Williams<\/li>\n<\/ul>\n\n\n\n<div style=\"height:34px\" aria-hidden=\"true\" class=\"wp-block-spacer\"><\/div>\n\n\n<div class=\"wp-block-image\">\n<figure class=\"alignleft size-full\"><img loading=\"lazy\" decoding=\"async\" width=\"160\" height=\"225\" src=\"https:\/\/nostalgie2000s.com\/wp-content\/uploads\/2025\/02\/Arkanium-07-01-Couverture.jpg\" alt=\"\" class=\"wp-image-13649\"\/><\/figure>\n<\/div>\n\n\n<p><strong>Arkanium n\u00b07 &#8211; Juillet \/ Ao\u00fbt 2002<\/strong><\/p>\n\n\n\n<ul class=\"wp-block-list\">\n<li>Angel Investigations : L&rsquo;incroyable final de la saison 3<\/li>\n\n\n\n<li>Buffy : les d\u00e9nouements de la saison 6<\/li>\n\n\n\n<li>Roswell : R\u00e9sum\u00e9s saison 3 + Les coulisses du dernier \u00e9pisode<\/li>\n\n\n\n<li>Charmed : Le dernier \u00e9pisode de la saison 4 + Les d\u00e9mons de la saison 4<\/li>\n\n\n\n<li>Dark Angel : Saison 2<\/li>\n\n\n\n<li>L&rsquo;univers musical de Dawson + Interview <\/li>\n\n\n\n<li>X-Files : Les derni\u00e8res news<\/li>\n\n\n\n<li>Majandra Delfino<\/li>\n\n\n\n<li>D\u00e9couverte : Interview Elfy<\/li>\n\n\n\n<li>Dossier Scooby Doo<\/li>\n<\/ul>\n\n\n\n<div style=\"height:34px\" aria-hidden=\"true\" class=\"wp-block-spacer\"><\/div>\n\n\n<div class=\"wp-block-image\">\n<figure class=\"alignleft size-full\"><img loading=\"lazy\" decoding=\"async\" width=\"160\" height=\"225\" src=\"https:\/\/nostalgie2000s.com\/wp-content\/uploads\/2025\/02\/Arkanium-08-01-Couverture.jpg\" alt=\"\" class=\"wp-image-13650\"\/><\/figure>\n<\/div>\n\n\n<p><strong>Arkanium n\u00b08 &#8211; Septembre \/ Octobre 2002<\/strong><\/p>\n\n\n\n<ul class=\"wp-block-list\">\n<li>Interviews : David Boreanaz &amp; Charisma Carpenter<\/li>\n\n\n\n<li>Buffy : News et rumeurs saison 7<\/li>\n\n\n\n<li>Interview : Alyson Hannigan<\/li>\n\n\n\n<li>Interview : Amber Benson<\/li>\n\n\n\n<li>Charmed : Les d\u00e9mons de la saison 4<\/li>\n\n\n\n<li>Majandra Delfino : Ave Maria<\/li>\n\n\n\n<li>L&rsquo;univers musical de Roswell<\/li>\n\n\n\n<li>L&rsquo;interview Kane<\/li>\n\n\n\n<li>James Marsters &amp; Ghost of the Robot<\/li>\n\n\n\n<li>Entretien avec Shakira<\/li>\n\n\n\n<li>D\u00e9couverte : Sophie Ellis-Bextor<\/li>\n\n\n\n<li>Dossier Road to Perdition<\/li>\n\n\n\n<li>Dossier Minority Report<\/li>\n<\/ul>\n\n\n\n<div style=\"height:34px\" aria-hidden=\"true\" class=\"wp-block-spacer\"><\/div>\n\n\n<div class=\"wp-block-image\">\n<figure class=\"alignleft size-full\"><img loading=\"lazy\" decoding=\"async\" width=\"160\" height=\"224\" src=\"https:\/\/nostalgie2000s.com\/wp-content\/uploads\/2025\/02\/Arkanium-09-01-Couverture.jpg\" alt=\"\" class=\"wp-image-13647\"\/><\/figure>\n<\/div>\n\n\n<p><strong>Arkanium n\u00b09 &#8211; Novembre \/ D\u00e9cembre 2002<\/strong><\/p>\n\n\n\n<ul class=\"wp-block-list\">\n<li>Angel investigations : saison 4<\/li>\n\n\n\n<li>Buffy : Dossier saison 7<\/li>\n\n\n\n<li>Charmed : Saison 5 &amp; livre des ombres<\/li>\n\n\n\n<li>Dossier Alias<\/li>\n\n\n\n<li>Nouveaut\u00e9 s\u00e9rie : Birds of Prey<\/li>\n\n\n\n<li>S\u00e9rie culte : FreakyLinks<\/li>\n\n\n\n<li>Dossier Gilmore Girls<\/li>\n\n\n\n<li>News Dawson<\/li>\n\n\n\n<li>Interview Greg Germann<\/li>\n\n\n\n<li>X-Files<\/li>\n\n\n\n<li>Roswell : Isabel et Alex<\/li>\n\n\n\n<li>Interview de RoBERT<\/li>\n\n\n\n<li>Interview Holly Valence<\/li>\n\n\n\n<li>Majandra Delfino, le concert<\/li>\n\n\n\n<li>Dossier Harry Potter<\/li>\n<\/ul>\n\n\n\n<div style=\"height:34px\" aria-hidden=\"true\" class=\"wp-block-spacer\"><\/div>\n\n\n\n<h2 class=\"wp-block-heading has-text-align-center\"><strong><em>2003<\/em><\/strong><\/h2>\n\n\n\n<div style=\"height:12px\" aria-hidden=\"true\" class=\"wp-block-spacer\"><\/div>\n\n\n<div class=\"wp-block-image\">\n<figure class=\"alignleft size-full\"><img loading=\"lazy\" decoding=\"async\" width=\"160\" height=\"225\" src=\"https:\/\/nostalgie2000s.com\/wp-content\/uploads\/2025\/02\/Arkanium-10-01-Couverture.jpg\" alt=\"\" class=\"wp-image-13651\"\/><\/figure>\n<\/div>\n\n\n<p><strong>Arkanium n\u00b010 &#8211; Janvier \/ F\u00e9vrier 2003<\/strong><\/p>\n\n\n\n<ul class=\"wp-block-list\">\n<li>Angel investigations : saison 4<\/li>\n\n\n\n<li>Buffy : Dossier saison 7<\/li>\n\n\n\n<li>Charmed : Saison 5<\/li>\n\n\n\n<li>Dossier Alias<\/li>\n\n\n\n<li>S\u00e9rie Culte : Freakylinks<\/li>\n\n\n\n<li>Dossier Firefly<\/li>\n\n\n\n<li>Roswell : Shiri Appleby<\/li>\n\n\n\n<li>Dawson : James Van Der Beek<\/li>\n\n\n\n<li>Majandra Delfino<\/li>\n\n\n\n<li>The Calling<\/li>\n\n\n\n<li>Leslie<\/li>\n\n\n\n<li>Quiz Rose McGowan<\/li>\n\n\n\n<li>Dossier Les deux tours<\/li>\n<\/ul>\n\n\n\n<div style=\"height:39px\" aria-hidden=\"true\" class=\"wp-block-spacer\"><\/div>\n\n\n<div class=\"wp-block-image\">\n<figure class=\"alignleft size-full\"><img loading=\"lazy\" decoding=\"async\" width=\"160\" height=\"225\" src=\"https:\/\/nostalgie2000s.com\/wp-content\/uploads\/2025\/03\/Arkanium-11-01-Couverture.jpg\" alt=\"\" class=\"wp-image-14129\"\/><\/figure>\n<\/div>\n\n\n<p><strong>Arkanium n\u00b011 &#8211; Mai \/ Juin 2003<\/strong><\/p>\n\n\n\n<ul class=\"wp-block-list\">\n<li>Angel investigations : saison 4<\/li>\n\n\n\n<li>Buffy : dossier saison 7<\/li>\n\n\n\n<li>Charmed : saison 5<\/li>\n\n\n\n<li>Dossier Alias<\/li>\n\n\n\n<li>Dossier Smallville<\/li>\n\n\n\n<li>Dawson : Derni\u00e8res news et interview de Katie Holmes<\/li>\n\n\n\n<li>Friends : saisons 8 et 9<\/li>\n\n\n\n<li>Interview t.A.T.u<\/li>\n\n\n\n<li>Interview Ysa Ferrer<\/li>\n\n\n\n<li>Dossier Chicago<\/li>\n<\/ul>\n\n\n\n<div style=\"height:34px\" aria-hidden=\"true\" class=\"wp-block-spacer\"><\/div>\n\n\n<div class=\"wp-block-image\">\n<figure class=\"alignleft size-full\"><img loading=\"lazy\" decoding=\"async\" width=\"160\" height=\"225\" src=\"https:\/\/nostalgie2000s.com\/wp-content\/uploads\/2025\/02\/Arkanium-12-01-Couverture.jpg\" alt=\"\" class=\"wp-image-13652\"\/><\/figure>\n<\/div>\n\n\n<p><strong>Arkanium n\u00b012 &#8211; Juillet \/ Ao\u00fbt 2003<\/strong><\/p>\n\n\n\n<ul class=\"wp-block-list\">\n<li>Angel Investigations : saison 4<\/li>\n\n\n\n<li>Buffy : Dossier saison 7<\/li>\n\n\n\n<li>Charmed : Saison 5<\/li>\n\n\n\n<li>Dossier Smallville<\/li>\n\n\n\n<li>Dawson : derni\u00e8res news<\/li>\n\n\n\n<li>Brendan Fehr <\/li>\n\n\n\n<li>Les nouvelles s\u00e9ries<\/li>\n\n\n\n<li>News Majandra<\/li>\n\n\n\n<li>News RoBERT<\/li>\n<\/ul>\n\n\n\n<div style=\"height:34px\" aria-hidden=\"true\" class=\"wp-block-spacer\"><\/div>\n\n\n<div class=\"wp-block-image\">\n<figure class=\"alignleft size-full\"><img loading=\"lazy\" decoding=\"async\" width=\"160\" height=\"225\" src=\"https:\/\/nostalgie2000s.com\/wp-content\/uploads\/2025\/02\/Arkanium-13-01-Couverture.jpg\" alt=\"\" class=\"wp-image-13653\"\/><\/figure>\n<\/div>\n\n\n<p><strong>Arkanium n\u00b013 &#8211; Octobre \/ Novembre 2003<\/strong><\/p>\n\n\n\n<ul class=\"wp-block-list\">\n<li>Angel Investigations : saison 5<\/li>\n\n\n\n<li>Angel : Interview Andy Hallet<\/li>\n\n\n\n<li>Charmed : Saison 5<\/li>\n\n\n\n<li>Dossier Smallville<\/li>\n\n\n\n<li>Nouvelle s\u00e9rie : Tru Calling<\/li>\n\n\n\n<li>24h : Interview Kiefer Sutherland<\/li>\n\n\n\n<li>John Doe : Interview Dominic Purcell<\/li>\n\n\n\n<li>News Majandra &amp; RoBERT<\/li>\n\n\n\n<li>Gabriel Evan : Interview exclusive<\/li>\n\n\n\n<li>Underworld<\/li>\n\n\n\n<li>La ligue des gentleman extraordinaires<\/li>\n<\/ul>\n\n\n\n<div style=\"height:37px\" aria-hidden=\"true\" class=\"wp-block-spacer\"><\/div>\n\n\n\n<pre class=\"wp-block-preformatted\"><input type=\"button\" value=\"Retour\" class=\"alg_back_button_input \" style=\"\" onclick=\"window.history.back()\" \/><\/pre>\n\n\n\n<p><\/p>\n","protected":false},"excerpt":{"rendered":"<p>En ao\u00fbt 2001, un magazine hors du commun fait son apparition dans les kiosques : Arkanium. Bimensuel audacieux, il ne se contente pas d\u2019informer, il transporte. Se pr\u00e9sentant comme la [&hellip;]<\/p>\n","protected":false},"author":1,"featured_media":0,"parent":0,"menu_order":0,"comment_status":"open","ping_status":"closed","template":"","meta":{"_kadence_starter_templates_imported_post":false,"iawp_total_views":121,"footnotes":""},"class_list":["post-12473","page","type-page","status-publish","hentry"],"_links":{"self":[{"href":"https:\/\/nostalgie2000s.com\/index.php\/wp-json\/wp\/v2\/pages\/12473","targetHints":{"allow":["GET"]}}],"collection":[{"href":"https:\/\/nostalgie2000s.com\/index.php\/wp-json\/wp\/v2\/pages"}],"about":[{"href":"https:\/\/nostalgie2000s.com\/index.php\/wp-json\/wp\/v2\/types\/page"}],"author":[{"embeddable":true,"href":"https:\/\/nostalgie2000s.com\/index.php\/wp-json\/wp\/v2\/users\/1"}],"replies":[{"embeddable":true,"href":"https:\/\/nostalgie2000s.com\/index.php\/wp-json\/wp\/v2\/comments?post=12473"}],"version-history":[{"count":11,"href":"https:\/\/nostalgie2000s.com\/index.php\/wp-json\/wp\/v2\/pages\/12473\/revisions"}],"predecessor-version":[{"id":14130,"href":"https:\/\/nostalgie2000s.com\/index.php\/wp-json\/wp\/v2\/pages\/12473\/revisions\/14130"}],"wp:attachment":[{"href":"https:\/\/nostalgie2000s.com\/index.php\/wp-json\/wp\/v2\/media?parent=12473"}],"curies":[{"name":"wp","href":"https:\/\/api.w.org\/{rel}","templated":true}]}}