{"id":12034,"date":"2024-11-24T20:51:49","date_gmt":"2024-11-24T19:51:49","guid":{"rendered":"https:\/\/nostalgie2000s.com\/?page_id=12034"},"modified":"2025-08-24T17:44:19","modified_gmt":"2025-08-24T15:44:19","slug":"star-fifteen","status":"publish","type":"page","link":"https:\/\/nostalgie2000s.com\/index.php\/star-fifteen\/","title":{"rendered":"Star Fifteen"},"content":{"rendered":"\n<figure class=\"wp-block-image size-full is-resized\"><img loading=\"lazy\" decoding=\"async\" width=\"764\" height=\"189\" src=\"https:\/\/nostalgie2000s.com\/wp-content\/uploads\/2024\/11\/starfifteen-banniere.png\" alt=\"\" class=\"wp-image-12049\" style=\"width:840px;height:auto\" srcset=\"https:\/\/nostalgie2000s.com\/wp-content\/uploads\/2024\/11\/starfifteen-banniere.png 764w, https:\/\/nostalgie2000s.com\/wp-content\/uploads\/2024\/11\/starfifteen-banniere-300x74.png 300w\" sizes=\"auto, (max-width: 764px) 100vw, 764px\" \/><\/figure>\n\n\n\n<div style=\"height:29px\" aria-hidden=\"true\" class=\"wp-block-spacer\"><\/div>\n\n\n\n<p>Bienvenue sur la page d\u00e9di\u00e9e au magazine <em>Star Fifteen<\/em> ! Lanc\u00e9 en 2003, <em>Star Fifteen<\/em> s&rsquo;est rapidement impos\u00e9 comme un incontournable pour les fans de musique et d&rsquo;artistes en vogue. Ce magazine unique en son genre consacrait chaque num\u00e9ro \u00e0 un artiste diff\u00e9rent, offrant aux lecteurs une plong\u00e9e captivante dans l&rsquo;univers intime et artistique de leur idole.<\/p>\n\n\n\n<p>Parmi les c\u00e9l\u00e9brit\u00e9s qui ont marqu\u00e9 l&rsquo;histoire de <em>Star Fifteen<\/em>, Lorie et Jenifer occupent une place sp\u00e9ciale. Ces deux ic\u00f4nes de la pop fran\u00e7aise des ann\u00e9es 2000 ont eu la chance de voir plusieurs num\u00e9ros leur \u00eatre enti\u00e8rement d\u00e9di\u00e9s, c\u00e9l\u00e9brant leur carri\u00e8re, leur style et leur influence sur toute une g\u00e9n\u00e9ration.<\/p>\n\n\n\n<p>Chaque mois, l&rsquo;excitation \u00e9tait \u00e0 son comble : on croisait fort les doigts pour que le prochain num\u00e9ro soit consacr\u00e9 \u00e0 notre star pr\u00e9f\u00e9r\u00e9e, esp\u00e9rant d\u00e9couvrir des anecdotes in\u00e9dites, des photos exclusives et des interviews fascinantes.<\/p>\n\n\n\n<p>Pour ceux qui explorent ces archives, vous trouverez en <strong>noir<\/strong> les magazines d\u00e9j\u00e0 en possession de la collection, et en <strong><span style=\"color: red;\">rouge<\/span><\/strong> ceux qui me manquent encore.<\/p>\n\n\n\n<div style=\"height:28px\" aria-hidden=\"true\" class=\"wp-block-spacer\"><\/div>\n\n\n<div class=\"wp-block-image\">\n<figure class=\"alignleft size-full\"><img loading=\"lazy\" decoding=\"async\" width=\"160\" height=\"224\" src=\"https:\/\/nostalgie2000s.com\/wp-content\/uploads\/2025\/05\/Star-Fifteen-1.jpg\" alt=\"\" class=\"wp-image-14575\"\/><\/figure>\n<\/div>\n\n\n<p><strong>Star Fifteen n\u00b01 &#8211; Sp\u00e9cial Jenifer (F\u00e9vrier 2003)<\/strong><\/p>\n\n\n\n<ul class=\"wp-block-list\">\n<li><em>Sp\u00e9cial Jenifer :<\/em> Jeni 100% Live, L&rsquo;interview v\u00e9rit\u00e9, Sa vie en photos, Les ann\u00e9es bout de chou, Star Academy, La tourn\u00e9e Star Ac, Vive les vacances !, Jeni de A \u00e0 Z, Jeni \u00e0 plein tubes, Le m\u00e9gaquiz de Jeni, Jeni vue par, JP &amp; Jeni &#8211; Les retrouvailles, Adopte le Jeni look, Les paroles des tubes de Jeni, Le make-up selon Jeni, Les plus belles rencontres de Jeni<\/li>\n\n\n\n<li><em>Interviews : <\/em>Calogero, Ginie Line, Christina Aguilera, Sally bat des ailes, David Charvet, Kyo<\/li>\n<\/ul>\n\n\n\n<div style=\"height:30px\" aria-hidden=\"true\" class=\"wp-block-spacer\"><\/div>\n\n\n<div class=\"wp-block-image\">\n<figure class=\"alignleft size-full\"><img loading=\"lazy\" decoding=\"async\" width=\"160\" height=\"224\" src=\"https:\/\/nostalgie2000s.com\/wp-content\/uploads\/2024\/11\/Star-Fifteen-02-01-Couverture.jpg\" alt=\"\" class=\"wp-image-12035\"\/><\/figure>\n<\/div>\n\n\n<p><strong>Star Fifteen n\u00b02 &#8211; Sp\u00e9cial Lorie (Juillet 2003) <span style=\"color: red;\">(Sans posters)<\/span><\/strong><\/p>\n\n\n\n<ul class=\"wp-block-list\">\n<li><em>Sp\u00e9cial Lorie :<\/em> Son s\u00e9jour \u00e0 Tahiti, L&rsquo;interview v\u00e9rit\u00e9, Lorie vue par&#8230;, Lorie de A \u00e0 Z, En coulisses avec Lorie, Lorie 100% Live : les plus belles photos de son concert, Lorie 100% extreme : ses d\u00e9fis les plus fous, Lorie 100% tubes : sa discoth\u00e8que id\u00e9ale, Le dico love de Lorie, les 1001 projets de Lorie, Lorie 100% fun : ses meilleurs d\u00e9lires, Lorie 100% clips : toute sa carri\u00e8re en 6 clips, Reportage : le tournage de son dernier clip \u00e0 Cuba, Tout sur le fan club officiel, Collector : les paroles de ses tubes<\/li>\n\n\n\n<li><em>Les interviews des stars :<\/em> Chim\u00e8ne Badi, Nolwenn Leroy, Julie Zenatti, L\u00e2\u00e2m, Patrick Fiori, 4You<\/li>\n\n\n\n<li><em>Secrets de beaut\u00e9 :<\/em> Looke-toi comme Lorie, le shopping de Lorie : ses accessoires f\u00e9tiches, La le\u00e7on de make-up de Lorie<\/li>\n<\/ul>\n\n\n\n<div style=\"height:34px\" aria-hidden=\"true\" class=\"wp-block-spacer\"><\/div>\n\n\n<div class=\"wp-block-image\">\n<figure class=\"alignleft size-full\"><img loading=\"lazy\" decoding=\"async\" width=\"160\" height=\"225\" src=\"https:\/\/nostalgie2000s.com\/wp-content\/uploads\/2024\/11\/Star-Fifteen-03-01-Couverture.jpg\" alt=\"\" class=\"wp-image-12036\"\/><\/figure>\n<\/div>\n\n\n<p><strong>Star Fifteen n\u00b03 &#8211; Sp\u00e9cial Jonatan Cerrada (Octobre 2003) <span style=\"color: red;\">(Incomplet)<\/span><\/strong><\/p>\n\n\n\n<ul class=\"wp-block-list\">\n<li><em>Sp\u00e9cial Jonatan :<\/em> 24 heures avec Jonatan, L&rsquo;interview v\u00e9rit\u00e9, J&rsquo;aime&#8230; j&rsquo;aime pas, les 50 secrets de Jonatan, Jonatan de A \u00e0 Z, Jonatan : ma story en photos, Jonatan et Cindie : nos retrouvailles, Jonatan vu par&#8230;, Jonatan 100% tubes, Jonatan 100% look, Jonatan 100% web, Jonatan : bienvenue \u00e0 Paris, Les paroles de ses tubes<\/li>\n\n\n\n<li><em>Les interviews des stars :<\/em> Atomic Kitten, Priscilla, L5, C\u00e9cilia Cara, Saya, Emma Daumas<\/li>\n\n\n\n<li><em>Jeux :<\/em> Le vrai ou faux de Jonatan, Le big quiz de Jonatan, Test : Jonatan pourrait-il craquer pour toi ?, Le multijeux sp\u00e9cial Jonatan<\/li>\n<\/ul>\n\n\n\n<div style=\"height:34px\" aria-hidden=\"true\" class=\"wp-block-spacer\"><\/div>\n\n\n<div class=\"wp-block-image\">\n<figure class=\"alignleft size-full\"><img loading=\"lazy\" decoding=\"async\" width=\"160\" height=\"223\" src=\"https:\/\/nostalgie2000s.com\/wp-content\/uploads\/2024\/11\/Star-Fifteen-04-01-Couverture.jpg\" alt=\"\" class=\"wp-image-12037\"\/><\/figure>\n<\/div>\n\n\n<p><strong>Star Fifteen n\u00b04 &#8211; Sp\u00e9cial Jenifer (Avril 2004) <span style=\"color: red;\">(Sans posters)<\/span><\/strong><\/p>\n\n\n\n<ul class=\"wp-block-list\">\n<li><em>Les rubriques 100% Jeni :<\/em> L&rsquo;interview v\u00e9rit\u00e9, l&rsquo;agenda 2004 de Jenifer, Jenifer passe le grand test !, Le courrier des lecteurs, L&rsquo;interview crayon, Le courrier des stars, Ses conseils look, Comme Jeni &#8211; quelle amoureuse es-tu ?, Jeni vue par ses fans, Ses conseils beaut\u00e9, Jeni fait son cin\u00e9ma, Tourn\u00e9e 2004 &#8211; Les premi\u00e8res infos<\/li>\n\n\n\n<li><em>Les reportages :<\/em> Jenifer \u00e0 Bruges, Le journal d&rsquo;une fan, Dans les coulisses de \u00ab\u00a0Les fans et les chansons d&rsquo;abord\u00a0\u00bb, Jeni 100% Live<\/li>\n\n\n\n<li><em>Les invit\u00e9s coups de coeur :<\/em> Calogero, J\u00e9r\u00e9my Chatelain, Ginie Line, Joss Sone<\/li>\n\n\n\n<li><em>Jeux :<\/em> Jeni 100% jeux, Le Jeni quiz<\/li>\n<\/ul>\n\n\n\n<div style=\"height:34px\" aria-hidden=\"true\" class=\"wp-block-spacer\"><\/div>\n\n\n<div class=\"wp-block-image\">\n<figure class=\"alignleft size-full\"><img loading=\"lazy\" decoding=\"async\" width=\"160\" height=\"224\" src=\"https:\/\/nostalgie2000s.com\/wp-content\/uploads\/2024\/11\/Star-Fifteen-05-01-Couverture.jpg\" alt=\"\" class=\"wp-image-12038\"\/><\/figure>\n<\/div>\n\n\n<p><strong>Star Fifteen n\u00b05 &#8211; Sp\u00e9cial Billy Crawford (Septembre 2004) <span style=\"color: red;\">(Sans posters)<\/span><\/strong><\/p>\n\n\n\n<ul class=\"wp-block-list\">\n<li><em>Les rubriques 100% Billy :<\/em> L&rsquo;interview crayon, Billy de A \u00e0 Z, L&rsquo;interview v\u00e9rit\u00e9, Les 50 secrets de Billy, Sa story en photos, Billy 100% love, La chor\u00e9 de Bright Lights, Billy fait son cin\u00e9ma, Billy 100% look, Les paroles de ses tubes, Son nouvel album titre \u00e0 titre<\/li>\n\n\n\n<li><em>Les reportages :<\/em> Billy sous le soleil de Miami, Billy s&rsquo;\u00e9clate \u00e0 New York, Billy rencontre ses fans<\/li>\n\n\n\n<li><em>Les invit\u00e9s coups de coeur :<\/em> Billy &#8211; ses tubes pr\u00e9f\u00e9r\u00e9s, Usher, Elodie Fr\u00e9g\u00e9, Blue, Beyonc\u00e9 Knowles, Fatman Scoop, Liberty X, Billy parle des filles de la Star Ac 4<\/li>\n\n\n\n<li><em>Jeux :<\/em> Le multijeux Billy, Rencontre Billy !, Baby Stars, Idoles, Le Billy Quiz, Es-tu une super fan de Billy ?<\/li>\n<\/ul>\n\n\n\n<div style=\"height:34px\" aria-hidden=\"true\" class=\"wp-block-spacer\"><\/div>\n\n\n<div class=\"wp-block-image\">\n<figure class=\"alignleft size-full\"><img loading=\"lazy\" decoding=\"async\" width=\"160\" height=\"225\" src=\"https:\/\/nostalgie2000s.com\/wp-content\/uploads\/2024\/11\/Star-Fifteen-06-01-Couverture.jpg\" alt=\"\" class=\"wp-image-12039\"\/><\/figure>\n<\/div>\n\n\n<p><strong>Star Fifteen n\u00b06 &#8211; Sp\u00e9cial Jenifer (D\u00e9cembre 2004)<\/strong><\/p>\n\n\n\n<ul class=\"wp-block-list\">\n<li><em>Tout sur la tourn\u00e9e :<\/em> Les chansons rock du concert, les ballades, les premiers tubes, les reprises, la tourn\u00e9e en coulisse, le micro-trottoir des fans, la tourn\u00e9e de Jenifer de A \u00e0 Z, Le Jeni Tour 2005 &#8211; Calendrier des dates<\/li>\n\n\n\n<li><em>Les rubriques 100% Jeni :<\/em>  Tout sur les looks de sc\u00e8ne de Jeni, L&rsquo;interview v\u00e9rit\u00e9, Jeni &#8211; son agenda 2005, Ma r\u00e9volution &#8211; Le making of du clip, Les secrets du maquillage de sc\u00e8ne, Jeni rencontre ses fans, Jeni r\u00e9pond \u00e0 votre courrier !, Les secrets de coiffure de Jeni, Retour \u00e0 la Star Academy, Le best of t\u00e9l\u00e9 2004 de Jeni<\/li>\n\n\n\n<li><em>Les invit\u00e9s coups de coeur :<\/em> Destiny&rsquo;s Child, Kyo, Diam&rsquo;s, Maroon 5, L\u00e2\u00e2m<\/li>\n<\/ul>\n\n\n\n<div style=\"height:34px\" aria-hidden=\"true\" class=\"wp-block-spacer\"><\/div>\n\n\n<div class=\"wp-block-image\">\n<figure class=\"alignleft size-full\"><img loading=\"lazy\" decoding=\"async\" width=\"160\" height=\"225\" src=\"https:\/\/nostalgie2000s.com\/wp-content\/uploads\/2025\/08\/Star-Fifteen-07-01-Couverture.jpg\" alt=\"\" class=\"wp-image-15208\"\/><\/figure>\n<\/div>\n\n\n<p><strong><span style=\"color: red;\">Star Fifteen n\u00b07 &#8211; Sp\u00e9cial Gr\u00e9gory Lemarchal<\/span><\/strong><\/p>\n\n\n\n<ul class=\"wp-block-list\">\n<li>Les rubriques 100% Greg : Greg t&rsquo;invite en vacances, L&rsquo;interview crayon, Les 50 secrets de Greg, Le film de sa vie, L&rsquo;interview v\u00e9rit\u00e9, Greg r\u00e9pond au courrier de ses fans, Greg passe le grand test, Greg rencontre ses fans, Le micro-trottoir des fans, J&rsquo;aime ! J&rsquo;aime pas !, Greg de A \u00e0 Z, Gr\u00e9gory 100% tubes<\/li>\n\n\n\n<li>Les invit\u00e9s coup de coeur : Jenifer, Amel Bent, Lara Fabian<\/li>\n\n\n\n<li>Les jeux : Greg 100% jeux, Saurais-tu s\u00e9duire Greg ?, Le quiz sp\u00e9cial Gr\u00e9gory<\/li>\n<\/ul>\n\n\n\n<div style=\"height:34px\" aria-hidden=\"true\" class=\"wp-block-spacer\"><\/div>\n\n\n<div class=\"wp-block-image\">\n<figure class=\"alignleft size-full\"><img loading=\"lazy\" decoding=\"async\" width=\"160\" height=\"224\" src=\"https:\/\/nostalgie2000s.com\/wp-content\/uploads\/2025\/05\/Star-Fifteen-8.jpg\" alt=\"\" class=\"wp-image-14577\"\/><\/figure>\n<\/div>\n\n\n<p><strong>Star Fifteen n\u00b08 &#8211; Sp\u00e9cial Jenifer (D\u00e9cembre 2005)<\/strong><\/p>\n\n\n\n<ul class=\"wp-block-list\">\n<li>Les rubriques 100% Jeni : Jenifer en concert priv\u00e9 !, Jeni r\u00e9pond au courrier des fans, Le total look de Jenifer, L&rsquo;interview 100% perso \u00ab\u00a0Mes petits secrets\u00a0\u00bb, L&rsquo;interview \u00ab\u00a02005 en dates\u00a0\u00bb, Dans les coulisses de la tourn\u00e9e !, Le best of looks de Jenifer, Son best of t\u00e9l\u00e9 2005, Le dico love de Jenifer, Jenifer au grand coeur<\/li>\n\n\n\n<li>Les nouvelles rubriques : L&rsquo;interview \u00ab\u00a0J&rsquo;en ai assez &#8211; V\u00e9rit\u00e9 ou rumeur ?, Jeni 100% records, Jeni vue par&#8230;<\/li>\n\n\n\n<li>Les jeux : Jeni 100% jeux<\/li>\n<\/ul>\n\n\n\n<div style=\"height:34px\" aria-hidden=\"true\" class=\"wp-block-spacer\"><\/div>\n\n\n<div class=\"wp-block-image\">\n<figure class=\"alignleft size-full\"><img loading=\"lazy\" decoding=\"async\" width=\"160\" height=\"227\" src=\"https:\/\/nostalgie2000s.com\/wp-content\/uploads\/2025\/05\/Star-Fifteen-09-01-Couverture.jpg\" alt=\"\" class=\"wp-image-14570\"\/><\/figure>\n<\/div>\n\n\n<p><strong>Star Fifteen n\u00b09 &#8211; Sp\u00e9cial Lorie (D\u00e9cembre 2005)<\/strong><\/p>\n\n\n\n<ul class=\"wp-block-list\">\n<li>Les rubriques 100% Lorie : Lorie \u00e0 New York, L&rsquo;interview crayons, Lorie passe le grand test, L&rsquo;interview v\u00e9rit\u00e9 \u00ab\u00a0Rester la m\u00eame\u00a0\u00bb, le best of des looks de Lorie, Ses conseils de fille, Le micro-trottoir des fans, J&rsquo;aime ! J&rsquo;aime pas !, Lorie fait son cin\u00e9ma, Les scoops de sa tourn\u00e9e 2006<\/li>\n\n\n\n<li>Les nouvelles rubriques : L&rsquo;interview v\u00e9rit\u00e9 ou rumeurs ?, Lorie 100% records, Lorie vue par&#8230;<\/li>\n\n\n\n<li>Les coups de coeur de Lorie : Chim\u00e8ne Badi, L\u00e2\u00e2m, Gage<\/li>\n\n\n\n<li>Les jeux : Lorie 100% jeux, Test &#8211; As-tu les m\u00eames passions que Lorie, Encore + de jeux<\/li>\n<\/ul>\n\n\n\n<div style=\"height:34px\" aria-hidden=\"true\" class=\"wp-block-spacer\"><\/div>\n\n\n<div class=\"wp-block-image\">\n<figure class=\"alignleft size-full\"><img loading=\"lazy\" decoding=\"async\" width=\"160\" height=\"226\" src=\"https:\/\/nostalgie2000s.com\/wp-content\/uploads\/2025\/02\/Star-Fifteen-10-01-Couverture.jpg\" alt=\"\" class=\"wp-image-13683\"\/><\/figure>\n<\/div>\n\n\n<p><strong>Star Fifteen n\u00b010 &#8211; Sp\u00e9cial Lorie (Juillet 2006)<\/strong><\/p>\n\n\n\n<ul class=\"wp-block-list\">\n<li>Les rubriques 100% Lorie : Lorie raconte ses plus belles vacances, Pars en vacances avec Lorie, Son total look de l&rsquo;\u00e9t\u00e9, Ses confidences 100% vacances, Sa valise d&rsquo;\u00e9t\u00e9, Son best of t\u00e9l\u00e9 2006, Ses conseils forme, Ses bons plans beaut\u00e9, Ses activit\u00e9s fun de l&rsquo;\u00e9t\u00e9, Lorie 100% extr\u00eame, Action ou v\u00e9rit\u00e9 sp\u00e9cial Lorie, 100% gags &#8211; les clich\u00e9s d\u00e9lire !<\/li>\n\n\n\n<li>Les nouvelles rubriques : L&rsquo;interview v\u00e9rit\u00e9 ou rumeur ?, C&rsquo;est elle qui l&rsquo;a dit, L&rsquo;agenda 2006 de Lorie<\/li>\n\n\n\n<li>Les jeux : Lorie 100% jeux, Quiz &#8211; Es-tu 100% fan de Lorie ?, Encore + de jeux !<\/li>\n<\/ul>\n\n\n\n<div style=\"height:29px\" aria-hidden=\"true\" class=\"wp-block-spacer\"><\/div>\n\n\n\n<pre class=\"wp-block-preformatted\"><input type=\"button\" value=\"Retour\" class=\"alg_back_button_input \" style=\"\" onclick=\"window.history.back()\" \/><\/pre>\n","protected":false},"excerpt":{"rendered":"<p>Bienvenue sur la page d\u00e9di\u00e9e au magazine Star Fifteen ! Lanc\u00e9 en 2003, Star Fifteen s&rsquo;est rapidement impos\u00e9 comme un incontournable pour les fans de musique et d&rsquo;artistes en vogue. [&hellip;]<\/p>\n","protected":false},"author":1,"featured_media":0,"parent":0,"menu_order":0,"comment_status":"closed","ping_status":"closed","template":"","meta":{"_kadence_starter_templates_imported_post":false,"iawp_total_views":76,"footnotes":""},"class_list":["post-12034","page","type-page","status-publish","hentry"],"_links":{"self":[{"href":"https:\/\/nostalgie2000s.com\/index.php\/wp-json\/wp\/v2\/pages\/12034","targetHints":{"allow":["GET"]}}],"collection":[{"href":"https:\/\/nostalgie2000s.com\/index.php\/wp-json\/wp\/v2\/pages"}],"about":[{"href":"https:\/\/nostalgie2000s.com\/index.php\/wp-json\/wp\/v2\/types\/page"}],"author":[{"embeddable":true,"href":"https:\/\/nostalgie2000s.com\/index.php\/wp-json\/wp\/v2\/users\/1"}],"replies":[{"embeddable":true,"href":"https:\/\/nostalgie2000s.com\/index.php\/wp-json\/wp\/v2\/comments?post=12034"}],"version-history":[{"count":21,"href":"https:\/\/nostalgie2000s.com\/index.php\/wp-json\/wp\/v2\/pages\/12034\/revisions"}],"predecessor-version":[{"id":15211,"href":"https:\/\/nostalgie2000s.com\/index.php\/wp-json\/wp\/v2\/pages\/12034\/revisions\/15211"}],"wp:attachment":[{"href":"https:\/\/nostalgie2000s.com\/index.php\/wp-json\/wp\/v2\/media?parent=12034"}],"curies":[{"name":"wp","href":"https:\/\/api.w.org\/{rel}","templated":true}]}}